{"id":491,"date":"2024-04-17T10:50:11","date_gmt":"2024-04-17T13:50:11","guid":{"rendered":"https:\/\/www.acquavici.com.br\/?post_type=product&#038;p=491"},"modified":"2024-06-08T12:25:59","modified_gmt":"2024-06-08T15:25:59","slug":"resistencia-aquecedor-individual-cardal-5200w-220v-re-070","status":"publish","type":"product","link":"https:\/\/www.acquavici.com.br\/en\/resistencia-aquecedor-individual-cardal-5200w-220v-re-070\/","title":{"rendered":"Resist\u00eancia Aquecedor Individual Cardal 5200w\/220v RE 070"},"content":{"rendered":"<p>Resist\u00eancia Re070 P\/ Aquecedores Individuais Cardal 220v 5200w<\/p>\n<p>Marca: Cardal<br \/>\nEnergia de Alimenta\u00e7\u00e3o: 220 Volts<br \/>\nPot\u00eancia nominal: 5200 Watts<br \/>\nFia\u00e7\u00e3o M\u00ednima: 4mm\u00b2<br \/>\nDisjuntor: 35 A<\/p>\n<p>Essa resist\u00eancia serve para:<br \/>\n&#8211; Individuais<\/p>\n<p>ATEN\u00c7\u00c3O<br \/>\nEnviado com nota fiscal<\/p>\n<p>SOMOS ASSIST\u00caNCIA T\u00c9CNICA AUTORIZADA CARDAL<\/p>","protected":false},"excerpt":{"rendered":"<p>Resist\u00eancia Re070 P\/ Aquecedores Individuais Cardal 220v 5200w Marca: Cardal Energia de Alimenta\u00e7\u00e3o: 220 Volts Pot\u00eancia nominal: 5200 Watts Fia\u00e7\u00e3o M\u00ednima: 4mm\u00b2 Disjuntor: 35 A Essa resist\u00eancia serve para: &#8211; Individuais ATEN\u00c7\u00c3O Enviado com nota fiscal SOMOS ASSIST\u00caNCIA T\u00c9CNICA AUTORIZADA CARDAL<\/p>","protected":false},"featured_media":559,"comment_status":"open","ping_status":"closed","template":"","meta":[],"product_brand":[],"product_cat":[17],"product_tag":[],"class_list":{"0":"post-491","1":"product","2":"type-product","3":"status-publish","4":"has-post-thumbnail","6":"product_cat-pecas-em-geral","8":"first","9":"instock","10":"shipping-taxable","11":"purchasable","12":"product-type-simple"},"_links":{"self":[{"href":"https:\/\/www.acquavici.com.br\/en\/wp-json\/wp\/v2\/product\/491","targetHints":{"allow":["GET"]}}],"collection":[{"href":"https:\/\/www.acquavici.com.br\/en\/wp-json\/wp\/v2\/product"}],"about":[{"href":"https:\/\/www.acquavici.com.br\/en\/wp-json\/wp\/v2\/types\/product"}],"replies":[{"embeddable":true,"href":"https:\/\/www.acquavici.com.br\/en\/wp-json\/wp\/v2\/comments?post=491"}],"wp:featuredmedia":[{"embeddable":true,"href":"https:\/\/www.acquavici.com.br\/en\/wp-json\/wp\/v2\/media\/559"}],"wp:attachment":[{"href":"https:\/\/www.acquavici.com.br\/en\/wp-json\/wp\/v2\/media?parent=491"}],"wp:term":[{"taxonomy":"product_brand","embeddable":true,"href":"https:\/\/www.acquavici.com.br\/en\/wp-json\/wp\/v2\/product_brand?post=491"},{"taxonomy":"product_cat","embeddable":true,"href":"https:\/\/www.acquavici.com.br\/en\/wp-json\/wp\/v2\/product_cat?post=491"},{"taxonomy":"product_tag","embeddable":true,"href":"https:\/\/www.acquavici.com.br\/en\/wp-json\/wp\/v2\/product_tag?post=491"}],"curies":[{"name":"wp","href":"https:\/\/api.w.org\/{rel}","templated":true}]}}