{"id":492,"date":"2024-04-17T10:50:11","date_gmt":"2024-04-17T13:50:11","guid":{"rendered":"https:\/\/www.acquavici.com.br\/?post_type=product&#038;p=492"},"modified":"2024-07-11T10:33:58","modified_gmt":"2024-07-11T13:33:58","slug":"refil-filtro-purificador-de-agua-lorenzetti-gioviale-rpc-01","status":"publish","type":"product","link":"https:\/\/www.acquavici.com.br\/en\/refil-filtro-purificador-de-agua-lorenzetti-gioviale-rpc-01\/","title":{"rendered":"REFIL DE PURIFICA\u00c7\u00c3O GIOVIALE RPC-01 LORENZETTI"},"content":{"rendered":"<div class=\"sc-hLBbgP fWYvOg sc-llGDqb cyxaOy\" data-testid=\"product-detail\">\n<div class=\"sc-hLBbgP eodrha sc-gqgnwQ dQhViH\" data-testid=\"product-detail-description\">\n<div class=\"sc-hLBbgP gcxrmT sc-dOrDzm bHDkXD\" data-testid=\"rich-content-container\">\n<p>Refil Filtro Purificador de \u00c1gua Lorenzetti Gioviale RPC-01<\/p>\n<p>O Refil para o Purificador de \u00c1gua Lorenzetti tem um Sistema Exclusivo de Filtragem capaz de deixar a \u00e1gua do seu purificador Pura e Cristalina.<\/p>\n<p>Compatibilidade:<br \/>\nO Refil Lorenzetti RPC-01 \u00e9 compat\u00edvel com os Purificadores da Lorenzetti<br \/>\nUtilizados nos Purificadores Lorenzetti Modelo: Gioviale<\/p>\n<p>Especifica\u00e7\u00f5es T\u00e9cnicas<br \/>\nMarca: Lorenzetti<br \/>\nModelo:RPC-01<br \/>\nSistema de Filtragem da \u00c1gua<br \/>\nO sistema exclusivo de filtragem do Filtro Lorenzetti \u00e9 capaz de eliminar impurezas s\u00f3lidas como barro, ferrugem, fungos e algas, al\u00e9m de eliminar odores e sabores indesej\u00e1veis da \u00e1gua.<br \/>\nVida \u00datil: 12 meses ou 4000 Litros<br \/>\nReten\u00e7\u00e3o de Part\u00edculas: Classe D<br \/>\nRedu\u00e7\u00e3o de Cloro Livre: Aprovado<br \/>\nEfici\u00eancia Bacteriol\u00f3gica: N\u00e3o se Aplica<\/p>\n<p>Refil Troca F\u00e1cil e Econ\u00f4mico<br \/>\nSua instala\u00e7\u00e3o pode ser feita por qualquer pessoa sem complica\u00e7\u00f5es e sem precisar da ajuda de um t\u00e9cnico.<br \/>\nO uso de filtros e purificadores de \u00e1gua pode ser 100x mais barato que usar \u00e1gua engarrafadas. Al\u00e9m de ser pr\u00e1tico e econ\u00f4mico, contribui com o meio ambiente evitando o uso de garrafas pl\u00e1sticas.<\/p>\n<p>Itens Inclusos :<br \/>\n01 Refil Lorenzetti RPC-01;<\/p>\n<p>ATEN\u00c7\u00c3O<br \/>\nEnviado com Nota Fiscal.<\/p>\n<p>SOMOS ASSIST\u00caNCIA T\u00c9CNICA AUTORIZADA LORENZETTI.<\/p>\n<\/div>\n<\/div>\n<\/div>","protected":false},"excerpt":{"rendered":"<p>Refil Filtro Purificador de \u00c1gua Lorenzetti Gioviale RPC-01 O Refil para o Purificador de \u00c1gua Lorenzetti tem um Sistema Exclusivo de Filtragem capaz de deixar a \u00e1gua do seu purificador Pura e Cristalina. Compatibilidade: O Refil Lorenzetti RPC-01 \u00e9 compat\u00edvel com os Purificadores da Lorenzetti Utilizados nos Purificadores Lorenzetti Modelo: Gioviale Especifica\u00e7\u00f5es T\u00e9cnicas Marca: Lorenzetti [&hellip;]<\/p>","protected":false},"featured_media":562,"comment_status":"open","ping_status":"closed","template":"","meta":[],"product_brand":[],"product_cat":[17],"product_tag":[],"class_list":{"0":"post-492","1":"product","2":"type-product","3":"status-publish","4":"has-post-thumbnail","6":"product_cat-pecas-em-geral","8":"first","9":"instock","10":"shipping-taxable","11":"purchasable","12":"product-type-simple"},"_links":{"self":[{"href":"https:\/\/www.acquavici.com.br\/en\/wp-json\/wp\/v2\/product\/492","targetHints":{"allow":["GET"]}}],"collection":[{"href":"https:\/\/www.acquavici.com.br\/en\/wp-json\/wp\/v2\/product"}],"about":[{"href":"https:\/\/www.acquavici.com.br\/en\/wp-json\/wp\/v2\/types\/product"}],"replies":[{"embeddable":true,"href":"https:\/\/www.acquavici.com.br\/en\/wp-json\/wp\/v2\/comments?post=492"}],"wp:featuredmedia":[{"embeddable":true,"href":"https:\/\/www.acquavici.com.br\/en\/wp-json\/wp\/v2\/media\/562"}],"wp:attachment":[{"href":"https:\/\/www.acquavici.com.br\/en\/wp-json\/wp\/v2\/media?parent=492"}],"wp:term":[{"taxonomy":"product_brand","embeddable":true,"href":"https:\/\/www.acquavici.com.br\/en\/wp-json\/wp\/v2\/product_brand?post=492"},{"taxonomy":"product_cat","embeddable":true,"href":"https:\/\/www.acquavici.com.br\/en\/wp-json\/wp\/v2\/product_cat?post=492"},{"taxonomy":"product_tag","embeddable":true,"href":"https:\/\/www.acquavici.com.br\/en\/wp-json\/wp\/v2\/product_tag?post=492"}],"curies":[{"name":"wp","href":"https:\/\/api.w.org\/{rel}","templated":true}]}}