{"id":493,"date":"2024-04-17T10:50:11","date_gmt":"2024-04-17T13:50:11","guid":{"rendered":"https:\/\/www.acquavici.com.br\/?post_type=product&#038;p=493"},"modified":"2024-04-17T10:50:52","modified_gmt":"2024-04-17T13:50:52","slug":"torneira-para-maquina-de-lavar-roupa-lorenzetti-cromado-1131-c42","status":"publish","type":"product","link":"https:\/\/www.acquavici.com.br\/en\/torneira-para-maquina-de-lavar-roupa-lorenzetti-cromado-1131-c42\/","title":{"rendered":"Torneira Para M\u00e1quina De Lavar Roupa Lorenzetti Cromado 1131 C42"},"content":{"rendered":"<p>Torneira para M\u00e1quina de Lavar Roupa da Lorenzetti 1131 C42<\/p>\n<p>A Torneira para M\u00e1quina de Lavar e Tanque 1131 C42 Lorenzetti possui design moderno e compacto, trazendo ao ambiente mais modernidade e sofistica\u00e7\u00e3o.<br \/>\nDevido ao tamanho compacto acaba ocupando menos espa\u00e7o na \u00e1rea de servi\u00e7o, deixando o ambiente mais pr\u00e1tico e harmonioso.<br \/>\nConta com mecanismo de veda\u00e7\u00e3o cer\u00e2mica de 1\/4 de volta, para rapidez no acionamento e fechamento, proporcionando maior economia de \u00e1gua.<\/p>","protected":false},"excerpt":{"rendered":"<p>Torneira para M\u00e1quina de Lavar Roupa da Lorenzetti 1131 C42 A Torneira para M\u00e1quina de Lavar e Tanque 1131 C42 Lorenzetti possui design moderno e compacto, trazendo ao ambiente mais modernidade e sofistica\u00e7\u00e3o. Devido ao tamanho compacto acaba ocupando menos espa\u00e7o na \u00e1rea de servi\u00e7o, deixando o ambiente mais pr\u00e1tico e harmonioso. Conta com mecanismo [&hellip;]<\/p>","protected":false},"featured_media":566,"comment_status":"open","ping_status":"closed","template":"","meta":[],"product_brand":[],"product_cat":[17],"product_tag":[],"class_list":{"0":"post-493","1":"product","2":"type-product","3":"status-publish","4":"has-post-thumbnail","6":"product_cat-pecas-em-geral","8":"first","9":"instock","10":"shipping-taxable","11":"purchasable","12":"product-type-simple"},"_links":{"self":[{"href":"https:\/\/www.acquavici.com.br\/en\/wp-json\/wp\/v2\/product\/493","targetHints":{"allow":["GET"]}}],"collection":[{"href":"https:\/\/www.acquavici.com.br\/en\/wp-json\/wp\/v2\/product"}],"about":[{"href":"https:\/\/www.acquavici.com.br\/en\/wp-json\/wp\/v2\/types\/product"}],"replies":[{"embeddable":true,"href":"https:\/\/www.acquavici.com.br\/en\/wp-json\/wp\/v2\/comments?post=493"}],"wp:featuredmedia":[{"embeddable":true,"href":"https:\/\/www.acquavici.com.br\/en\/wp-json\/wp\/v2\/media\/566"}],"wp:attachment":[{"href":"https:\/\/www.acquavici.com.br\/en\/wp-json\/wp\/v2\/media?parent=493"}],"wp:term":[{"taxonomy":"product_brand","embeddable":true,"href":"https:\/\/www.acquavici.com.br\/en\/wp-json\/wp\/v2\/product_brand?post=493"},{"taxonomy":"product_cat","embeddable":true,"href":"https:\/\/www.acquavici.com.br\/en\/wp-json\/wp\/v2\/product_cat?post=493"},{"taxonomy":"product_tag","embeddable":true,"href":"https:\/\/www.acquavici.com.br\/en\/wp-json\/wp\/v2\/product_tag?post=493"}],"curies":[{"name":"wp","href":"https:\/\/api.w.org\/{rel}","templated":true}]}}