{"id":494,"date":"2024-04-17T10:50:11","date_gmt":"2024-04-17T13:50:11","guid":{"rendered":"https:\/\/www.acquavici.com.br\/?post_type=product&#038;p=494"},"modified":"2024-04-17T10:50:54","modified_gmt":"2024-04-17T13:50:54","slug":"torneira-forjada-esfera-maquina-de-lavar-1-2-x-3-4-1-4-volta-alavanca","status":"publish","type":"product","link":"https:\/\/www.acquavici.com.br\/en\/torneira-forjada-esfera-maquina-de-lavar-1-2-x-3-4-1-4-volta-alavanca\/","title":{"rendered":"Torneira Forjada Esfera M\u00e1quina de Lavar 1\/2 X 3\/4- 1\/4 Volta Alavanca"},"content":{"rendered":"<p>A Torneira Forjada Esfera M\u00e1quina de Lavar 1\/2 X 3\/4- 1\/4\u00a0 Volta Alavanca,\u00a0 tem entrada para utilizar no tanque ou na m\u00e1quina de lavar, com bico para encaixe de mangueira, ideal para \u00e1rea externa como jardins, garagem ou tanque. Com design muito bonito, a torneira possibilita o uso de mangueira, facilitando a limpeza em locais longe da sa\u00edda de \u00e1gua. Com volantes f\u00e1ceis de abrir e fechar, facilita muito na hora de lavar suas roupas ou utilizar mangueira..<\/p>\n<p>Torneira em metal n\u00e3o enferruja, proporciona facilidade de manuseio e resist\u00eancia, tanto contra o tempo e clima.<\/p>","protected":false},"excerpt":{"rendered":"<p>A Torneira Forjada Esfera M\u00e1quina de Lavar 1\/2 X 3\/4- 1\/4\u00a0 Volta Alavanca,\u00a0 tem entrada para utilizar no tanque ou na m\u00e1quina de lavar, com bico para encaixe de mangueira, ideal para \u00e1rea externa como jardins, garagem ou tanque. Com design muito bonito, a torneira possibilita o uso de mangueira, facilitando a limpeza em locais [&hellip;]<\/p>","protected":false},"featured_media":569,"comment_status":"open","ping_status":"closed","template":"","meta":[],"product_brand":[],"product_cat":[19],"product_tag":[],"class_list":{"0":"post-494","1":"product","2":"type-product","3":"status-publish","4":"has-post-thumbnail","6":"product_cat-torneiras","8":"first","9":"instock","10":"shipping-taxable","11":"purchasable","12":"product-type-simple"},"_links":{"self":[{"href":"https:\/\/www.acquavici.com.br\/en\/wp-json\/wp\/v2\/product\/494","targetHints":{"allow":["GET"]}}],"collection":[{"href":"https:\/\/www.acquavici.com.br\/en\/wp-json\/wp\/v2\/product"}],"about":[{"href":"https:\/\/www.acquavici.com.br\/en\/wp-json\/wp\/v2\/types\/product"}],"replies":[{"embeddable":true,"href":"https:\/\/www.acquavici.com.br\/en\/wp-json\/wp\/v2\/comments?post=494"}],"wp:featuredmedia":[{"embeddable":true,"href":"https:\/\/www.acquavici.com.br\/en\/wp-json\/wp\/v2\/media\/569"}],"wp:attachment":[{"href":"https:\/\/www.acquavici.com.br\/en\/wp-json\/wp\/v2\/media?parent=494"}],"wp:term":[{"taxonomy":"product_brand","embeddable":true,"href":"https:\/\/www.acquavici.com.br\/en\/wp-json\/wp\/v2\/product_brand?post=494"},{"taxonomy":"product_cat","embeddable":true,"href":"https:\/\/www.acquavici.com.br\/en\/wp-json\/wp\/v2\/product_cat?post=494"},{"taxonomy":"product_tag","embeddable":true,"href":"https:\/\/www.acquavici.com.br\/en\/wp-json\/wp\/v2\/product_tag?post=494"}],"curies":[{"name":"wp","href":"https:\/\/api.w.org\/{rel}","templated":true}]}}