{"id":495,"date":"2024-04-17T10:50:11","date_gmt":"2024-04-17T13:50:11","guid":{"rendered":"https:\/\/www.acquavici.com.br\/?post_type=product&#038;p=495"},"modified":"2024-04-17T10:50:55","modified_gmt":"2024-04-17T13:50:55","slug":"motor-para-ventilador-de-teto-aliseu-127v-130w-ald80","status":"publish","type":"product","link":"https:\/\/www.acquavici.com.br\/en\/motor-para-ventilador-de-teto-aliseu-127v-130w-ald80\/","title":{"rendered":"Motor para Ventilador de Teto Aliseu 127v 130w ALD80"},"content":{"rendered":"<p>Motor para Ventilador de Teto Aliseu 127v 130w ALD80<\/p>\n<p>Marca: Aliseu<br \/>\nModelo de Ventilador compat\u00edveis: Duo\/ Smart\/ Slim\/ Alisclean\/ Dune\/ Wave\/ Iceberg<br \/>\nCor: Branco<br \/>\nVoltagem: 127v<\/p>\n<p>Itens inclusos:<br \/>\n1 Motor para Ventilador de Teto Aliseu 127v 130w ALD80;<\/p>\n<p>ATEN\u00c7\u00c3O<br \/>\nEnviado com Nota Fiscal.<\/p>\n<p>SOMOS ASSIST\u00caNCIA T\u00c9CNICA AUTORIZADA ALISEU.<\/p>\n<p>&nbsp;<\/p>","protected":false},"excerpt":{"rendered":"<p>Motor para Ventilador de Teto Aliseu 127v 130w ALD80 Marca: Aliseu Modelo de Ventilador compat\u00edveis: Duo\/ Smart\/ Slim\/ Alisclean\/ Dune\/ Wave\/ Iceberg Cor: Branco Voltagem: 127v Itens inclusos: 1 Motor para Ventilador de Teto Aliseu 127v 130w ALD80; ATEN\u00c7\u00c3O Enviado com Nota Fiscal. SOMOS ASSIST\u00caNCIA T\u00c9CNICA AUTORIZADA ALISEU. &nbsp;<\/p>","protected":false},"featured_media":572,"comment_status":"open","ping_status":"closed","template":"","meta":[],"product_brand":[],"product_cat":[20],"product_tag":[],"class_list":{"0":"post-495","1":"product","2":"type-product","3":"status-publish","4":"has-post-thumbnail","6":"product_cat-ventilador-de-teto","8":"first","9":"instock","10":"shipping-taxable","11":"purchasable","12":"product-type-simple"},"_links":{"self":[{"href":"https:\/\/www.acquavici.com.br\/en\/wp-json\/wp\/v2\/product\/495","targetHints":{"allow":["GET"]}}],"collection":[{"href":"https:\/\/www.acquavici.com.br\/en\/wp-json\/wp\/v2\/product"}],"about":[{"href":"https:\/\/www.acquavici.com.br\/en\/wp-json\/wp\/v2\/types\/product"}],"replies":[{"embeddable":true,"href":"https:\/\/www.acquavici.com.br\/en\/wp-json\/wp\/v2\/comments?post=495"}],"wp:featuredmedia":[{"embeddable":true,"href":"https:\/\/www.acquavici.com.br\/en\/wp-json\/wp\/v2\/media\/572"}],"wp:attachment":[{"href":"https:\/\/www.acquavici.com.br\/en\/wp-json\/wp\/v2\/media?parent=495"}],"wp:term":[{"taxonomy":"product_brand","embeddable":true,"href":"https:\/\/www.acquavici.com.br\/en\/wp-json\/wp\/v2\/product_brand?post=495"},{"taxonomy":"product_cat","embeddable":true,"href":"https:\/\/www.acquavici.com.br\/en\/wp-json\/wp\/v2\/product_cat?post=495"},{"taxonomy":"product_tag","embeddable":true,"href":"https:\/\/www.acquavici.com.br\/en\/wp-json\/wp\/v2\/product_tag?post=495"}],"curies":[{"name":"wp","href":"https:\/\/api.w.org\/{rel}","templated":true}]}}