{"id":525,"date":"2024-04-17T10:50:34","date_gmt":"2024-04-17T13:50:34","guid":{"rendered":"https:\/\/www.acquavici.com.br\/?post_type=product&#038;p=525"},"modified":"2025-08-20T16:13:29","modified_gmt":"2025-08-20T19:13:29","slug":"motor-para-ventilador-de-teto-aliseu-inspire-nano-127v-140w-sa-40","status":"publish","type":"product","link":"https:\/\/www.acquavici.com.br\/en\/motor-para-ventilador-de-teto-aliseu-inspire-nano-127v-140w-sa-40\/","title":{"rendered":"Motor para Ventilador de Teto Aliseu Inspire Nano 127v 140w SA-40"},"content":{"rendered":"<p>Motor para Ventilador de Teto Aliseu Inspire Nano 127v 140w SA-40<\/p>\n<p>Marca: Aliseu Inspire Nano<\/p>\n<p>Modelo de Ventilador compat\u00edveis: Jet\/ Nano<\/p>\n<p>Itens inclusos:<br \/>\n1 Motor para Ventilador de Teto Aliseu Inspire Nano 127v 140w SA-40<\/p>\n<p>ATEN\u00c7\u00c3O<br \/>\nEnviado com Nota Fiscal.<\/p>\n<p>SOMOS ASSIST\u00caNCIA T\u00c9CNICA AUTORIZADA ALISEU.<\/p>","protected":false},"excerpt":{"rendered":"<p>Motor para Ventilador de Teto Aliseu Inspire Nano 127v 140w SA-40 Marca: Aliseu Inspire Nano Modelo de Ventilador compat\u00edveis: Jet\/ Nano Itens inclusos: 1 Motor para Ventilador de Teto Aliseu Inspire Nano 127v 140w SA-40 ATEN\u00c7\u00c3O Enviado com Nota Fiscal. SOMOS ASSIST\u00caNCIA T\u00c9CNICA AUTORIZADA ALISEU.<\/p>","protected":false},"featured_media":592,"comment_status":"open","ping_status":"closed","template":"","meta":[],"product_brand":[],"product_cat":[20],"product_tag":[],"class_list":{"0":"post-525","1":"product","2":"type-product","3":"status-publish","4":"has-post-thumbnail","6":"product_cat-ventilador-de-teto","8":"first","9":"instock","10":"shipping-taxable","11":"purchasable","12":"product-type-simple"},"_links":{"self":[{"href":"https:\/\/www.acquavici.com.br\/en\/wp-json\/wp\/v2\/product\/525","targetHints":{"allow":["GET"]}}],"collection":[{"href":"https:\/\/www.acquavici.com.br\/en\/wp-json\/wp\/v2\/product"}],"about":[{"href":"https:\/\/www.acquavici.com.br\/en\/wp-json\/wp\/v2\/types\/product"}],"replies":[{"embeddable":true,"href":"https:\/\/www.acquavici.com.br\/en\/wp-json\/wp\/v2\/comments?post=525"}],"wp:featuredmedia":[{"embeddable":true,"href":"https:\/\/www.acquavici.com.br\/en\/wp-json\/wp\/v2\/media\/592"}],"wp:attachment":[{"href":"https:\/\/www.acquavici.com.br\/en\/wp-json\/wp\/v2\/media?parent=525"}],"wp:term":[{"taxonomy":"product_brand","embeddable":true,"href":"https:\/\/www.acquavici.com.br\/en\/wp-json\/wp\/v2\/product_brand?post=525"},{"taxonomy":"product_cat","embeddable":true,"href":"https:\/\/www.acquavici.com.br\/en\/wp-json\/wp\/v2\/product_cat?post=525"},{"taxonomy":"product_tag","embeddable":true,"href":"https:\/\/www.acquavici.com.br\/en\/wp-json\/wp\/v2\/product_tag?post=525"}],"curies":[{"name":"wp","href":"https:\/\/api.w.org\/{rel}","templated":true}]}}