{"id":527,"date":"2024-04-17T10:50:34","date_gmt":"2024-04-17T13:50:34","guid":{"rendered":"https:\/\/www.acquavici.com.br\/?post_type=product&#038;p=527"},"modified":"2025-12-11T20:06:11","modified_gmt":"2025-12-11T23:06:11","slug":"controle-remoto-para-ventilador-de-teto-ventisol-bivolt","status":"publish","type":"product","link":"https:\/\/www.acquavici.com.br\/en\/controle-remoto-para-ventilador-de-teto-ventisol-bivolt\/","title":{"rendered":"Controle Remoto Para Ventilador De Teto Ventisol Bivolt"},"content":{"rendered":"<p class=\"ui-pdp-description__content\">Descri\u00e7\u00e3o:<\/p>\n<p class=\"ui-pdp-description__content\">&#8211; CONTROLE MODELO NOVO, SERVE SOMENTE PARA O MODELO INVERTER ( LAN\u00c7AMENTO).<br \/>\n&#8211; SOMENTE O CONTROLE, N\u00c3O ACOMPANHA O RECEPTOR.<\/p>\n<p class=\"ui-pdp-description__content\">Leia a descri\u00e7\u00e3o do an\u00fancio com aten\u00e7\u00e3o antes de efetuar a sua compra.<\/p>\n<p>Por se tratar de pe\u00e7as de reposi\u00e7\u00e3o, muitas vezes a imagem \u00e9 parecida, mas, compare as medidas informadas com a pe\u00e7a que voc\u00ea possui, evitando assim, transtornos com devolu\u00e7\u00f5es.<br \/>\nEm caso de qualquer d\u00favida, n\u00e3o hesite em nos perguntar, ficaremos felizes em esclarecer todas as suas d\u00favidas.<\/p>\n<p>Compat\u00edvel com os modelos :<br \/>\nFenix Inverter ( Somente Modelo Novo).<\/p>\n<p>Somos assist\u00eancia autorizada, trabalhamos apenas com pe\u00e7as originais de f\u00e1brica.<\/p>\n<p class=\"ui-pdp-description__content\">Para a configura\u00e7\u00e3o do controle, voc\u00ea precisa desligar a rede. Depois liga novamente e pressiona o bot\u00e3o LIGA\/DESLIGA do controle por 3 segundos. Se n\u00e3o der certo, fa\u00e7a o procedimento novamente e na segunda vez vai dar certo.<br \/>\nOBS: Se voc\u00ea tiver mais de um ventilador do modelo Inverter no mesmo espa\u00e7o, desligue os outros da rede e s\u00f3 ligue o ventilador que voc\u00ea vai fazer a configura\u00e7\u00e3o, caso contr\u00e1rio ele far\u00e1 a sincroniza\u00e7\u00e3o do mesmo controle para todos os ventiladores.<\/p>","protected":false},"excerpt":{"rendered":"<p>Descri\u00e7\u00e3o: &#8211; CONTROLE MODELO NOVO, SERVE SOMENTE PARA O MODELO INVERTER ( LAN\u00c7AMENTO). &#8211; SOMENTE O CONTROLE, N\u00c3O ACOMPANHA O RECEPTOR. Leia a descri\u00e7\u00e3o do an\u00fancio com aten\u00e7\u00e3o antes de efetuar a sua compra. Por se tratar de pe\u00e7as de reposi\u00e7\u00e3o, muitas vezes a imagem \u00e9 parecida, mas, compare as medidas informadas com a pe\u00e7a [&hellip;]<\/p>","protected":false},"featured_media":599,"comment_status":"open","ping_status":"closed","template":"","meta":[],"product_brand":[],"product_cat":[20],"product_tag":[],"class_list":{"0":"post-527","1":"product","2":"type-product","3":"status-publish","4":"has-post-thumbnail","6":"product_cat-ventilador-de-teto","8":"first","9":"instock","10":"shipping-taxable","11":"purchasable","12":"product-type-simple"},"_links":{"self":[{"href":"https:\/\/www.acquavici.com.br\/en\/wp-json\/wp\/v2\/product\/527","targetHints":{"allow":["GET"]}}],"collection":[{"href":"https:\/\/www.acquavici.com.br\/en\/wp-json\/wp\/v2\/product"}],"about":[{"href":"https:\/\/www.acquavici.com.br\/en\/wp-json\/wp\/v2\/types\/product"}],"replies":[{"embeddable":true,"href":"https:\/\/www.acquavici.com.br\/en\/wp-json\/wp\/v2\/comments?post=527"}],"wp:featuredmedia":[{"embeddable":true,"href":"https:\/\/www.acquavici.com.br\/en\/wp-json\/wp\/v2\/media\/599"}],"wp:attachment":[{"href":"https:\/\/www.acquavici.com.br\/en\/wp-json\/wp\/v2\/media?parent=527"}],"wp:term":[{"taxonomy":"product_brand","embeddable":true,"href":"https:\/\/www.acquavici.com.br\/en\/wp-json\/wp\/v2\/product_brand?post=527"},{"taxonomy":"product_cat","embeddable":true,"href":"https:\/\/www.acquavici.com.br\/en\/wp-json\/wp\/v2\/product_cat?post=527"},{"taxonomy":"product_tag","embeddable":true,"href":"https:\/\/www.acquavici.com.br\/en\/wp-json\/wp\/v2\/product_tag?post=527"}],"curies":[{"name":"wp","href":"https:\/\/api.w.org\/{rel}","templated":true}]}}