{"id":529,"date":"2024-04-17T10:50:34","date_gmt":"2024-04-17T13:50:34","guid":{"rendered":"https:\/\/www.acquavici.com.br\/?post_type=product&#038;p=529"},"modified":"2024-04-17T10:51:12","modified_gmt":"2024-04-17T13:51:12","slug":"globo-de-vidro-para-ventilador-de-teto-aliseu-tradicional","status":"publish","type":"product","link":"https:\/\/www.acquavici.com.br\/en\/globo-de-vidro-para-ventilador-de-teto-aliseu-tradicional\/","title":{"rendered":"Globo De Vidro Para Ventilador De Teto Aliseu Tradicional"},"content":{"rendered":"<p>Globo De Vidro Branco Leitoso Ventilador Teto Aliseu Tradicional<\/p>\n<p>Modelo: Aliseu Tradicional<br \/>\nCompatibilidade: Ventilador de Teto<br \/>\nFabricante: Aliseu Tecnologia<br \/>\nDi\u00e2metro da boca: 17 cm<br \/>\nCor: Branco leitoso<br \/>\nMaterial: Vidro<\/p>\n<p>Somos assist\u00eancia t\u00e9cnica e revenda da Marca Aliseu. Vendemos pe\u00e7as para reposi\u00e7\u00e3o.<\/p>\n<p>D\u00favidas mande suas perguntas, estamos \u00e0 disposi\u00e7\u00e3o.<\/p>","protected":false},"excerpt":{"rendered":"<p>Globo De Vidro Branco Leitoso Ventilador Teto Aliseu Tradicional Modelo: Aliseu Tradicional Compatibilidade: Ventilador de Teto Fabricante: Aliseu Tecnologia Di\u00e2metro da boca: 17 cm Cor: Branco leitoso Material: Vidro Somos assist\u00eancia t\u00e9cnica e revenda da Marca Aliseu. Vendemos pe\u00e7as para reposi\u00e7\u00e3o. D\u00favidas mande suas perguntas, estamos \u00e0 disposi\u00e7\u00e3o.<\/p>","protected":false},"featured_media":606,"comment_status":"open","ping_status":"closed","template":"","meta":[],"product_brand":[],"product_cat":[20],"product_tag":[],"class_list":{"0":"post-529","1":"product","2":"type-product","3":"status-publish","4":"has-post-thumbnail","6":"product_cat-ventilador-de-teto","8":"first","9":"instock","10":"shipping-taxable","11":"purchasable","12":"product-type-simple"},"_links":{"self":[{"href":"https:\/\/www.acquavici.com.br\/en\/wp-json\/wp\/v2\/product\/529","targetHints":{"allow":["GET"]}}],"collection":[{"href":"https:\/\/www.acquavici.com.br\/en\/wp-json\/wp\/v2\/product"}],"about":[{"href":"https:\/\/www.acquavici.com.br\/en\/wp-json\/wp\/v2\/types\/product"}],"replies":[{"embeddable":true,"href":"https:\/\/www.acquavici.com.br\/en\/wp-json\/wp\/v2\/comments?post=529"}],"wp:featuredmedia":[{"embeddable":true,"href":"https:\/\/www.acquavici.com.br\/en\/wp-json\/wp\/v2\/media\/606"}],"wp:attachment":[{"href":"https:\/\/www.acquavici.com.br\/en\/wp-json\/wp\/v2\/media?parent=529"}],"wp:term":[{"taxonomy":"product_brand","embeddable":true,"href":"https:\/\/www.acquavici.com.br\/en\/wp-json\/wp\/v2\/product_brand?post=529"},{"taxonomy":"product_cat","embeddable":true,"href":"https:\/\/www.acquavici.com.br\/en\/wp-json\/wp\/v2\/product_cat?post=529"},{"taxonomy":"product_tag","embeddable":true,"href":"https:\/\/www.acquavici.com.br\/en\/wp-json\/wp\/v2\/product_tag?post=529"}],"curies":[{"name":"wp","href":"https:\/\/api.w.org\/{rel}","templated":true}]}}