{"id":532,"date":"2024-04-17T10:50:35","date_gmt":"2024-04-17T13:50:35","guid":{"rendered":"https:\/\/www.acquavici.com.br\/?post_type=product&#038;p=532"},"modified":"2025-07-23T11:50:42","modified_gmt":"2025-07-23T14:50:42","slug":"globo-ventilador-de-teto-aliseu-jet-nano-de-vidro","status":"publish","type":"product","link":"https:\/\/www.acquavici.com.br\/en\/globo-ventilador-de-teto-aliseu-jet-nano-de-vidro\/","title":{"rendered":"Globo Ventilador De Teto Aliseu Jet \/ Nano De Vidro"},"content":{"rendered":"<p>Globo Ventilador De Teto Aliseu Jet \/ Nano De Vidro<\/p>\n<p>Modelo: Aliseu Jet \/ Nano<br \/>\nCompatibilidade: Ventilador de Teto<br \/>\nFabricante: Aliseu Tecnologia<br \/>\nDi\u00e2metro da boca: 17 cm<br \/>\nCor: Branco leitoso<br \/>\nMaterial: Vidro<\/p>\n<p>Somos assist\u00eancia t\u00e9cnica e revenda da Marca Aliseu. Vendemos pe\u00e7as para reposi\u00e7\u00e3o.<\/p>\n<p>D\u00favidas mande suas perguntas, estamos \u00e0 disposi\u00e7\u00e3o.<\/p>\n<p>&nbsp;<\/p>\n<p>&nbsp;<\/p>","protected":false},"excerpt":{"rendered":"<p>Globo Ventilador De Teto Aliseu Jet \/ Nano De Vidro Modelo: Aliseu Jet \/ Nano Compatibilidade: Ventilador de Teto Fabricante: Aliseu Tecnologia Di\u00e2metro da boca: 17 cm Cor: Branco leitoso Material: Vidro Somos assist\u00eancia t\u00e9cnica e revenda da Marca Aliseu. Vendemos pe\u00e7as para reposi\u00e7\u00e3o. D\u00favidas mande suas perguntas, estamos \u00e0 disposi\u00e7\u00e3o. &nbsp; &nbsp;<\/p>","protected":false},"featured_media":624,"comment_status":"open","ping_status":"closed","template":"","meta":[],"product_brand":[],"product_cat":[20],"product_tag":[],"class_list":{"0":"post-532","1":"product","2":"type-product","3":"status-publish","4":"has-post-thumbnail","6":"product_cat-ventilador-de-teto","8":"first","9":"instock","10":"shipping-taxable","11":"purchasable","12":"product-type-simple"},"_links":{"self":[{"href":"https:\/\/www.acquavici.com.br\/en\/wp-json\/wp\/v2\/product\/532","targetHints":{"allow":["GET"]}}],"collection":[{"href":"https:\/\/www.acquavici.com.br\/en\/wp-json\/wp\/v2\/product"}],"about":[{"href":"https:\/\/www.acquavici.com.br\/en\/wp-json\/wp\/v2\/types\/product"}],"replies":[{"embeddable":true,"href":"https:\/\/www.acquavici.com.br\/en\/wp-json\/wp\/v2\/comments?post=532"}],"wp:featuredmedia":[{"embeddable":true,"href":"https:\/\/www.acquavici.com.br\/en\/wp-json\/wp\/v2\/media\/624"}],"wp:attachment":[{"href":"https:\/\/www.acquavici.com.br\/en\/wp-json\/wp\/v2\/media?parent=532"}],"wp:term":[{"taxonomy":"product_brand","embeddable":true,"href":"https:\/\/www.acquavici.com.br\/en\/wp-json\/wp\/v2\/product_brand?post=532"},{"taxonomy":"product_cat","embeddable":true,"href":"https:\/\/www.acquavici.com.br\/en\/wp-json\/wp\/v2\/product_cat?post=532"},{"taxonomy":"product_tag","embeddable":true,"href":"https:\/\/www.acquavici.com.br\/en\/wp-json\/wp\/v2\/product_tag?post=532"}],"curies":[{"name":"wp","href":"https:\/\/api.w.org\/{rel}","templated":true}]}}