{"id":533,"date":"2024-04-17T10:50:35","date_gmt":"2024-04-17T13:50:35","guid":{"rendered":"https:\/\/www.acquavici.com.br\/?post_type=product&#038;p=533"},"modified":"2025-08-08T13:13:21","modified_gmt":"2025-08-08T16:13:21","slug":"controle-com-receptor-p-ventilador-de-teto-ventisol-bivolt","status":"publish","type":"product","link":"https:\/\/www.acquavici.com.br\/en\/controle-com-receptor-p-ventilador-de-teto-ventisol-bivolt\/","title":{"rendered":"Controle Com Receptor P\/ Ventilador De Teto Ventisol Bivolt"},"content":{"rendered":"<p>RECEPTOR E CONTROLE MODELO NOVO, SERVE SOMENTE PARA O MODELO INVERTER ( LAN\u00c7AMENTO)<\/p>\n<p>Leia a descri\u00e7\u00e3o do an\u00fancio com aten\u00e7\u00e3o antes de efetuar a sua compra.<br \/>\nPor se tratar de pe\u00e7as de reposi\u00e7\u00e3o, muitas vezes a imagem \u00e9 parecida, mas, compare as medidas informadas com a pe\u00e7a que voc\u00ea possui, evitando assim, transtornos com devolu\u00e7\u00f5es.<\/p>\n<p>Compat\u00edvel com os modelos : Fenix Inverter ( Somente Modelo Novo)<\/p>\n<p>Somos assist\u00eancia autorizada, trabalhamos apenas com pe\u00e7as originais de f\u00e1brica.<br \/>\nCaso tenha alguma d\u00favida, n\u00e3o hesite em nos perguntar, estamos aqui para auxili\u00e1-lo<\/p>\n<p>Para a configura\u00e7\u00e3o do controle, voc\u00ea precisa desligar a rede. Depois liga novamente e pressiona o bot\u00e3o LIGA\/DESLIGA do controle por 3 segundos. Se n\u00e3o der certo, fa\u00e7a o procedimento novamente e na segunda vez vai dar certo.<br \/>\nOBS: Se voc\u00ea tiver mais de um ventilador do modelo Inverter no mesmo espa\u00e7o, desligue os outros da rede e s\u00f3 ligue o ventilador que voc\u00ea vai fazer a configura\u00e7\u00e3o, caso contr\u00e1rio ele far\u00e1 a sincroniza\u00e7\u00e3o do mesmo controle para todos os ventiladores.<\/p>","protected":false},"excerpt":{"rendered":"<p>RECEPTOR E CONTROLE MODELO NOVO, SERVE SOMENTE PARA O MODELO INVERTER ( LAN\u00c7AMENTO) Leia a descri\u00e7\u00e3o do an\u00fancio com aten\u00e7\u00e3o antes de efetuar a sua compra. Por se tratar de pe\u00e7as de reposi\u00e7\u00e3o, muitas vezes a imagem \u00e9 parecida, mas, compare as medidas informadas com a pe\u00e7a que voc\u00ea possui, evitando assim, transtornos com devolu\u00e7\u00f5es. [&hellip;]<\/p>","protected":false},"featured_media":627,"comment_status":"open","ping_status":"closed","template":"","meta":[],"product_brand":[],"product_cat":[20],"product_tag":[],"class_list":{"0":"post-533","1":"product","2":"type-product","3":"status-publish","4":"has-post-thumbnail","6":"product_cat-ventilador-de-teto","8":"first","9":"instock","10":"shipping-taxable","11":"purchasable","12":"product-type-simple"},"_links":{"self":[{"href":"https:\/\/www.acquavici.com.br\/en\/wp-json\/wp\/v2\/product\/533","targetHints":{"allow":["GET"]}}],"collection":[{"href":"https:\/\/www.acquavici.com.br\/en\/wp-json\/wp\/v2\/product"}],"about":[{"href":"https:\/\/www.acquavici.com.br\/en\/wp-json\/wp\/v2\/types\/product"}],"replies":[{"embeddable":true,"href":"https:\/\/www.acquavici.com.br\/en\/wp-json\/wp\/v2\/comments?post=533"}],"wp:featuredmedia":[{"embeddable":true,"href":"https:\/\/www.acquavici.com.br\/en\/wp-json\/wp\/v2\/media\/627"}],"wp:attachment":[{"href":"https:\/\/www.acquavici.com.br\/en\/wp-json\/wp\/v2\/media?parent=533"}],"wp:term":[{"taxonomy":"product_brand","embeddable":true,"href":"https:\/\/www.acquavici.com.br\/en\/wp-json\/wp\/v2\/product_brand?post=533"},{"taxonomy":"product_cat","embeddable":true,"href":"https:\/\/www.acquavici.com.br\/en\/wp-json\/wp\/v2\/product_cat?post=533"},{"taxonomy":"product_tag","embeddable":true,"href":"https:\/\/www.acquavici.com.br\/en\/wp-json\/wp\/v2\/product_tag?post=533"}],"curies":[{"name":"wp","href":"https:\/\/api.w.org\/{rel}","templated":true}]}}