{"id":535,"date":"2024-04-17T10:50:35","date_gmt":"2024-04-17T13:50:35","guid":{"rendered":"https:\/\/www.acquavici.com.br\/?post_type=product&#038;p=535"},"modified":"2025-08-11T14:40:19","modified_gmt":"2025-08-11T17:40:19","slug":"torneira-eletronica-prima-touch-black-zagonel-220v-5500w","status":"publish","type":"product","link":"https:\/\/www.acquavici.com.br\/en\/torneira-eletronica-prima-touch-black-zagonel-220v-5500w\/","title":{"rendered":"TORNEIRA PRIMA ELETRONICA 220V 5.500W BLACK ZAGONEL"},"content":{"rendered":"<p>Torneira Eletr\u00f4nica PRIMA TOUCH Black Zagonel;<\/p>\n<p>A torneira Prima Touch, foi pensada com design diferenciado para o dia a dia. Um dos modelos com tecnologia mais avan\u00e7ada do mercado, possui diversos diferenciais que comprovam que a Torneira Prima \u00e9 a melhor op\u00e7\u00e3o para voc\u00ea!<\/p>\n<p>Possui tecnologia touch para ajustar a \u00e1gua com apenas o toque de um dedo e com a \u00e1gua correndo. Resist\u00eancia de f\u00e1cil troca, bica 100% girat\u00f3ria e led indicativo da temperatura da cor. Seu mecanismo de fechamento \u00e9 cer\u00e2mico 1\/4 volta e possui arejador articul\u00e1vel para maior conforte sem respingos.<\/p>\n<p>Conector de Cabos Modular:<br \/>\nAlto padr\u00e3o de seguran\u00e7a na sua instala\u00e7\u00e3o! O conector modular realiza a fixa\u00e7\u00e3o do cabo, uniforme atrav\u00e9s de placas. Permitindo maior velocidade e seguran\u00e7a na sua instala\u00e7\u00e3o el\u00e9trica. Fa\u00e7a instala\u00e7\u00f5es de at\u00e9 50A e 450V. fios de 1,5 a 10mm\u00b2.<\/p>\n<p>Caracter\u00edsticas:<br \/>\nF\u00e1cil instala\u00e7\u00e3o e troca de resist\u00eancia;<br \/>\nSeguran\u00e7a no manuseio;<br \/>\nTecnologia micro processada;<br \/>\nAjuste f\u00e1cil da temperatura;<br \/>\nIndicador de temperatura em LED;<br \/>\nTemperatura Progressiva;<br \/>\nArejador que n\u00e3o respinga;<br \/>\n2 em 1: Possibilidade de instala\u00e7\u00e3o em parede ou bancada;<br \/>\nAjuste de temperatura linear e progressivo no touch;<br \/>\nBica girat\u00f3ria;<\/p>\n<p>Especifica\u00e7\u00f5es T\u00e9cnicas:<br \/>\nModelo: Prima;<br \/>\nMarca: Zagonel;<br \/>\nDist\u00e2ncia m\u00e1xima entre disjuntor e aparelho: 30m;<br \/>\nBica girat\u00f3ria 360\u00b0;<br \/>\nTens\u00e3o: 127V ou 220V ( N\u00e3o \u00e9 bivolt);<br \/>\nPot\u00eancia: 5.500W;<br \/>\nPress\u00e3o M\u00ednima: 15kPa (1,5m.c.a.*);<br \/>\nPress\u00e3o Est\u00e1tica M\u00e1xima: 400kPa (40m.c.a.*);<br \/>\nGrau de Prote\u00e7\u00e3o: IP 24;<br \/>\nDist\u00e2ncia m\u00e1xima entre disjuntor e aparelho: 30m;<br \/>\nResistividade m\u00ednima de \u00e1gua: 1.300 x O cm.<\/p>\n<p>Itens inclusos:<br \/>\n1 TORNEIRA PRIMA ELETRONICA 220V 5.500W BLACK ZAGONEL<br \/>\n1 Conector de Cabos Modular;<br \/>\n1 Manual de Instru\u00e7\u00f5es;<\/p>\n<p>ATEN\u00c7\u00c3O<br \/>\nEnviado com Nota Fiscal<\/p>\n<p>SOMOS ASSIST\u00caNCIA T\u00c9CNICA AUTORIZADA ZAGONEL.<\/p>","protected":false},"excerpt":{"rendered":"<p>Torneira Eletr\u00f4nica PRIMA TOUCH Black Zagonel; A torneira Prima Touch, foi pensada com design diferenciado para o dia a dia. Um dos modelos com tecnologia mais avan\u00e7ada do mercado, possui diversos diferenciais que comprovam que a Torneira Prima \u00e9 a melhor op\u00e7\u00e3o para voc\u00ea! Possui tecnologia touch para ajustar a \u00e1gua com apenas o toque [&hellip;]<\/p>","protected":false},"featured_media":634,"comment_status":"open","ping_status":"closed","template":"","meta":[],"product_brand":[],"product_cat":[19],"product_tag":[],"class_list":{"0":"post-535","1":"product","2":"type-product","3":"status-publish","4":"has-post-thumbnail","6":"product_cat-torneiras","8":"first","9":"instock","10":"shipping-taxable","11":"purchasable","12":"product-type-simple"},"_links":{"self":[{"href":"https:\/\/www.acquavici.com.br\/en\/wp-json\/wp\/v2\/product\/535","targetHints":{"allow":["GET"]}}],"collection":[{"href":"https:\/\/www.acquavici.com.br\/en\/wp-json\/wp\/v2\/product"}],"about":[{"href":"https:\/\/www.acquavici.com.br\/en\/wp-json\/wp\/v2\/types\/product"}],"replies":[{"embeddable":true,"href":"https:\/\/www.acquavici.com.br\/en\/wp-json\/wp\/v2\/comments?post=535"}],"wp:featuredmedia":[{"embeddable":true,"href":"https:\/\/www.acquavici.com.br\/en\/wp-json\/wp\/v2\/media\/634"}],"wp:attachment":[{"href":"https:\/\/www.acquavici.com.br\/en\/wp-json\/wp\/v2\/media?parent=535"}],"wp:term":[{"taxonomy":"product_brand","embeddable":true,"href":"https:\/\/www.acquavici.com.br\/en\/wp-json\/wp\/v2\/product_brand?post=535"},{"taxonomy":"product_cat","embeddable":true,"href":"https:\/\/www.acquavici.com.br\/en\/wp-json\/wp\/v2\/product_cat?post=535"},{"taxonomy":"product_tag","embeddable":true,"href":"https:\/\/www.acquavici.com.br\/en\/wp-json\/wp\/v2\/product_tag?post=535"}],"curies":[{"name":"wp","href":"https:\/\/api.w.org\/{rel}","templated":true}]}}