{"id":57,"date":"2024-04-17T10:45:39","date_gmt":"2024-04-17T13:45:39","guid":{"rendered":"https:\/\/www.acquavici.com.br\/?post_type=product&#038;p=57"},"modified":"2025-08-04T14:47:58","modified_gmt":"2025-08-04T17:47:58","slug":"carcaca-de-parede-para-aquecedor-central-cardal-pr152","status":"publish","type":"product","link":"https:\/\/www.acquavici.com.br\/en\/carcaca-de-parede-para-aquecedor-central-cardal-pr152\/","title":{"rendered":"Carca\u00e7a de Parede para Aquecedor Central Cardal PR152"},"content":{"rendered":"<p>Ref.: PR152<br \/>\nFabricante: Cardal<br \/>\nCor: Branco<br \/>\nMaterial: Lat\u00e3o Fura\u00e7\u00e3o Moderna (furo Deslocado)<br \/>\nC\u00f3digo: PR152<\/p>\n<p>Itens inclusos:<br \/>\n1 Carca\u00e7a de Parede para Aquecedor Central Cardal PR152;<\/p>\n<p>ATEN\u00c7\u00c3O<br \/>\nEnviado com Nota Fiscal.<\/p>\n<p>SOMOS ASSIST\u00caNCIA T\u00c9CNICA AUTORIZADA CARDAL.<\/p>","protected":false},"excerpt":{"rendered":"<p>Ref.: PR152<br \/>\nFabricante: Cardal<br \/>\nCor: Branco<br \/>\nMaterial: Lat\u00e3o Fura\u00e7\u00e3o Moderna (furo Deslocado)<\/p>","protected":false},"featured_media":87,"comment_status":"open","ping_status":"closed","template":"","meta":[],"product_brand":[],"product_cat":[17],"product_tag":[],"class_list":{"0":"post-57","1":"product","2":"type-product","3":"status-publish","4":"has-post-thumbnail","6":"product_cat-pecas-em-geral","8":"first","9":"instock","10":"shipping-taxable","11":"purchasable","12":"product-type-simple"},"_links":{"self":[{"href":"https:\/\/www.acquavici.com.br\/en\/wp-json\/wp\/v2\/product\/57","targetHints":{"allow":["GET"]}}],"collection":[{"href":"https:\/\/www.acquavici.com.br\/en\/wp-json\/wp\/v2\/product"}],"about":[{"href":"https:\/\/www.acquavici.com.br\/en\/wp-json\/wp\/v2\/types\/product"}],"replies":[{"embeddable":true,"href":"https:\/\/www.acquavici.com.br\/en\/wp-json\/wp\/v2\/comments?post=57"}],"wp:featuredmedia":[{"embeddable":true,"href":"https:\/\/www.acquavici.com.br\/en\/wp-json\/wp\/v2\/media\/87"}],"wp:attachment":[{"href":"https:\/\/www.acquavici.com.br\/en\/wp-json\/wp\/v2\/media?parent=57"}],"wp:term":[{"taxonomy":"product_brand","embeddable":true,"href":"https:\/\/www.acquavici.com.br\/en\/wp-json\/wp\/v2\/product_brand?post=57"},{"taxonomy":"product_cat","embeddable":true,"href":"https:\/\/www.acquavici.com.br\/en\/wp-json\/wp\/v2\/product_cat?post=57"},{"taxonomy":"product_tag","embeddable":true,"href":"https:\/\/www.acquavici.com.br\/en\/wp-json\/wp\/v2\/product_tag?post=57"}],"curies":[{"name":"wp","href":"https:\/\/api.w.org\/{rel}","templated":true}]}}