{"id":575,"date":"2024-04-17T10:50:56","date_gmt":"2024-04-17T13:50:56","guid":{"rendered":"https:\/\/www.acquavici.com.br\/?post_type=product&#038;p=575"},"modified":"2025-08-20T15:25:10","modified_gmt":"2025-08-20T18:25:10","slug":"ducha-eletronica-sublime-zagonel-110v-5500w-branco","status":"publish","type":"product","link":"https:\/\/www.acquavici.com.br\/en\/ducha-eletronica-sublime-zagonel-110v-5500w-branco\/","title":{"rendered":"DUCHA SUBLIME ELETRONICA 127V 5.500W BRANCO ZAGONEL"},"content":{"rendered":"<p>O melhor momento para o seu dia!<\/p>\n<p>Tenha conforto com o sistema microprocessado, permitindo um ajuste f\u00e1cil da temperatura ideal para o seu banho!<\/p>\n<p>Regulagem segura, a dist\u00e2ncia, com indica\u00e7\u00e3o luminosa, exclusiva em LED.<\/p>\n<p>Para deixar seu banho \u00fanico, conta com sistema de jato obediente, fechando o chuveirinho n\u00e3o h\u00e1 gotejamento na parte superior!<\/p>\n<p>Detalhes<br \/>\nSeguran\u00e7a no manuseio<br \/>\nTecnologia microprocessada &#8211; Ajuste f\u00e1cil da temperatura<br \/>\nIndicador de temperatura em LED<br \/>\nRegulagem a dist\u00e2ncia<br \/>\nF\u00e1cil instala\u00e7\u00e3o &#8211; Engate R\u00e1pido<br \/>\n\u00d3tima vaz\u00e3o de \u00e1gua<br \/>\nJato Obediente<br \/>\nTemperatura Progressiva<\/p>\n<p>Caracter\u00edsticas<br \/>\nDucha eletr\u00f4nica<br \/>\nRegulagem a Dist\u00e2ncia<br \/>\nPot\u00eancias:\u00a0 5.500W em 127V<br \/>\nDucha com acionamento em baixa press\u00e3o de \u00e1gua 1 M.C.A.<br \/>\nGarantia de 12 Meses!<br \/>\nF\u00e1cil limpeza do espalhador!<\/p>\n<p>Caracter\u00edsticas t\u00e9cnicas<br \/>\nModelo: Sublime black<br \/>\nMarca: Zagonel<br \/>\nPress\u00e3o M\u00ednima de acionamento: 10 kPa (1 m.c.a.*)<br \/>\nPress\u00e3o Est\u00e1tica M\u00e1xima: 400 kPa (40 m.c.a.*)<br \/>\nGrau de Prote\u00e7\u00e3o: IP 24<br \/>\nResistividade m\u00ednima de \u00e1gua: 1.300 x cm<br \/>\nGarantia do Produto: 12 meses<br \/>\nDi\u00e2metro do Espalhador: 93mm<\/p>\n<p>Itens inclusos:<br \/>\n1 DUCHA SUBLIME ELETRONICA 127V 5.500W BRANCO ZAGONEL;<br \/>\n1 Chuveirinho;<br \/>\n1 Mangueira;<br \/>\n1 Suporte para Chuveirinho;<br \/>\n1 Manual de Instru\u00e7\u00f5es;<\/p>\n<p>ATEN\u00c7\u00c3O<br \/>\nEnviado com Nota Fiscal<\/p>\n<p>SOMOS ASSIST\u00caNCIA T\u00c9CNICA AUTORIZADA ZAGONEL.<\/p>","protected":false},"excerpt":{"rendered":"<p>O melhor momento para o seu dia! Tenha conforto com o sistema microprocessado, permitindo um ajuste f\u00e1cil da temperatura ideal para o seu banho! Regulagem segura, a dist\u00e2ncia, com indica\u00e7\u00e3o luminosa, exclusiva em LED. Para deixar seu banho \u00fanico, conta com sistema de jato obediente, fechando o chuveirinho n\u00e3o h\u00e1 gotejamento na parte superior! Detalhes [&hellip;]<\/p>","protected":false},"featured_media":639,"comment_status":"open","ping_status":"closed","template":"","meta":[],"product_brand":[],"product_cat":[24],"product_tag":[],"class_list":{"0":"post-575","1":"product","2":"type-product","3":"status-publish","4":"has-post-thumbnail","6":"product_cat-duchas-chuveiros","8":"first","9":"instock","10":"shipping-taxable","11":"purchasable","12":"product-type-simple"},"_links":{"self":[{"href":"https:\/\/www.acquavici.com.br\/en\/wp-json\/wp\/v2\/product\/575","targetHints":{"allow":["GET"]}}],"collection":[{"href":"https:\/\/www.acquavici.com.br\/en\/wp-json\/wp\/v2\/product"}],"about":[{"href":"https:\/\/www.acquavici.com.br\/en\/wp-json\/wp\/v2\/types\/product"}],"replies":[{"embeddable":true,"href":"https:\/\/www.acquavici.com.br\/en\/wp-json\/wp\/v2\/comments?post=575"}],"wp:featuredmedia":[{"embeddable":true,"href":"https:\/\/www.acquavici.com.br\/en\/wp-json\/wp\/v2\/media\/639"}],"wp:attachment":[{"href":"https:\/\/www.acquavici.com.br\/en\/wp-json\/wp\/v2\/media?parent=575"}],"wp:term":[{"taxonomy":"product_brand","embeddable":true,"href":"https:\/\/www.acquavici.com.br\/en\/wp-json\/wp\/v2\/product_brand?post=575"},{"taxonomy":"product_cat","embeddable":true,"href":"https:\/\/www.acquavici.com.br\/en\/wp-json\/wp\/v2\/product_cat?post=575"},{"taxonomy":"product_tag","embeddable":true,"href":"https:\/\/www.acquavici.com.br\/en\/wp-json\/wp\/v2\/product_tag?post=575"}],"curies":[{"name":"wp","href":"https:\/\/api.w.org\/{rel}","templated":true}]}}