{"id":579,"date":"2024-04-17T10:50:56","date_gmt":"2024-04-17T13:50:56","guid":{"rendered":"https:\/\/www.acquavici.com.br\/?post_type=product&#038;p=579"},"modified":"2025-08-11T15:59:26","modified_gmt":"2025-08-11T18:59:26","slug":"torneira-eletronica-pratica-touch-branco-zagonel-110v-5500w","status":"publish","type":"product","link":"https:\/\/www.acquavici.com.br\/en\/torneira-eletronica-pratica-touch-branco-zagonel-110v-5500w\/","title":{"rendered":"TORNEIRA PRATICA TOUCH ELETRONICA 127V 5.500W BRANCA ZAGONEL"},"content":{"rendered":"<p>A Torneira Pratica Touch, conhecida pela facilidade na utiliza\u00e7\u00e3o, anel luminoso em LED para demonstrar a temperatura de uso, qualidade e desempenho na hora que voc\u00ea mais precisa, recebeu in\u00fameras inova\u00e7\u00f5es, entre elas a tecnologia Touch, tornando o produto adequado para o seu dia a dia.<\/p>\n<p>Tecnologia Touch: \u00c1gua na temperatura ideal com um toque<br \/>\nTecnologia One Touch: \u00c1gua na temperatura m\u00e1xima ou m\u00ednima com um toque<br \/>\nSeletor de temperatura em Braille<br \/>\nBica girat\u00f3ria 360\u00b0<br \/>\nArejador anti-respingo<br \/>\nLED indicador de temperatura<br \/>\nRegistro de 1\/4 de volta, com pastilha cer\u00e2mica<br \/>\nEconomia de \u00e1gua e detergente, f\u00e1cil remo\u00e7\u00e3o de gordura<br \/>\nAcionamento com baixa press\u00e3o d&#8217;\u00e1gua (1 m.c.a.)<br \/>\nSistema microprocessado: Permite o ajuste f\u00e1cil da temperatura ideal<br \/>\nCompat\u00edvel com sistema de prote\u00e7\u00e3o DR<br \/>\nCompat\u00edvel com sistema solar e a g\u00e1s<br \/>\nSistema de prote\u00e7\u00e3o contra choque<br \/>\n127V &#8211; 5500W<br \/>\n12 meses de garantia<\/p>\n<p>Itens inclusos:<br \/>\n1 TORNEIRA PRATICA TOUCH ELETRONICA 127V 5.500W BRANCA ZAGONEL;<br \/>\n1 Manual de Instru\u00e7\u00f5es;<\/p>\n<p>ATEN\u00c7\u00c3O<br \/>\nEnviado com Nota Fiscal<\/p>\n<p>SOMOS ASSIST\u00caNCIA T\u00c9CNICA AUTORIZADA ZAGONEL.<\/p>","protected":false},"excerpt":{"rendered":"<p>A Torneira Pratica Touch, conhecida pela facilidade na utiliza\u00e7\u00e3o, anel luminoso em LED para demonstrar a temperatura de uso, qualidade e desempenho na hora que voc\u00ea mais precisa, recebeu in\u00fameras inova\u00e7\u00f5es, entre elas a tecnologia Touch, tornando o produto adequado para o seu dia a dia. Tecnologia Touch: \u00c1gua na temperatura ideal com um toque [&hellip;]<\/p>","protected":false},"featured_media":359,"comment_status":"open","ping_status":"closed","template":"","meta":[],"product_brand":[],"product_cat":[19],"product_tag":[],"class_list":{"0":"post-579","1":"product","2":"type-product","3":"status-publish","4":"has-post-thumbnail","6":"product_cat-torneiras","8":"first","9":"instock","10":"shipping-taxable","11":"purchasable","12":"product-type-simple"},"_links":{"self":[{"href":"https:\/\/www.acquavici.com.br\/en\/wp-json\/wp\/v2\/product\/579","targetHints":{"allow":["GET"]}}],"collection":[{"href":"https:\/\/www.acquavici.com.br\/en\/wp-json\/wp\/v2\/product"}],"about":[{"href":"https:\/\/www.acquavici.com.br\/en\/wp-json\/wp\/v2\/types\/product"}],"replies":[{"embeddable":true,"href":"https:\/\/www.acquavici.com.br\/en\/wp-json\/wp\/v2\/comments?post=579"}],"wp:featuredmedia":[{"embeddable":true,"href":"https:\/\/www.acquavici.com.br\/en\/wp-json\/wp\/v2\/media\/359"}],"wp:attachment":[{"href":"https:\/\/www.acquavici.com.br\/en\/wp-json\/wp\/v2\/media?parent=579"}],"wp:term":[{"taxonomy":"product_brand","embeddable":true,"href":"https:\/\/www.acquavici.com.br\/en\/wp-json\/wp\/v2\/product_brand?post=579"},{"taxonomy":"product_cat","embeddable":true,"href":"https:\/\/www.acquavici.com.br\/en\/wp-json\/wp\/v2\/product_cat?post=579"},{"taxonomy":"product_tag","embeddable":true,"href":"https:\/\/www.acquavici.com.br\/en\/wp-json\/wp\/v2\/product_tag?post=579"}],"curies":[{"name":"wp","href":"https:\/\/api.w.org\/{rel}","templated":true}]}}