{"id":58,"date":"2024-04-17T10:45:39","date_gmt":"2024-04-17T13:45:39","guid":{"rendered":"https:\/\/www.acquavici.com.br\/?post_type=product&#038;p=58"},"modified":"2025-07-01T13:47:44","modified_gmt":"2025-07-01T16:47:44","slug":"resistencia-jet-turbo-jet-lorenzetti-220v-7800w-3055-r","status":"publish","type":"product","link":"https:\/\/www.acquavici.com.br\/en\/resistencia-jet-turbo-jet-lorenzetti-220v-7800w-3055-r\/","title":{"rendered":"RESISTENCIA TOP JET, JET TURBO, JET CONTROL 220V 7800W LORENZETTI 3055 R"},"content":{"rendered":"<p>RESISTENCIA TOP JET, JET TURBO, JET CONTROL 220V 7800W LORENZETTI 3055 R<\/p>\n<p>Descri\u00e7\u00e3o do produto: Cada produto e desenvolvido com fia\u00e7\u00e3o interna para suportar uma determinada Voltagem e Potencia.<br \/>\nNunca coloque uma resist\u00eancia que tenha caracter\u00edsticas diferentes do padr\u00e3o desenvolvido para seu produto.<\/p>\n<p>Detalhes do produto:<br \/>\nC\u00f3digo de referencia: 3055-R<br \/>\nVoltagem: 220V<br \/>\nPot\u00eancia: 7800W<br \/>\nComponentes: Ligas de cobre e a\u00e7o.<\/p>\n<p>Compat\u00edvel com os modelos:<br \/>\nJet<br \/>\nJet Turbo<br \/>\nJet Control<\/p>\n<p>Aten\u00e7\u00e3o: Antes de efetuar a troca da resist\u00eancia, leia o manual de instru\u00e7\u00f5es, fornecido junto da resist\u00eancia nova e siga as recomenda\u00e7\u00f5es espec\u00edficas para o seu produto.<\/p>\n<p>Itens inclusos:<br \/>\n01 RESISTENCIA TOP JET, JET TURBO, JET CONTROL 220V 7800W LORENZETTI 3055 R<br \/>\n01 Manual de Instru\u00e7\u00f5es;<\/p>\n<p>ATEN\u00c7\u00c3O<br \/>\nEnviado com Nota Fiscal.<\/p>\n<p>SOMOS ASSIST\u00caNCIA T\u00c9CNICA AUTORIZADA LORENZETTI.<\/p>","protected":false},"excerpt":{"rendered":"<p>Descri\u00e7\u00e3o Detalhada da Resist\u00eancia Para Jet\/ Turbo Jet\/ Jet Control 3055-R 220V Lorenzetti Resist\u00eancias.<\/p>","protected":false},"featured_media":88,"comment_status":"open","ping_status":"closed","template":"","meta":[],"product_brand":[],"product_cat":[17],"product_tag":[],"class_list":{"0":"post-58","1":"product","2":"type-product","3":"status-publish","4":"has-post-thumbnail","6":"product_cat-pecas-em-geral","8":"first","9":"instock","10":"shipping-taxable","11":"purchasable","12":"product-type-simple"},"_links":{"self":[{"href":"https:\/\/www.acquavici.com.br\/en\/wp-json\/wp\/v2\/product\/58","targetHints":{"allow":["GET"]}}],"collection":[{"href":"https:\/\/www.acquavici.com.br\/en\/wp-json\/wp\/v2\/product"}],"about":[{"href":"https:\/\/www.acquavici.com.br\/en\/wp-json\/wp\/v2\/types\/product"}],"replies":[{"embeddable":true,"href":"https:\/\/www.acquavici.com.br\/en\/wp-json\/wp\/v2\/comments?post=58"}],"wp:featuredmedia":[{"embeddable":true,"href":"https:\/\/www.acquavici.com.br\/en\/wp-json\/wp\/v2\/media\/88"}],"wp:attachment":[{"href":"https:\/\/www.acquavici.com.br\/en\/wp-json\/wp\/v2\/media?parent=58"}],"wp:term":[{"taxonomy":"product_brand","embeddable":true,"href":"https:\/\/www.acquavici.com.br\/en\/wp-json\/wp\/v2\/product_brand?post=58"},{"taxonomy":"product_cat","embeddable":true,"href":"https:\/\/www.acquavici.com.br\/en\/wp-json\/wp\/v2\/product_cat?post=58"},{"taxonomy":"product_tag","embeddable":true,"href":"https:\/\/www.acquavici.com.br\/en\/wp-json\/wp\/v2\/product_tag?post=58"}],"curies":[{"name":"wp","href":"https:\/\/api.w.org\/{rel}","templated":true}]}}