{"id":582,"date":"2024-04-17T10:50:56","date_gmt":"2024-04-17T13:50:56","guid":{"rendered":"https:\/\/www.acquavici.com.br\/?post_type=product&#038;p=582"},"modified":"2024-07-10T13:20:04","modified_gmt":"2024-07-10T16:20:04","slug":"ducha-eletronica-move-zagonel-5500w-110v-branco","status":"publish","type":"product","link":"https:\/\/www.acquavici.com.br\/en\/ducha-eletronica-move-zagonel-5500w-110v-branco\/","title":{"rendered":"DUCHA MOVE ELETRONICA 127V 5.500W BRANCO ZAGONEL"},"content":{"rendered":"<p>A ducha Eletr\u00f4nica Move foi desenvolvida para tornar cada banho uma experi\u00eancia com sofistica\u00e7\u00e3o, qualidade e seguran\u00e7a para toda a fam\u00edlia.<br \/>\nO sistema de regulagem a dist\u00e2ncia com controle de temperatura eletr\u00f4nico permite um ajuste preciso, adequando a temperatura ideal para o banho de toda a fam\u00edlia.<br \/>\nA ducha oferece uma maior seguran\u00e7a e praticidade, pois o controle da temperatura \u00e9 realizado atrav\u00e9s de uma haste pl\u00e1stica ao alcance das m\u00e3os, evitando assim o contato direto com a Ducha.<\/p>\n<p>Detalhes<br \/>\nJato direcion\u00e1vel<br \/>\nF\u00e1cil instala\u00e7\u00e3o e troca de resist\u00eancia<br \/>\nSeguran\u00e7a no manuseio<br \/>\nTecnologia microprocessada &#8211; Ajuste f\u00e1cil da temperatura<br \/>\nIndicador de temperatura em LED<br \/>\nRegulagem a dist\u00e2ncia<br \/>\nJato Obediente<\/p>\n<p>Caracter\u00edsticas T\u00e9cnicas<br \/>\nModelo da Ducha: Move<br \/>\nMarca: Zagonel<br \/>\nRegulagem a Dist\u00e2ncia<br \/>\nPot\u00eancias: 7.500W em 220V 5.500W em 127V.<br \/>\nDucha com acionamento em baixa press\u00e3o de \u00e1gua 1 M.C.A.<br \/>\nPress\u00e3o M\u00ednima: 10 kPa (1 m.c.a.*)<br \/>\nPress\u00e3o Est\u00e1tica M\u00e1xima: 400 kPa (40 m.c.a.*)<br \/>\nGrau de Prote\u00e7\u00e3o: IP 24<br \/>\nDi\u00e2metro do espalhador: 80mm<br \/>\nResistividade m\u00ednima de \u00e1gua: 1.300 x cm<br \/>\nGarantia de 12 Meses!<br \/>\nF\u00e1cil limpeza do espalhador!<\/p>\n<p>Itens inclusos:<br \/>\n1 DUCHA MOVE ELETRONICA 127V 5.500W BRANCO ZAGONEL;<br \/>\n1 Chuveirinho;<br \/>\n1 Mangueira;<br \/>\n1 Suporte para Chuveirinho;<br \/>\n1 Manual de Instru\u00e7\u00f5es;<\/p>\n<p>ATEN\u00c7\u00c3O<br \/>\nEnviado com Nota Fiscal<\/p>\n<p>SOMOS ASSIST\u00caNCIA T\u00c9CNICA AUTORIZADA ZAGONEL.<\/p>","protected":false},"excerpt":{"rendered":"<p>A ducha Eletr\u00f4nica Move foi desenvolvida para tornar cada banho uma experi\u00eancia com sofistica\u00e7\u00e3o, qualidade e seguran\u00e7a para toda a fam\u00edlia. O sistema de regulagem a dist\u00e2ncia com controle de temperatura eletr\u00f4nico permite um ajuste preciso, adequando a temperatura ideal para o banho de toda a fam\u00edlia. A ducha oferece uma maior seguran\u00e7a e praticidade, [&hellip;]<\/p>","protected":false},"featured_media":668,"comment_status":"open","ping_status":"closed","template":"","meta":[],"product_brand":[],"product_cat":[24],"product_tag":[],"class_list":{"0":"post-582","1":"product","2":"type-product","3":"status-publish","4":"has-post-thumbnail","6":"product_cat-duchas-chuveiros","8":"first","9":"instock","10":"shipping-taxable","11":"purchasable","12":"product-type-simple"},"_links":{"self":[{"href":"https:\/\/www.acquavici.com.br\/en\/wp-json\/wp\/v2\/product\/582","targetHints":{"allow":["GET"]}}],"collection":[{"href":"https:\/\/www.acquavici.com.br\/en\/wp-json\/wp\/v2\/product"}],"about":[{"href":"https:\/\/www.acquavici.com.br\/en\/wp-json\/wp\/v2\/types\/product"}],"replies":[{"embeddable":true,"href":"https:\/\/www.acquavici.com.br\/en\/wp-json\/wp\/v2\/comments?post=582"}],"wp:featuredmedia":[{"embeddable":true,"href":"https:\/\/www.acquavici.com.br\/en\/wp-json\/wp\/v2\/media\/668"}],"wp:attachment":[{"href":"https:\/\/www.acquavici.com.br\/en\/wp-json\/wp\/v2\/media?parent=582"}],"wp:term":[{"taxonomy":"product_brand","embeddable":true,"href":"https:\/\/www.acquavici.com.br\/en\/wp-json\/wp\/v2\/product_brand?post=582"},{"taxonomy":"product_cat","embeddable":true,"href":"https:\/\/www.acquavici.com.br\/en\/wp-json\/wp\/v2\/product_cat?post=582"},{"taxonomy":"product_tag","embeddable":true,"href":"https:\/\/www.acquavici.com.br\/en\/wp-json\/wp\/v2\/product_tag?post=582"}],"curies":[{"name":"wp","href":"https:\/\/api.w.org\/{rel}","templated":true}]}}