{"id":583,"date":"2024-04-17T10:50:56","date_gmt":"2024-04-17T13:50:56","guid":{"rendered":"https:\/\/www.acquavici.com.br\/?post_type=product&#038;p=583"},"modified":"2024-07-10T13:00:44","modified_gmt":"2024-07-10T16:00:44","slug":"chuveiro-ideale-plus-zagonel-110v-5500w","status":"publish","type":"product","link":"https:\/\/www.acquavici.com.br\/en\/chuveiro-ideale-plus-zagonel-110v-5500w\/","title":{"rendered":"DUCHA IDEALE PLUS 4T 127V 5.500W BRANCO ZAGONEL"},"content":{"rendered":"<p>A Ducha 4 Temperaturas Ideale Plus, proporciona o banho ideal e agrad\u00e1vel em qualquer \u00e9poca do ano, pois, conta com 4 temperaturas e uma chave seletora para facilitar o seu manuseio.<br \/>\nConta com um espalhador que oferece muito mais \u00e1gua, tornando o seu banho ainda melhor.<\/p>\n<p>Caracter\u00edsticas:<br \/>\nDucha 4 Temperaturas<br \/>\nPot\u00eancias: 5500W em 127V<br \/>\nDucha com acionamento em baixa press\u00e3o de \u00e1gua 1 M.C.A.<br \/>\nGarantia de 12 Meses!<br \/>\nF\u00e1cil limpeza do espalhador!<\/p>\n<p>Itens inclusos:<br \/>\n1 DUCHA IDEALE PLUS 4T 127V 5.500W BRANCO ZAGONEL;<br \/>\n1 Suporte de fixa\u00e7\u00e3o da mangueira;<br \/>\n1 Mangueira com Ducha Manual;<br \/>\n1 Manual de Instru\u00e7\u00f5es;<\/p>\n<p>ATEN\u00c7\u00c3O<br \/>\nEnviado com Nota Fiscal<\/p>\n<p>SOMOS ASSIST\u00caNCIA T\u00c9CNICA AUTORIZADA ZAGONEL.<\/p>","protected":false},"excerpt":{"rendered":"<p>A Ducha 4 Temperaturas Ideale Plus, proporciona o banho ideal e agrad\u00e1vel em qualquer \u00e9poca do ano, pois, conta com 4 temperaturas e uma chave seletora para facilitar o seu manuseio. Conta com um espalhador que oferece muito mais \u00e1gua, tornando o seu banho ainda melhor. Caracter\u00edsticas: Ducha 4 Temperaturas Pot\u00eancias: 5500W em 127V Ducha [&hellip;]<\/p>","protected":false},"featured_media":670,"comment_status":"open","ping_status":"closed","template":"","meta":[],"product_brand":[],"product_cat":[24],"product_tag":[],"class_list":{"0":"post-583","1":"product","2":"type-product","3":"status-publish","4":"has-post-thumbnail","6":"product_cat-duchas-chuveiros","8":"first","9":"instock","10":"shipping-taxable","11":"purchasable","12":"product-type-simple"},"_links":{"self":[{"href":"https:\/\/www.acquavici.com.br\/en\/wp-json\/wp\/v2\/product\/583","targetHints":{"allow":["GET"]}}],"collection":[{"href":"https:\/\/www.acquavici.com.br\/en\/wp-json\/wp\/v2\/product"}],"about":[{"href":"https:\/\/www.acquavici.com.br\/en\/wp-json\/wp\/v2\/types\/product"}],"replies":[{"embeddable":true,"href":"https:\/\/www.acquavici.com.br\/en\/wp-json\/wp\/v2\/comments?post=583"}],"wp:featuredmedia":[{"embeddable":true,"href":"https:\/\/www.acquavici.com.br\/en\/wp-json\/wp\/v2\/media\/670"}],"wp:attachment":[{"href":"https:\/\/www.acquavici.com.br\/en\/wp-json\/wp\/v2\/media?parent=583"}],"wp:term":[{"taxonomy":"product_brand","embeddable":true,"href":"https:\/\/www.acquavici.com.br\/en\/wp-json\/wp\/v2\/product_brand?post=583"},{"taxonomy":"product_cat","embeddable":true,"href":"https:\/\/www.acquavici.com.br\/en\/wp-json\/wp\/v2\/product_cat?post=583"},{"taxonomy":"product_tag","embeddable":true,"href":"https:\/\/www.acquavici.com.br\/en\/wp-json\/wp\/v2\/product_tag?post=583"}],"curies":[{"name":"wp","href":"https:\/\/api.w.org\/{rel}","templated":true}]}}