{"id":584,"date":"2024-04-17T10:50:56","date_gmt":"2024-04-17T13:50:56","guid":{"rendered":"https:\/\/www.acquavici.com.br\/?post_type=product&#038;p=584"},"modified":"2025-08-20T08:54:26","modified_gmt":"2025-08-20T11:54:26","slug":"ducha-linea-3t-branco-zagonel-5500w-220v","status":"publish","type":"product","link":"https:\/\/www.acquavici.com.br\/en\/ducha-linea-3t-branco-zagonel-5500w-220v\/","title":{"rendered":"DUCHA LINEA 3 TEMPERATURA 220V 5.500W BRANCO ZAGONEL"},"content":{"rendered":"<p>Ducha LINEA 3T Zagonel 5500w 220v Branco<\/p>\n<p>A ducha linea possui 3 temperaturas sendo a melhor escolha para quem deseja ter um banho de alto padr\u00e3o com valores acess\u00edveis. Com seu visual clean, Linea \u00e9 sin\u00f4nimo de facilidade, e oferece tudo que voc\u00ea precisa para um banho com qualidade e conforto.<\/p>\n<p>Informa\u00e7\u00f5es T\u00e9cnicas:<br \/>\nModelo: Linea<br \/>\nPress\u00e3o M\u00ednima de acionamento: 10 kPa (1 m.c.a.)<br \/>\nPress\u00e3o M\u00ednima para vaz\u00e3o (3L\/min): 20 kPa (2 m.c.a.)<br \/>\nPress\u00e3o Est\u00e1tica M\u00e1xima: 400 kPa (40 m.c.a.)<br \/>\nGrau de Prote\u00e7\u00e3o: IP 24<br \/>\nArmazenamento de \u00e1gua na c\u00e2mara de aquecimento: 200ml<br \/>\nQuantidade de furos do espalhador \/ di\u00e2metro do furo: 71 furos \/ 0,8mm<br \/>\nDi\u00e2metro do espalhador: 81mm<br \/>\nResistividade m\u00ednima de \u00e1gua: 1.300 x cm<br \/>\nPot\u00eancia: 5500w (220v) &#8211; 5000w (127v)<br \/>\nDisjuntor: 32A (220v) &#8211; 40A (127v)<br \/>\nFia\u00e7\u00e3o(mm\u00b2): 4mm (220v) &#8211; 6mm (127v)<br \/>\nDimens\u00f5es do produto: 11.29 x 9.58 x 9.35 cm<\/p>\n<p>Diferenciais:<br \/>\n3 Temperaturas<br \/>\n\u00d3tima vaz\u00e3o d&#8217;\u00e1gua para o seu banho<br \/>\nF\u00e1cil instala\u00e7\u00e3o<br \/>\nAcionamento com baixa press\u00e3o d&#8217;\u00e1gua (1 m.c.a.)<br \/>\nCompat\u00edvel com sistema de prote\u00e7\u00e3o DR<br \/>\nCompat\u00edvel com sistema solar e a g\u00e1s<br \/>\nSistema de prote\u00e7\u00e3o contra choque<\/p>\n<p>*****N\u00c3O ACOMPANHA CANO*****<\/p>\n<p>Itens inclusos:<br \/>\n1 DUCHA LINEA 3 TEMPERATURA 220V 5.500W BRANCO ZAGONEL;<br \/>\n1 Chuveirinho;<br \/>\n1 Mangueira;<br \/>\n1 Suporte para Chuveirinho;<br \/>\n1 Manual de Instru\u00e7\u00f5es;<\/p>\n<p>ATEN\u00c7\u00c3O<br \/>\nEnviado com Nota Fiscal<\/p>\n<p>SOMOS ASSIST\u00caNCIA T\u00c9CNICA AUTORIZADA ZAGONEL.<\/p>","protected":false},"excerpt":{"rendered":"<p>Ducha LINEA 3T Zagonel 5500w 220v Branco A ducha linea possui 3 temperaturas sendo a melhor escolha para quem deseja ter um banho de alto padr\u00e3o com valores acess\u00edveis. Com seu visual clean, Linea \u00e9 sin\u00f4nimo de facilidade, e oferece tudo que voc\u00ea precisa para um banho com qualidade e conforto. Informa\u00e7\u00f5es T\u00e9cnicas: Modelo: Linea [&hellip;]<\/p>","protected":false},"featured_media":671,"comment_status":"open","ping_status":"closed","template":"","meta":[],"product_brand":[],"product_cat":[24],"product_tag":[],"class_list":{"0":"post-584","1":"product","2":"type-product","3":"status-publish","4":"has-post-thumbnail","6":"product_cat-duchas-chuveiros","8":"first","9":"instock","10":"shipping-taxable","11":"purchasable","12":"product-type-simple"},"_links":{"self":[{"href":"https:\/\/www.acquavici.com.br\/en\/wp-json\/wp\/v2\/product\/584","targetHints":{"allow":["GET"]}}],"collection":[{"href":"https:\/\/www.acquavici.com.br\/en\/wp-json\/wp\/v2\/product"}],"about":[{"href":"https:\/\/www.acquavici.com.br\/en\/wp-json\/wp\/v2\/types\/product"}],"replies":[{"embeddable":true,"href":"https:\/\/www.acquavici.com.br\/en\/wp-json\/wp\/v2\/comments?post=584"}],"wp:featuredmedia":[{"embeddable":true,"href":"https:\/\/www.acquavici.com.br\/en\/wp-json\/wp\/v2\/media\/671"}],"wp:attachment":[{"href":"https:\/\/www.acquavici.com.br\/en\/wp-json\/wp\/v2\/media?parent=584"}],"wp:term":[{"taxonomy":"product_brand","embeddable":true,"href":"https:\/\/www.acquavici.com.br\/en\/wp-json\/wp\/v2\/product_brand?post=584"},{"taxonomy":"product_cat","embeddable":true,"href":"https:\/\/www.acquavici.com.br\/en\/wp-json\/wp\/v2\/product_cat?post=584"},{"taxonomy":"product_tag","embeddable":true,"href":"https:\/\/www.acquavici.com.br\/en\/wp-json\/wp\/v2\/product_tag?post=584"}],"curies":[{"name":"wp","href":"https:\/\/api.w.org\/{rel}","templated":true}]}}