{"id":589,"date":"2024-04-17T10:50:57","date_gmt":"2024-04-17T13:50:57","guid":{"rendered":"https:\/\/www.acquavici.com.br\/?post_type=product&#038;p=589"},"modified":"2024-06-26T13:36:42","modified_gmt":"2024-06-26T16:36:42","slug":"motor-para-ventilador-de-teto-ventisol-mx-127v-para-3-pas","status":"publish","type":"product","link":"https:\/\/www.acquavici.com.br\/en\/motor-para-ventilador-de-teto-ventisol-mx-127v-para-3-pas\/","title":{"rendered":"Motor Para Ventilador De Teto Ventisol MX 127v Para 3 P\u00e1s"},"content":{"rendered":"<p>Leia a descri\u00e7\u00e3o do an\u00fancio com aten\u00e7\u00e3o antes de efetuar a sua compra.<\/p>\n<p>Por se tratar de pe\u00e7as de reposi\u00e7\u00e3o, muitas vezes a imagem \u00e9 parecida, mas, compare as medidas informadas com a pe\u00e7a que voc\u00ea possui, evitando assim, transtornos com devolu\u00e7\u00f5es.<\/p>\n<p>Em caso de qualquer d\u00favida, n\u00e3o hesite em nos perguntar, ficaremos felizes em esclarecer todas as suas d\u00favidas.<\/p>\n<p>&#8212;&#8212;&#8212;&#8212;&#8212;&#8212;&#8212;&#8212;&#8212;&#8212;&#8212;&#8212;&#8212;&#8212;&#8212;&#8212;&#8212;&#8212;&#8212;&#8212;&#8212;&#8212;&#8212;&#8212;&#8212;&#8212;&#8212;&#8212;&#8212;&#8211;<br \/>\nEIXO 12 MM<br \/>\nDI\u00c2METRO DO MOTOR: 18 CM<br \/>\nPOT\u00caNCIA: 130W<br \/>\nPARA MOTORES 127V: UTILIZAR CAPACITOR DE 4 UF<br \/>\nPARA MOTORES 220V: UTILIZAR CAPACITOR DE 1.7 UF<br \/>\nGARANTIA DE F\u00c1BRICA: 90 DIAS<br \/>\n&#8212;&#8212;&#8212;&#8212;&#8212;&#8212;&#8212;&#8212;&#8212;&#8212;&#8212;&#8212;&#8212;&#8212;&#8212;&#8212;&#8212;&#8212;&#8212;&#8212;&#8212;&#8212;&#8212;&#8212;&#8212;&#8212;&#8212;&#8212;&#8212;&#8211;<br \/>\nSomos assist\u00eancia autorizada, trabalhamos apenas com pe\u00e7as originais de f\u00e1brica.<br \/>\nCaso tenha alguma d\u00favida, n\u00e3o hesite em nos perguntar, estamos aqui para auxili\u00e1-lo.<\/p>\n<p>MOTOR 1351 130W 127V VENTILADORES DE TETO DE 3 P\u00c1S VENTISOL<br \/>\nCOMPAT\u00cdVEL COM OS MODELOS:<\/p>\n<p>Compat\u00edvel com os modelos Wind, Wind light, Aires, F\u00eanix, Sunny, Estrella, Prisma, Diamond, Petit, Versatti 3 p\u00e1s<\/p>","protected":false},"excerpt":{"rendered":"<p>Leia a descri\u00e7\u00e3o do an\u00fancio com aten\u00e7\u00e3o antes de efetuar a sua compra. Por se tratar de pe\u00e7as de reposi\u00e7\u00e3o, muitas vezes a imagem \u00e9 parecida, mas, compare as medidas informadas com a pe\u00e7a que voc\u00ea possui, evitando assim, transtornos com devolu\u00e7\u00f5es. Em caso de qualquer d\u00favida, n\u00e3o hesite em nos perguntar, ficaremos felizes em [&hellip;]<\/p>","protected":false},"featured_media":687,"comment_status":"open","ping_status":"closed","template":"","meta":[],"product_brand":[],"product_cat":[20],"product_tag":[],"class_list":{"0":"post-589","1":"product","2":"type-product","3":"status-publish","4":"has-post-thumbnail","6":"product_cat-ventilador-de-teto","8":"first","9":"instock","10":"shipping-taxable","11":"purchasable","12":"product-type-simple"},"_links":{"self":[{"href":"https:\/\/www.acquavici.com.br\/en\/wp-json\/wp\/v2\/product\/589","targetHints":{"allow":["GET"]}}],"collection":[{"href":"https:\/\/www.acquavici.com.br\/en\/wp-json\/wp\/v2\/product"}],"about":[{"href":"https:\/\/www.acquavici.com.br\/en\/wp-json\/wp\/v2\/types\/product"}],"replies":[{"embeddable":true,"href":"https:\/\/www.acquavici.com.br\/en\/wp-json\/wp\/v2\/comments?post=589"}],"wp:featuredmedia":[{"embeddable":true,"href":"https:\/\/www.acquavici.com.br\/en\/wp-json\/wp\/v2\/media\/687"}],"wp:attachment":[{"href":"https:\/\/www.acquavici.com.br\/en\/wp-json\/wp\/v2\/media?parent=589"}],"wp:term":[{"taxonomy":"product_brand","embeddable":true,"href":"https:\/\/www.acquavici.com.br\/en\/wp-json\/wp\/v2\/product_brand?post=589"},{"taxonomy":"product_cat","embeddable":true,"href":"https:\/\/www.acquavici.com.br\/en\/wp-json\/wp\/v2\/product_cat?post=589"},{"taxonomy":"product_tag","embeddable":true,"href":"https:\/\/www.acquavici.com.br\/en\/wp-json\/wp\/v2\/product_tag?post=589"}],"curies":[{"name":"wp","href":"https:\/\/api.w.org\/{rel}","templated":true}]}}