{"id":59,"date":"2024-04-17T10:45:39","date_gmt":"2024-04-17T13:45:39","guid":{"rendered":"https:\/\/www.acquavici.com.br\/?post_type=product&#038;p=59"},"modified":"2024-04-17T10:45:45","modified_gmt":"2024-04-17T13:45:45","slug":"kit-pratico-para-instalacao-de-chuveiros-ducha-torneiras-e-aquecedores-lorenzetti","status":"publish","type":"product","link":"https:\/\/www.acquavici.com.br\/en\/kit-pratico-para-instalacao-de-chuveiros-ducha-torneiras-e-aquecedores-lorenzetti\/","title":{"rendered":"Kit pr\u00e1tico para instala\u00e7\u00e3o de chuveiros, ducha, torneiras e aquecedores &#8211; Lorenzetti"},"content":{"rendered":"<p><span class=\"sc-hKwDye dGECku\" data-testid=\"product-detail-title\">Kit pr\u00e1tico para instala\u00e7\u00e3o de chuveiros, ducha, torneiras e aquecedores.<\/span><\/p>\n<div class=\"sc-jRQBWg idUzab sc-jEDbyf cUiOyB\" data-testid=\"product-detail-description\">\n<div>Ideal para conex\u00f5es hidr\u00e1ulica e el\u00e9trica.<\/p>\n<p>Itens inclusos:<br \/>\n1 <span class=\"sc-hKwDye dGECku\" data-testid=\"product-detail-title\">Kit pr\u00e1tico para instala\u00e7\u00e3o de chuveiros, ducha, torneiras e aquecedores<\/span>;<\/div>\n<div>\n<p>ATEN\u00c7\u00c3O<br \/>\nEnviado com Nota Fiscal.<\/p>\n<p>SOMOS ASSIST\u00caNCIA T\u00c9CNICA AUTORIZADA LORENZETTI.<\/p>\n<\/div>\n<\/div>","protected":false},"excerpt":{"rendered":"<p><span class=\"sc-hKwDye dGECku\" data-testid=\"product-detail-title\">Kit pr\u00e1tico para instala\u00e7\u00e3o de chuveiros, ducha, torneiras e aquecedores<\/span><\/p>","protected":false},"featured_media":90,"comment_status":"open","ping_status":"closed","template":"","meta":[],"product_brand":[],"product_cat":[17],"product_tag":[],"class_list":{"0":"post-59","1":"product","2":"type-product","3":"status-publish","4":"has-post-thumbnail","6":"product_cat-pecas-em-geral","8":"first","9":"instock","10":"sale","11":"shipping-taxable","12":"purchasable","13":"product-type-simple"},"_links":{"self":[{"href":"https:\/\/www.acquavici.com.br\/en\/wp-json\/wp\/v2\/product\/59","targetHints":{"allow":["GET"]}}],"collection":[{"href":"https:\/\/www.acquavici.com.br\/en\/wp-json\/wp\/v2\/product"}],"about":[{"href":"https:\/\/www.acquavici.com.br\/en\/wp-json\/wp\/v2\/types\/product"}],"replies":[{"embeddable":true,"href":"https:\/\/www.acquavici.com.br\/en\/wp-json\/wp\/v2\/comments?post=59"}],"wp:featuredmedia":[{"embeddable":true,"href":"https:\/\/www.acquavici.com.br\/en\/wp-json\/wp\/v2\/media\/90"}],"wp:attachment":[{"href":"https:\/\/www.acquavici.com.br\/en\/wp-json\/wp\/v2\/media?parent=59"}],"wp:term":[{"taxonomy":"product_brand","embeddable":true,"href":"https:\/\/www.acquavici.com.br\/en\/wp-json\/wp\/v2\/product_brand?post=59"},{"taxonomy":"product_cat","embeddable":true,"href":"https:\/\/www.acquavici.com.br\/en\/wp-json\/wp\/v2\/product_cat?post=59"},{"taxonomy":"product_tag","embeddable":true,"href":"https:\/\/www.acquavici.com.br\/en\/wp-json\/wp\/v2\/product_tag?post=59"}],"curies":[{"name":"wp","href":"https:\/\/api.w.org\/{rel}","templated":true}]}}