{"id":591,"date":"2024-04-17T10:50:57","date_gmt":"2024-04-17T13:50:57","guid":{"rendered":"https:\/\/www.acquavici.com.br\/?post_type=product&#038;p=591"},"modified":"2025-08-19T16:22:54","modified_gmt":"2025-08-19T19:22:54","slug":"ducha-eletronica-ducali-branco-zagonel-7500w-220v","status":"publish","type":"product","link":"https:\/\/www.acquavici.com.br\/en\/ducha-eletronica-ducali-branco-zagonel-7500w-220v\/","title":{"rendered":"DUCHA DUCALI ELETRONICA 220V 6.800W BRANCO ZAGONEL"},"content":{"rendered":"<p>A Ducha Ducali da Zagonel recebeu esse nome em refer\u00eancia ao pal\u00e1cio Ducal, uma obra-prima arquitet\u00f4nica, situado em Veneza, cidade famosa pelos seus canais e cenas culturais.<\/p>\n<p>Aliando tecnologia de ponta, com design, pesquisa e desenvolvimento, o resultado \u00e9 uma ducha que proporciona uma experi\u00eancia \u00fanica de banho, com um grande espalhador, o que permite uma excelente vaz\u00e3o de \u00e1gua.<\/p>\n<p>Sistema microprocessado de ajuste de temperatura progressiva que fornece a temperatura ideal, garantindo o conforto e a praticidade que voc\u00ea merece. A cor black da ducha \u00e9 mais procurado pois se adequa facilmente aos demais itens de decora\u00e7\u00e3o.<\/p>\n<p>Caracter\u00edsticas:<br \/>\nGrande espalhador: Projetado para uma nova experi\u00eancia de banho;<br \/>\nJato Obediente: Proporciona um banho mais confort\u00e1vel para toda fam\u00edlia;<br \/>\nEspalhador de silicone: Limpe com as m\u00e3os, sem desmontar o produto;<br \/>\nF\u00e1cil troca de resist\u00eancia: N\u00e3o precisa tirar o produto da parede;<br \/>\n\u00c2ngulo de instala\u00e7\u00e3o: Regulagem para ajuste da inclina\u00e7\u00e3o da ducha;<br \/>\nTemperatura progressiva: Ajuste gradual;<br \/>\nLED indicador de temperatura;<br \/>\nF\u00e1cil instala\u00e7\u00e3o: Sistema de engate r\u00e1pido;<br \/>\nCompat\u00edvel com sistema de prote\u00e7\u00e3o DR;<br \/>\nCompat\u00edvel com sistema solar e a g\u00e1s;<br \/>\nAcionamento com baixa press\u00e3o d&#8217;\u00e1gua (1 m.c.a.).<\/p>\n<p>Ducha Ducali Eletr\u00f4nica \u00e9 uma ducha de f\u00e1cil instala\u00e7\u00e3o, que somando design e tecnologia, garante funcionalidade e precis\u00e3o para o melhor banho.<\/p>\n<p>Itens inclusos:<br \/>\n1 DUCHA DUCALI ELETRONICA 220V 6.800W BRANCO ZAGONEL;<br \/>\n1 Chuveirinho;<br \/>\n1 Mangueira;<br \/>\n1 Suporte para Chuveirinho;<br \/>\n1 Haste;<br \/>\n1 Manual de Instru\u00e7\u00f5es;<\/p>\n<p>ATEN\u00c7\u00c3O<br \/>\nEnviado com Nota Fiscal<\/p>\n<p>SOMOS ASSIST\u00caNCIA T\u00c9CNICA AUTORIZADA ZAGONEL.<\/p>","protected":false},"excerpt":{"rendered":"<p>A Ducha Ducali da Zagonel recebeu esse nome em refer\u00eancia ao pal\u00e1cio Ducal, uma obra-prima arquitet\u00f4nica, situado em Veneza, cidade famosa pelos seus canais e cenas culturais. Aliando tecnologia de ponta, com design, pesquisa e desenvolvimento, o resultado \u00e9 uma ducha que proporciona uma experi\u00eancia \u00fanica de banho, com um grande espalhador, o que permite [&hellip;]<\/p>","protected":false},"featured_media":694,"comment_status":"open","ping_status":"closed","template":"","meta":[],"product_brand":[],"product_cat":[24],"product_tag":[],"class_list":{"0":"post-591","1":"product","2":"type-product","3":"status-publish","4":"has-post-thumbnail","6":"product_cat-duchas-chuveiros","8":"first","9":"instock","10":"shipping-taxable","11":"purchasable","12":"product-type-simple"},"_links":{"self":[{"href":"https:\/\/www.acquavici.com.br\/en\/wp-json\/wp\/v2\/product\/591","targetHints":{"allow":["GET"]}}],"collection":[{"href":"https:\/\/www.acquavici.com.br\/en\/wp-json\/wp\/v2\/product"}],"about":[{"href":"https:\/\/www.acquavici.com.br\/en\/wp-json\/wp\/v2\/types\/product"}],"replies":[{"embeddable":true,"href":"https:\/\/www.acquavici.com.br\/en\/wp-json\/wp\/v2\/comments?post=591"}],"wp:featuredmedia":[{"embeddable":true,"href":"https:\/\/www.acquavici.com.br\/en\/wp-json\/wp\/v2\/media\/694"}],"wp:attachment":[{"href":"https:\/\/www.acquavici.com.br\/en\/wp-json\/wp\/v2\/media?parent=591"}],"wp:term":[{"taxonomy":"product_brand","embeddable":true,"href":"https:\/\/www.acquavici.com.br\/en\/wp-json\/wp\/v2\/product_brand?post=591"},{"taxonomy":"product_cat","embeddable":true,"href":"https:\/\/www.acquavici.com.br\/en\/wp-json\/wp\/v2\/product_cat?post=591"},{"taxonomy":"product_tag","embeddable":true,"href":"https:\/\/www.acquavici.com.br\/en\/wp-json\/wp\/v2\/product_tag?post=591"}],"curies":[{"name":"wp","href":"https:\/\/api.w.org\/{rel}","templated":true}]}}