{"id":61,"date":"2024-04-17T10:45:39","date_gmt":"2024-04-17T13:45:39","guid":{"rendered":"https:\/\/www.acquavici.com.br\/?post_type=product&#038;p=61"},"modified":"2024-04-17T10:45:48","modified_gmt":"2024-04-17T13:45:48","slug":"resistencia-aquecedor-central-blindada-cardal-9-100w-220v-re018","status":"publish","type":"product","link":"https:\/\/www.acquavici.com.br\/en\/resistencia-aquecedor-central-blindada-cardal-9-100w-220v-re018\/","title":{"rendered":"Resist\u00eancia Aquecedor Central Blindada Cardal 9.100w 220v RE018"},"content":{"rendered":"<p>Resist\u00eancia Aquecedor Central Blindada Cardal 9.100w 220v RE018<br \/>\nRef.:RE018<br \/>\nFabricante: Cardal<\/p>\n<p>Resist\u00eancia Blindada Aquecedor Cardal 9100w Somente Para Aquecedor Central Eletr\u00f4nico Cardal Resist\u00eancia Com 5 Espirais Comp\u00f5em 01 Re018 &#8211; Resist\u00eancia 220v 9100w 01 P N\u00e3o Use Graxa Ou Vaselina No Aparelho.<\/p>\n<p>Itens inclusos:<br \/>\n1 Resist\u00eancia Aquecedor Central Blindada Cardal 9.100w 220v RE018;<\/p>\n<p>ATEN\u00c7\u00c3O<br \/>\nEnviado com Nota Fiscal.<\/p>\n<p>SOMOS ASSIST\u00caNCIA T\u00c9CNICA AUTORIZADA CARDAL.<\/p>","protected":false},"excerpt":{"rendered":"<p>Resist\u00eancia Blindada Aquecedor Cardal 9100w. Somente Para Aquecedor Central Eletr\u00f4nico Cardal.<\/p>","protected":false},"featured_media":94,"comment_status":"open","ping_status":"closed","template":"","meta":[],"product_brand":[],"product_cat":[17],"product_tag":[],"class_list":{"0":"post-61","1":"product","2":"type-product","3":"status-publish","4":"has-post-thumbnail","6":"product_cat-pecas-em-geral","8":"first","9":"instock","10":"sale","11":"shipping-taxable","12":"purchasable","13":"product-type-simple"},"_links":{"self":[{"href":"https:\/\/www.acquavici.com.br\/en\/wp-json\/wp\/v2\/product\/61","targetHints":{"allow":["GET"]}}],"collection":[{"href":"https:\/\/www.acquavici.com.br\/en\/wp-json\/wp\/v2\/product"}],"about":[{"href":"https:\/\/www.acquavici.com.br\/en\/wp-json\/wp\/v2\/types\/product"}],"replies":[{"embeddable":true,"href":"https:\/\/www.acquavici.com.br\/en\/wp-json\/wp\/v2\/comments?post=61"}],"wp:featuredmedia":[{"embeddable":true,"href":"https:\/\/www.acquavici.com.br\/en\/wp-json\/wp\/v2\/media\/94"}],"wp:attachment":[{"href":"https:\/\/www.acquavici.com.br\/en\/wp-json\/wp\/v2\/media?parent=61"}],"wp:term":[{"taxonomy":"product_brand","embeddable":true,"href":"https:\/\/www.acquavici.com.br\/en\/wp-json\/wp\/v2\/product_brand?post=61"},{"taxonomy":"product_cat","embeddable":true,"href":"https:\/\/www.acquavici.com.br\/en\/wp-json\/wp\/v2\/product_cat?post=61"},{"taxonomy":"product_tag","embeddable":true,"href":"https:\/\/www.acquavici.com.br\/en\/wp-json\/wp\/v2\/product_tag?post=61"}],"curies":[{"name":"wp","href":"https:\/\/api.w.org\/{rel}","templated":true}]}}