{"id":620,"date":"2024-04-17T10:51:22","date_gmt":"2024-04-17T13:51:22","guid":{"rendered":"https:\/\/www.acquavici.com.br\/?post_type=product&#038;p=620"},"modified":"2025-10-27T21:59:53","modified_gmt":"2025-10-28T00:59:53","slug":"kit-controle-remoto-ventilador-de-teto-aliseu-retratil","status":"publish","type":"product","link":"https:\/\/www.acquavici.com.br\/en\/kit-controle-remoto-ventilador-de-teto-aliseu-retratil\/","title":{"rendered":"kit Controle Remoto Ventilador De Teto Aliseu Retratil"},"content":{"rendered":"<p>KIT COMPLETO ; ACESS\u00d3RIO PARA O VENTILADOR DE TETO ALISEU RETRATIL<\/p>\n<p>INCLUSO KIT RECEPTOR E CONTROLE DE VELOCIDADE , CONFORME FOTOS .<\/p>\n<p>O Aliseu Retr\u00e1til \u00e9 um dos lan\u00e7amentos da Aliseu que traz a beleza da decora\u00e7\u00e3o com a efici\u00eancia da ventila\u00e7\u00e3o. Com p\u00e1s retr\u00e1teis que ficam escondidas quando n\u00e3o est\u00e3o em funcionamento, o Aliseu Retr\u00e1til tamb\u00e9m funciona como uma linda lumin\u00e1ria LED de 3 tonalidades .<\/p>\n<p>Controle Remoto: velocidade (6 velocidades), sentido de giro (ventila\u00e7\u00e3o e exaust\u00e3o), acendimento da lumin\u00e1ria, timer e modo \u201cVento Natural\u201d.<\/p>\n<p>ATEN\u00c7\u00c3O<br \/>\nEnviado com Nota Fiscal.<\/p>\n<p>SOMOS ASSIST\u00caNCIA T\u00c9CNICA AUTORIZADA ALISEU.<\/p>","protected":false},"excerpt":{"rendered":"<p>KIT COMPLETO ; ACESS\u00d3RIO PARA O VENTILADOR DE TETO ALISEU RETRATIL INCLUSO KIT RECEPTOR E CONTROLE DE VELOCIDADE , CONFORME FOTOS . O Aliseu Retr\u00e1til \u00e9 um dos lan\u00e7amentos da Aliseu que traz a beleza da decora\u00e7\u00e3o com a efici\u00eancia da ventila\u00e7\u00e3o. Com p\u00e1s retr\u00e1teis que ficam escondidas quando n\u00e3o est\u00e3o em funcionamento, o Aliseu [&hellip;]<\/p>","protected":false},"featured_media":713,"comment_status":"open","ping_status":"closed","template":"","meta":[],"product_brand":[],"product_cat":[20],"product_tag":[],"class_list":{"0":"post-620","1":"product","2":"type-product","3":"status-publish","4":"has-post-thumbnail","6":"product_cat-ventilador-de-teto","8":"first","9":"instock","10":"shipping-taxable","11":"purchasable","12":"product-type-simple"},"_links":{"self":[{"href":"https:\/\/www.acquavici.com.br\/en\/wp-json\/wp\/v2\/product\/620","targetHints":{"allow":["GET"]}}],"collection":[{"href":"https:\/\/www.acquavici.com.br\/en\/wp-json\/wp\/v2\/product"}],"about":[{"href":"https:\/\/www.acquavici.com.br\/en\/wp-json\/wp\/v2\/types\/product"}],"replies":[{"embeddable":true,"href":"https:\/\/www.acquavici.com.br\/en\/wp-json\/wp\/v2\/comments?post=620"}],"wp:featuredmedia":[{"embeddable":true,"href":"https:\/\/www.acquavici.com.br\/en\/wp-json\/wp\/v2\/media\/713"}],"wp:attachment":[{"href":"https:\/\/www.acquavici.com.br\/en\/wp-json\/wp\/v2\/media?parent=620"}],"wp:term":[{"taxonomy":"product_brand","embeddable":true,"href":"https:\/\/www.acquavici.com.br\/en\/wp-json\/wp\/v2\/product_brand?post=620"},{"taxonomy":"product_cat","embeddable":true,"href":"https:\/\/www.acquavici.com.br\/en\/wp-json\/wp\/v2\/product_cat?post=620"},{"taxonomy":"product_tag","embeddable":true,"href":"https:\/\/www.acquavici.com.br\/en\/wp-json\/wp\/v2\/product_tag?post=620"}],"curies":[{"name":"wp","href":"https:\/\/api.w.org\/{rel}","templated":true}]}}