{"id":65,"date":"2024-04-17T10:45:40","date_gmt":"2024-04-17T13:45:40","guid":{"rendered":"https:\/\/www.acquavici.com.br\/?post_type=product&#038;p=65"},"modified":"2024-04-17T10:45:52","modified_gmt":"2024-04-17T13:45:52","slug":"torneira-p-lavatorio-de-mesa-bica-alta-cr-lorenzetti-1195-f31","status":"publish","type":"product","link":"https:\/\/www.acquavici.com.br\/en\/torneira-p-lavatorio-de-mesa-bica-alta-cr-lorenzetti-1195-f31\/","title":{"rendered":"Torneira P\/Lavat\u00f3rio de Mesa Bica Alta CR Lorenzetti 1195 F31"},"content":{"rendered":"<p>Torneira para lavat\u00f3rio de mesa bica alta Bric uma pe\u00e7a perfeita para trazer mais praticidade e bom gosto ao seu banheiro.<br \/>\nSeu design clean transmite modernidade e proporciona conforto no uso.<br \/>\nCharmosa e feita para durar, ela \u00e9 fabricada em Pl\u00e1stico de engenharia super-resistente e leve.<br \/>\nMaior praticidade e conforto no manuseio do produto, economia de \u00e1gua e vida \u00fatil. Produtos de decora\u00e7\u00e3o n\u00e3o inclusos.<br \/>\nPraticidade e bom gosto ao seu banheiro.<\/p>\n<p>Descri\u00e7\u00e3o:<br \/>\nLinha: Bric<br \/>\nModelo: 1195 F31<br \/>\nBica: Alta<br \/>\nMaterial: Pl\u00e1stico de engenharia<br \/>\nAcabamento: Cromada<br \/>\nAltura da base ao arejador: 19,8 cm<br \/>\nAltura total: 22,3 cm<br \/>\nLargura da base ao arejador: 10,7 cm<br \/>\nMecanismo de veda\u00e7\u00e3o cer\u00e2mico: 1\/4 de volta<br \/>\nTipo do volante: Cruzeta<br \/>\nArejador: Jato de \u00e1gua uniforme<br \/>\nMarca: Lorenzetti<br \/>\nConte\u00fado da embalagem: 1 Torneira<br \/>\nDimens\u00f5es aproximadas da embalagem: 23 x 22 x 36 cm (A x L x C)<br \/>\nPeso aproximado da embalagem: 0,2 Kg<\/p>\n<p>Itens inclusos:<br \/>\n1 Torneira P\/Lavat\u00f3rio de Mesa Bica Alta CR Lorenzetti 1195 F31;<br \/>\n1 Manual de Instru\u00e7\u00f5es;<\/p>\n<p>ATEN\u00c7\u00c3O<br \/>\nEnviado com Nota Fiscal.<\/p>\n<p>SOMOS ASSIST\u00caNCIA T\u00c9CNICA AUTORIZADA LORENZETTI<\/p>","protected":false},"excerpt":{"rendered":"<p>Torneira para lavat\u00f3rio de mesa bica alta Bric uma pe\u00e7a perfeita para trazer mais praticidade e bom gosto ao seu banheiro. Seu design clean transmite modernidade e proporciona conforto no uso.<\/p>","protected":false},"featured_media":104,"comment_status":"open","ping_status":"closed","template":"","meta":[],"product_brand":[],"product_cat":[18,19],"product_tag":[],"class_list":{"0":"post-65","1":"product","2":"type-product","3":"status-publish","4":"has-post-thumbnail","6":"product_cat-ofertas","7":"product_cat-torneiras","9":"first","10":"instock","11":"shipping-taxable","12":"purchasable","13":"product-type-simple"},"_links":{"self":[{"href":"https:\/\/www.acquavici.com.br\/en\/wp-json\/wp\/v2\/product\/65","targetHints":{"allow":["GET"]}}],"collection":[{"href":"https:\/\/www.acquavici.com.br\/en\/wp-json\/wp\/v2\/product"}],"about":[{"href":"https:\/\/www.acquavici.com.br\/en\/wp-json\/wp\/v2\/types\/product"}],"replies":[{"embeddable":true,"href":"https:\/\/www.acquavici.com.br\/en\/wp-json\/wp\/v2\/comments?post=65"}],"wp:featuredmedia":[{"embeddable":true,"href":"https:\/\/www.acquavici.com.br\/en\/wp-json\/wp\/v2\/media\/104"}],"wp:attachment":[{"href":"https:\/\/www.acquavici.com.br\/en\/wp-json\/wp\/v2\/media?parent=65"}],"wp:term":[{"taxonomy":"product_brand","embeddable":true,"href":"https:\/\/www.acquavici.com.br\/en\/wp-json\/wp\/v2\/product_brand?post=65"},{"taxonomy":"product_cat","embeddable":true,"href":"https:\/\/www.acquavici.com.br\/en\/wp-json\/wp\/v2\/product_cat?post=65"},{"taxonomy":"product_tag","embeddable":true,"href":"https:\/\/www.acquavici.com.br\/en\/wp-json\/wp\/v2\/product_tag?post=65"}],"curies":[{"name":"wp","href":"https:\/\/api.w.org\/{rel}","templated":true}]}}