{"id":655,"date":"2024-04-17T10:51:45","date_gmt":"2024-04-17T13:51:45","guid":{"rendered":"https:\/\/www.acquavici.com.br\/?post_type=product&#038;p=655"},"modified":"2024-04-17T10:52:19","modified_gmt":"2024-04-17T13:52:19","slug":"chuveiro-eletronico-star-turbo-110v-7700w-branca","status":"publish","type":"product","link":"https:\/\/www.acquavici.com.br\/en\/chuveiro-eletronico-star-turbo-110v-7700w-branca\/","title":{"rendered":"Chuveiro Eletr\u00f4nico STAR TURBO 110v 7700w Branca"},"content":{"rendered":"<p>A Ducha Star Turbo possui design compacto, desenvolvido para deixar seu banheiro mais bonito. Seu espalhador, especialmente projetado para um banho com a intensidade e a quantidade certa de \u00e1gua, evitando desperd\u00edcios. Possui sistema de controle de temperatura eletr\u00f4nico que permite alterar a temperatura de forma gradual e dispensa o desligamento da ducha para a troca da temperatura.<\/p>","protected":false},"excerpt":{"rendered":"<p>A Ducha Star Turbo possui design compacto, desenvolvido para deixar seu banheiro mais bonito. Seu espalhador, especialmente projetado para um banho com a intensidade e a quantidade certa de \u00e1gua, evitando desperd\u00edcios. Possui sistema de controle de temperatura eletr\u00f4nico que permite alterar a temperatura de forma gradual e dispensa o desligamento da ducha para a [&hellip;]<\/p>","protected":false},"featured_media":304,"comment_status":"open","ping_status":"closed","template":"","meta":[],"product_brand":[],"product_cat":[24],"product_tag":[],"class_list":{"0":"post-655","1":"product","2":"type-product","3":"status-publish","4":"has-post-thumbnail","6":"product_cat-duchas-chuveiros","8":"first","9":"instock","10":"shipping-taxable","11":"purchasable","12":"product-type-simple"},"_links":{"self":[{"href":"https:\/\/www.acquavici.com.br\/en\/wp-json\/wp\/v2\/product\/655","targetHints":{"allow":["GET"]}}],"collection":[{"href":"https:\/\/www.acquavici.com.br\/en\/wp-json\/wp\/v2\/product"}],"about":[{"href":"https:\/\/www.acquavici.com.br\/en\/wp-json\/wp\/v2\/types\/product"}],"replies":[{"embeddable":true,"href":"https:\/\/www.acquavici.com.br\/en\/wp-json\/wp\/v2\/comments?post=655"}],"wp:featuredmedia":[{"embeddable":true,"href":"https:\/\/www.acquavici.com.br\/en\/wp-json\/wp\/v2\/media\/304"}],"wp:attachment":[{"href":"https:\/\/www.acquavici.com.br\/en\/wp-json\/wp\/v2\/media?parent=655"}],"wp:term":[{"taxonomy":"product_brand","embeddable":true,"href":"https:\/\/www.acquavici.com.br\/en\/wp-json\/wp\/v2\/product_brand?post=655"},{"taxonomy":"product_cat","embeddable":true,"href":"https:\/\/www.acquavici.com.br\/en\/wp-json\/wp\/v2\/product_cat?post=655"},{"taxonomy":"product_tag","embeddable":true,"href":"https:\/\/www.acquavici.com.br\/en\/wp-json\/wp\/v2\/product_tag?post=655"}],"curies":[{"name":"wp","href":"https:\/\/api.w.org\/{rel}","templated":true}]}}