{"id":659,"date":"2024-04-17T10:51:46","date_gmt":"2024-04-17T13:51:46","guid":{"rendered":"https:\/\/www.acquavici.com.br\/?post_type=product&#038;p=659"},"modified":"2025-07-23T14:47:20","modified_gmt":"2025-07-23T17:47:20","slug":"controle-de-parede-aliseu-tipo-a-exclusivo-p-receptor-ic55","status":"publish","type":"product","link":"https:\/\/www.acquavici.com.br\/en\/controle-de-parede-aliseu-tipo-a-exclusivo-p-receptor-ic55\/","title":{"rendered":"Controle De Parede Aliseu Tipo A Exclusivo P\/ Receptor Ic55"},"content":{"rendered":"<p>O Controle de Parede p\/Ventilador de teto Tipo Aliseu \u00e9 compat\u00edvel com controle remoto IC55, podendo ser usado em conjunto.<\/p>\n<p>N\u00e3o \u00e9 compat\u00edvel para o uso sem controle remoto.<\/p>\n<p>Caracter\u00edsticas:<br \/>\nVoltagem 127v\/220v<br \/>\nUso em ventiladores de teto Aliseu<br \/>\nRegula a velocidade e controla a ventila\u00e7\u00e3o<br \/>\nChave liga \/ desliga para l\u00e2mpadas<br \/>\nCor Branco<br \/>\nMaterial Pl\u00e1stico<\/p>\n<p>Itens inclusos:<br \/>\n1 Controle de parede Tipo A para Ventilador de Teto Aliseu;<br \/>\n1 Manual de Instru\u00e7\u00f5es;<\/p>\n<p>ATEN\u00c7\u00c3O<br \/>\nEnviado com Nota Fiscal.<\/p>\n<p>SOMOS ASSIST\u00caNCIA T\u00c9CNICA AUTORIZADA ALISEU.<\/p>","protected":false},"excerpt":{"rendered":"<p>O Controle de Parede p\/Ventilador de teto Tipo Aliseu \u00e9 compat\u00edvel com controle remoto IC55, podendo ser usado em conjunto. N\u00e3o \u00e9 compat\u00edvel para o uso sem controle remoto. Caracter\u00edsticas: Voltagem 127v\/220v Uso em ventiladores de teto Aliseu Regula a velocidade e controla a ventila\u00e7\u00e3o Chave liga \/ desliga para l\u00e2mpadas Cor Branco Material Pl\u00e1stico [&hellip;]<\/p>","protected":false},"featured_media":727,"comment_status":"open","ping_status":"closed","template":"","meta":[],"product_brand":[],"product_cat":[20],"product_tag":[],"class_list":{"0":"post-659","1":"product","2":"type-product","3":"status-publish","4":"has-post-thumbnail","6":"product_cat-ventilador-de-teto","8":"first","9":"instock","10":"shipping-taxable","11":"purchasable","12":"product-type-simple"},"_links":{"self":[{"href":"https:\/\/www.acquavici.com.br\/en\/wp-json\/wp\/v2\/product\/659","targetHints":{"allow":["GET"]}}],"collection":[{"href":"https:\/\/www.acquavici.com.br\/en\/wp-json\/wp\/v2\/product"}],"about":[{"href":"https:\/\/www.acquavici.com.br\/en\/wp-json\/wp\/v2\/types\/product"}],"replies":[{"embeddable":true,"href":"https:\/\/www.acquavici.com.br\/en\/wp-json\/wp\/v2\/comments?post=659"}],"wp:featuredmedia":[{"embeddable":true,"href":"https:\/\/www.acquavici.com.br\/en\/wp-json\/wp\/v2\/media\/727"}],"wp:attachment":[{"href":"https:\/\/www.acquavici.com.br\/en\/wp-json\/wp\/v2\/media?parent=659"}],"wp:term":[{"taxonomy":"product_brand","embeddable":true,"href":"https:\/\/www.acquavici.com.br\/en\/wp-json\/wp\/v2\/product_brand?post=659"},{"taxonomy":"product_cat","embeddable":true,"href":"https:\/\/www.acquavici.com.br\/en\/wp-json\/wp\/v2\/product_cat?post=659"},{"taxonomy":"product_tag","embeddable":true,"href":"https:\/\/www.acquavici.com.br\/en\/wp-json\/wp\/v2\/product_tag?post=659"}],"curies":[{"name":"wp","href":"https:\/\/api.w.org\/{rel}","templated":true}]}}