{"id":666,"date":"2024-04-17T10:51:47","date_gmt":"2024-04-17T13:51:47","guid":{"rendered":"https:\/\/www.acquavici.com.br\/?post_type=product&#038;p=666"},"modified":"2024-04-17T10:52:39","modified_gmt":"2024-04-17T13:52:39","slug":"aquecedor-p-piscina-digital-cardal-220v-4000w-aq-260-2","status":"publish","type":"product","link":"https:\/\/www.acquavici.com.br\/en\/aquecedor-p-piscina-digital-cardal-220v-4000w-aq-260-2\/","title":{"rendered":"Aquecedor P\/ Piscina DIGITAL Cardal 220v 4000w AQ-260\/2"},"content":{"rendered":"<p>A nova linha de Aquecedores para Piscina foi desenvolvida para atender a necessidade de mercado com uma solu\u00e7\u00e3o simples e econ\u00f4mica para as piscinas de apartamentos de cobertura e resid\u00eancias, onde n\u00e3o h\u00e1 espa\u00e7o e nem condi\u00e7\u00f5es f\u00edsicas para a instala\u00e7\u00e3o de outros sistemas de aquecimento de \u00e1gua (bomba de calor, aquecedor solar ou a g\u00e1s).<br \/>\nOs outros sistemas de aquecimento para piscina (bomba de calor, aquecedor solar ou a g\u00e1s), al\u00e9m de terem custo muito elevado, requerem instala\u00e7\u00f5es complexas e em locais abertos e ventilados, nem sempre dispon\u00edveis nas proximidades de piscina. Devido a sua versatilidade e pequenas dimens\u00f5es, qualquer um dos modelos da nova Linha de Aquecedores para Piscina pode ser instalado pr\u00f3ximo \u00e0 bomba de filtragem, na &#8220;casa de m\u00e1quina da piscina&#8221;, proporcionando uma temperatura agrad\u00e1vel da \u00e1gua da piscina (26\u00b0C a 28\u00b0C), em qualquer \u00e9poca do ano.<\/p>\n<p>Marca: Cardal<br \/>\nModelo: Aquecedor de Piscina Digital (AQ-260\/2)<br \/>\nPotencia: 4.000W<br \/>\nTens\u00e3o: 220V<br \/>\nCor: Branco<br \/>\nTipo de aquecedor: Digital<\/p>\n<p>Informa\u00e7\u00f5es t\u00e9cnicas:<br \/>\nPiscina at\u00e9 10.000 litros<br \/>\nFia\u00e7\u00e3o M\u00ednima: 2,5mm\u00b2<br \/>\nPress\u00e3o m\u00ednima de funcionamento: 10 kPa (1 mca)<br \/>\nPress\u00e3o m\u00e1xima de funcionamento: 400 kPa (40 mca)<br \/>\nDisjuntor: 20 a<\/p>\n<p>Itens inclusos:<br \/>\n01 Aquecedor;<br \/>\n01 Kit instala f\u00e1cil;<br \/>\n01 Manual de Instru\u00e7\u00f5es;<br \/>\n01 Termo de Garantia;<br \/>\n01 Rela\u00e7\u00e3o de Rede Autorizada.<\/p>\n<p>ATEN\u00c7\u00c3O<br \/>\nEnviado com nota fiscal<\/p>\n<p>SOMOS ASSIST\u00caNCIA T\u00c9CNICA AUTORIZADA CARDAL<\/p>","protected":false},"excerpt":{"rendered":"<p>A nova linha de Aquecedores para Piscina foi desenvolvida para atender a necessidade de mercado com uma solu\u00e7\u00e3o simples e econ\u00f4mica para as piscinas de apartamentos de cobertura e resid\u00eancias, onde n\u00e3o h\u00e1 espa\u00e7o e nem condi\u00e7\u00f5es f\u00edsicas para a instala\u00e7\u00e3o de outros sistemas de aquecimento de \u00e1gua (bomba de calor, aquecedor solar ou a [&hellip;]<\/p>","protected":false},"featured_media":764,"comment_status":"open","ping_status":"closed","template":"","meta":[],"product_brand":[],"product_cat":[21],"product_tag":[],"class_list":{"0":"post-666","1":"product","2":"type-product","3":"status-publish","4":"has-post-thumbnail","6":"product_cat-aquecedor-eletrico","8":"first","9":"instock","10":"shipping-taxable","11":"purchasable","12":"product-type-simple"},"_links":{"self":[{"href":"https:\/\/www.acquavici.com.br\/en\/wp-json\/wp\/v2\/product\/666","targetHints":{"allow":["GET"]}}],"collection":[{"href":"https:\/\/www.acquavici.com.br\/en\/wp-json\/wp\/v2\/product"}],"about":[{"href":"https:\/\/www.acquavici.com.br\/en\/wp-json\/wp\/v2\/types\/product"}],"replies":[{"embeddable":true,"href":"https:\/\/www.acquavici.com.br\/en\/wp-json\/wp\/v2\/comments?post=666"}],"wp:featuredmedia":[{"embeddable":true,"href":"https:\/\/www.acquavici.com.br\/en\/wp-json\/wp\/v2\/media\/764"}],"wp:attachment":[{"href":"https:\/\/www.acquavici.com.br\/en\/wp-json\/wp\/v2\/media?parent=666"}],"wp:term":[{"taxonomy":"product_brand","embeddable":true,"href":"https:\/\/www.acquavici.com.br\/en\/wp-json\/wp\/v2\/product_brand?post=666"},{"taxonomy":"product_cat","embeddable":true,"href":"https:\/\/www.acquavici.com.br\/en\/wp-json\/wp\/v2\/product_cat?post=666"},{"taxonomy":"product_tag","embeddable":true,"href":"https:\/\/www.acquavici.com.br\/en\/wp-json\/wp\/v2\/product_tag?post=666"}],"curies":[{"name":"wp","href":"https:\/\/api.w.org\/{rel}","templated":true}]}}