{"id":667,"date":"2024-04-17T10:51:47","date_gmt":"2024-04-17T13:51:47","guid":{"rendered":"https:\/\/www.acquavici.com.br\/?post_type=product&#038;p=667"},"modified":"2025-08-09T10:10:35","modified_gmt":"2025-08-09T13:10:35","slug":"aquecedor-spa-piscina-painel-digital-remoto-cardal-220v-4000w-aq-176-2","status":"publish","type":"product","link":"https:\/\/www.acquavici.com.br\/en\/aquecedor-spa-piscina-painel-digital-remoto-cardal-220v-4000w-aq-176-2\/","title":{"rendered":"Aquecedor SPA\/PISCINA Painel DIGITAL Remoto Cardal 220v 4000w AQ-176\/2"},"content":{"rendered":"<p>Atende piscinas e ou spa at\u00e9 10.000 litros, compacto e de f\u00e1cil instala\u00e7\u00e3o, painel de comando digital que pode acoplar at\u00e9 2 modulares para minimizar o tempo de aquecimento da piscina F\u00e1cil instala\u00e7\u00e3o. Sem a necessidade de serrar canos, com o exclusivo Kit Instala F\u00e1cil e engates flex\u00edveis, a instala\u00e7\u00e3o do Aquecedor para Piscina \u00e9 feita em minutos. Resist\u00eancia Blindada em A\u00e7o Inoxid\u00e1vel para garantir maior durabilidade. Na Resist\u00eancia Blindada n\u00e3o h\u00e1 contato direto entre a \u00e1gua e o elemento de aquecimento, portanto n\u00e3o h\u00e1 corros\u00e3o provocada pelos produtos qu\u00edmicos utilizados na piscina<\/p>\n<p>Marca: Cardal<br \/>\nModelo: Aquecedor de SPA\/Piscina Painel Digital Remoto (AQ-176\/2)<br \/>\nPotencia: 4.000W<br \/>\nTens\u00e3o: 220V<br \/>\nCor: Branco<br \/>\nTipo de aquecedor: Digital<\/p>\n<p>Informa\u00e7\u00f5es t\u00e9cnicas:<br \/>\nPiscina at\u00e9 10.000 litros<br \/>\nFia\u00e7\u00e3o M\u00ednima: 2,5mm\u00b2<br \/>\nPress\u00e3o m\u00ednima de funcionamento: 10 kPa (1 mca)<br \/>\nPress\u00e3o m\u00e1xima de funcionamento: 400 kPa (40 mca)<br \/>\nDisjuntor: 20 a<\/p>\n<p>Itens inclusos:<br \/>\n01 Aquecedor;<br \/>\n01 Kit instala f\u00e1cil;<br \/>\n01 Manual de Instru\u00e7\u00f5es;<br \/>\n01 Termo de Garantia;<br \/>\n01 Rela\u00e7\u00e3o de Rede Autorizada.<\/p>\n<p>ATEN\u00c7\u00c3O<br \/>\nEnviado com nota fiscal<\/p>\n<p>SOMOS ASSIST\u00caNCIA T\u00c9CNICA AUTORIZADA CARDAL<\/p>","protected":false},"excerpt":{"rendered":"<p>Atende piscinas e ou spa at\u00e9 10.000 litros, compacto e de f\u00e1cil instala\u00e7\u00e3o, painel de comando digital que pode acoplar at\u00e9 2 modulares para minimizar o tempo de aquecimento da piscina F\u00e1cil instala\u00e7\u00e3o. Sem a necessidade de serrar canos, com o exclusivo Kit Instala F\u00e1cil e engates flex\u00edveis, a instala\u00e7\u00e3o do Aquecedor para Piscina \u00e9 [&hellip;]<\/p>","protected":false},"featured_media":768,"comment_status":"open","ping_status":"closed","template":"","meta":[],"product_brand":[],"product_cat":[21],"product_tag":[],"class_list":{"0":"post-667","1":"product","2":"type-product","3":"status-publish","4":"has-post-thumbnail","6":"product_cat-aquecedor-eletrico","8":"first","9":"instock","10":"shipping-taxable","11":"purchasable","12":"product-type-simple"},"_links":{"self":[{"href":"https:\/\/www.acquavici.com.br\/en\/wp-json\/wp\/v2\/product\/667","targetHints":{"allow":["GET"]}}],"collection":[{"href":"https:\/\/www.acquavici.com.br\/en\/wp-json\/wp\/v2\/product"}],"about":[{"href":"https:\/\/www.acquavici.com.br\/en\/wp-json\/wp\/v2\/types\/product"}],"replies":[{"embeddable":true,"href":"https:\/\/www.acquavici.com.br\/en\/wp-json\/wp\/v2\/comments?post=667"}],"wp:featuredmedia":[{"embeddable":true,"href":"https:\/\/www.acquavici.com.br\/en\/wp-json\/wp\/v2\/media\/768"}],"wp:attachment":[{"href":"https:\/\/www.acquavici.com.br\/en\/wp-json\/wp\/v2\/media?parent=667"}],"wp:term":[{"taxonomy":"product_brand","embeddable":true,"href":"https:\/\/www.acquavici.com.br\/en\/wp-json\/wp\/v2\/product_brand?post=667"},{"taxonomy":"product_cat","embeddable":true,"href":"https:\/\/www.acquavici.com.br\/en\/wp-json\/wp\/v2\/product_cat?post=667"},{"taxonomy":"product_tag","embeddable":true,"href":"https:\/\/www.acquavici.com.br\/en\/wp-json\/wp\/v2\/product_tag?post=667"}],"curies":[{"name":"wp","href":"https:\/\/api.w.org\/{rel}","templated":true}]}}