{"id":67,"date":"2024-04-17T10:45:40","date_gmt":"2024-04-17T13:45:40","guid":{"rendered":"https:\/\/www.acquavici.com.br\/?post_type=product&#038;p=67"},"modified":"2024-04-17T10:46:00","modified_gmt":"2024-04-17T13:46:00","slug":"resistencia-aquecedor-central-bx-4t-5t-cardal-9kw-220v-re038","status":"publish","type":"product","link":"https:\/\/www.acquavici.com.br\/en\/resistencia-aquecedor-central-bx-4t-5t-cardal-9kw-220v-re038\/","title":{"rendered":"Resist\u00eancia Aquecedor Central Bx 4T\/5T Cardal 9kw 220v RE038"},"content":{"rendered":"<p>Resist\u00eancia encapsulada Aquecedor Central Bx Cardal 4t e 5t 220v 9100w RE038<\/p>\n<p>Ref.: re038<br \/>\nFabricante: cardal<\/p>\n<p>Para aquecedor central eletr\u00f4nico cardal 4t e 5t<br \/>\nPot\u00eancia nominal: 9000w<br \/>\nTens\u00e3o: 220v<\/p>\n<p>Itens inclusos:<br \/>\n1 Resist\u00eancia Aquecedor Central Bx Cardal 4t e 5t 220v 9100w RE038;<\/p>\n<p>ATEN\u00c7\u00c3O<br \/>\nEnviado com Nota Fiscal.<\/p>\n<p>SOMOS ASSIST\u00caNCIA T\u00c9CNICA AUTORIZADA CARDAL.<\/p>","protected":false},"excerpt":{"rendered":"<p>Resist\u00eancia encapsulada Aquecedor Central Bx Cardal 4t e 5t 220v 9100w RE038 Ref.: re038 Fabricante: cardal Para aquecedor central eletr\u00f4nico cardal 4t e 5t Pot\u00eancia nominal: 9000w Tens\u00e3o: 220v Itens inclusos: 1 Resist\u00eancia Aquecedor Central Bx Cardal 4t e 5t 220v 9100w RE038; ATEN\u00c7\u00c3O Enviado com Nota Fiscal. SOMOS ASSIST\u00caNCIA T\u00c9CNICA AUTORIZADA CARDAL.<\/p>","protected":false},"featured_media":109,"comment_status":"open","ping_status":"closed","template":"","meta":[],"product_brand":[],"product_cat":[17],"product_tag":[],"class_list":{"0":"post-67","1":"product","2":"type-product","3":"status-publish","4":"has-post-thumbnail","6":"product_cat-pecas-em-geral","8":"first","9":"instock","10":"shipping-taxable","11":"purchasable","12":"product-type-simple"},"_links":{"self":[{"href":"https:\/\/www.acquavici.com.br\/en\/wp-json\/wp\/v2\/product\/67","targetHints":{"allow":["GET"]}}],"collection":[{"href":"https:\/\/www.acquavici.com.br\/en\/wp-json\/wp\/v2\/product"}],"about":[{"href":"https:\/\/www.acquavici.com.br\/en\/wp-json\/wp\/v2\/types\/product"}],"replies":[{"embeddable":true,"href":"https:\/\/www.acquavici.com.br\/en\/wp-json\/wp\/v2\/comments?post=67"}],"wp:featuredmedia":[{"embeddable":true,"href":"https:\/\/www.acquavici.com.br\/en\/wp-json\/wp\/v2\/media\/109"}],"wp:attachment":[{"href":"https:\/\/www.acquavici.com.br\/en\/wp-json\/wp\/v2\/media?parent=67"}],"wp:term":[{"taxonomy":"product_brand","embeddable":true,"href":"https:\/\/www.acquavici.com.br\/en\/wp-json\/wp\/v2\/product_brand?post=67"},{"taxonomy":"product_cat","embeddable":true,"href":"https:\/\/www.acquavici.com.br\/en\/wp-json\/wp\/v2\/product_cat?post=67"},{"taxonomy":"product_tag","embeddable":true,"href":"https:\/\/www.acquavici.com.br\/en\/wp-json\/wp\/v2\/product_tag?post=67"}],"curies":[{"name":"wp","href":"https:\/\/api.w.org\/{rel}","templated":true}]}}