{"id":68,"date":"2024-04-17T10:45:40","date_gmt":"2024-04-17T13:45:40","guid":{"rendered":"https:\/\/www.acquavici.com.br\/?post_type=product&#038;p=68"},"modified":"2024-04-17T10:46:05","modified_gmt":"2024-04-17T13:46:05","slug":"ventilador-de-teto-3-pas-terral-aliseu-127v-preto","status":"publish","type":"product","link":"https:\/\/www.acquavici.com.br\/en\/ventilador-de-teto-3-pas-terral-aliseu-127v-preto\/","title":{"rendered":"Ventilador de Teto 3 p\u00e1s Terral Aliseu 127V Preto"},"content":{"rendered":"<p>Marca: Aliseu<br \/>\nModelo: Terral<br \/>\nGarantia: 24 meses<br \/>\nCor: Preto<br \/>\nMaterial: Termopl\u00e1sticos, metais, vidro e componentes eletr\u00f4nicos altura do produto: 42 cm<br \/>\nVoltagem: 127V<br \/>\nOrigem: Nacional<br \/>\nPot\u00eancia: 2&#215;25<br \/>\nAcabamento: Motor com pintura eletrost\u00e1tica<br \/>\nPeso bruto: 6 kg<br \/>\nPeso l\u00edquido: 5,4 kg<br \/>\nUso: Parede<br \/>\nCertifica\u00e7\u00e3o: Produto certificado de acordo com a classe A de acordo com a classifica\u00e7\u00e3o energ\u00e9tica do Procel<br \/>\nInclui l\u00e2mpadas: N\u00e3o<br \/>\nTipo de l\u00e2mpada: Eletr\u00f4nica ou incandescente<br \/>\nTipo de soquete: E27<br \/>\nMotor revers\u00edvel: Sim<br \/>\nN\u00famero de pas: 3 p\u00e1s<br \/>\nRota\u00e7\u00e3o: 300<br \/>\nVelocidades: 3<br \/>\nDi\u00e2metro: 128 cm<br \/>\nDi\u00e2metro h\u00e9lice: 128,00 cm<br \/>\nN\u00b0 de l\u00e2mpadas: 2<\/p>\n<p>Itens inclusos:<br \/>\n1 Ventilador de Teto 3 p\u00e1s Terral Aliseu 127V Preto;<br \/>\n1 Manual de Instru\u00e7\u00f5es;<\/p>\n<p>ATEN\u00c7\u00c3O<br \/>\nEnviado com Nota Fiscal.<\/p>\n<p>SOMOS ASSIST\u00caNCIA T\u00c9CNICA AUTORIZADA ALISEU.<\/p>","protected":false},"excerpt":{"rendered":"<p>Marca: Aliseu modelo: Terral garantia: 24 meses cor: Preto material: Termopl\u00e1sticos, metais, vidro e componentes eletr\u00f4nicos altura do produto: 42 cm voltagem: 127V<\/p>","protected":false},"featured_media":113,"comment_status":"open","ping_status":"closed","template":"","meta":[],"product_brand":[],"product_cat":[20],"product_tag":[],"class_list":{"0":"post-68","1":"product","2":"type-product","3":"status-publish","4":"has-post-thumbnail","6":"product_cat-ventilador-de-teto","8":"first","9":"instock","10":"shipping-taxable","11":"purchasable","12":"product-type-simple"},"_links":{"self":[{"href":"https:\/\/www.acquavici.com.br\/en\/wp-json\/wp\/v2\/product\/68","targetHints":{"allow":["GET"]}}],"collection":[{"href":"https:\/\/www.acquavici.com.br\/en\/wp-json\/wp\/v2\/product"}],"about":[{"href":"https:\/\/www.acquavici.com.br\/en\/wp-json\/wp\/v2\/types\/product"}],"replies":[{"embeddable":true,"href":"https:\/\/www.acquavici.com.br\/en\/wp-json\/wp\/v2\/comments?post=68"}],"wp:featuredmedia":[{"embeddable":true,"href":"https:\/\/www.acquavici.com.br\/en\/wp-json\/wp\/v2\/media\/113"}],"wp:attachment":[{"href":"https:\/\/www.acquavici.com.br\/en\/wp-json\/wp\/v2\/media?parent=68"}],"wp:term":[{"taxonomy":"product_brand","embeddable":true,"href":"https:\/\/www.acquavici.com.br\/en\/wp-json\/wp\/v2\/product_brand?post=68"},{"taxonomy":"product_cat","embeddable":true,"href":"https:\/\/www.acquavici.com.br\/en\/wp-json\/wp\/v2\/product_cat?post=68"},{"taxonomy":"product_tag","embeddable":true,"href":"https:\/\/www.acquavici.com.br\/en\/wp-json\/wp\/v2\/product_tag?post=68"}],"curies":[{"name":"wp","href":"https:\/\/api.w.org\/{rel}","templated":true}]}}