{"id":699,"date":"2024-04-17T10:52:08","date_gmt":"2024-04-17T13:52:08","guid":{"rendered":"https:\/\/www.acquavici.com.br\/?post_type=product&#038;p=699"},"modified":"2025-08-21T12:57:53","modified_gmt":"2025-08-21T15:57:53","slug":"aquecedor-p-piscina-mini-cardal-110v-2000w-aq-265-1","status":"publish","type":"product","link":"https:\/\/www.acquavici.com.br\/en\/aquecedor-p-piscina-mini-cardal-110v-2000w-aq-265-1\/","title":{"rendered":"Aquecedor P\/ Piscina MINI Cardal 110v 2000w AQ-265\/1"},"content":{"rendered":"<p>Aquecedor Cardal Mini p\/ Piscina Infl\u00e1vel 110V 2000W<\/p>\n<p>O novo Aquecedor para Piscina Mini foi desenvolvido para atender a necessidade de mercado com uma solu\u00e7\u00e3o simples e econ\u00f4mica para PISCINAS INFL\u00c1VEIS ou DESMONT\u00c1VEIS, onde n\u00e3o \u00e9 poss\u00edvel a utiliza\u00e7\u00e3o de qualquer solu\u00e7\u00e3o de aquecimento de \u00e1gua (bomba de calor, aquecedor solar ou a g\u00e1s) quer pela facilidade de se poder desmontar e guardar a piscina\/acess\u00f3rios, quando n\u00e3o est\u00e3o em uso, ou pelas caracter\u00edsticas da bomba de filtragem, tipo refil. Devido a sua versatilidade e pequenas dimens\u00f5es, o Aquecedor para Piscina Mini pode ser instalado pr\u00f3ximo \u00e0 bomba de filtragem proporcionando uma temperatura agrad\u00e1vel da \u00e1gua (26\u00b0C a 28\u00b0C), em qualquer \u00e9poca do ano.<\/p>\n<p>Informa\u00e7\u00f5es t\u00e9cnicas:<br \/>\nMarca: Cardal<br \/>\nCor: Branco<br \/>\nModelo: Aquecedor Mini<br \/>\nEnergia de Alimenta\u00e7\u00e3o: 127v ou 220v (Escolha na hora da compra)<br \/>\nPot\u00eancia: 2000 Watts<br \/>\nFia\u00e7\u00e3o M\u00ednima: 2,5mm\u00b2<br \/>\nPress\u00e3o de funcionamento:<br \/>\nM\u00ednima: 4 k Pa (0,4 m.c.a.)<br \/>\nM\u00e1xima: 80 k Pa (8 m.c.a.)<br \/>\nDisjuntor: 20 A<\/p>\n<p>Recursos:<br \/>\nPossui resist\u00eancia blindada em a\u00e7o inoxid\u00e1vel para garantir maior durabilidade e seguran\u00e7a, sem risco de choque eletrico.<br \/>\nSem complica\u00e7\u00f5es, o Aquecedor para Piscina Mini \u00e9 instalado pr\u00f3ximo \u00e0 bomba de filtragem, dispensando qualquer tubula\u00e7\u00e3o de \u00e1gua adicional, pois \u00e9 fornecido com tubo flex\u00edvel extens\u00edvel para conex\u00e3o entre a bomba e o Aquecedor<br \/>\nIndicado para piscinas infl\u00e1veis ou desmont\u00e1veis<br \/>\nLimitador de Temperatura que desliga a resist\u00eancia automaticamente quando a \u00e1gua atinge a temperatura limite de 35\u00baC, retomando o aquecimento quando a temperatura \u00e9 inferior a 27\u00baC<br \/>\nPressostato que desliga automaticamente o Aquecedor quando n\u00e3o h\u00e1 \u00e1gua na piscina<br \/>\nProtetor T\u00e9rmico que desliga o Aquecedor se, por qualquer motivo ou em caso de funcionamento anormal, a temperatura da \u00e1gua ultrapassar 50\u00b0C<br \/>\n2 posi\u00e7\u00f5es: desligado ou aquecedor<br \/>\nPossui sistema de aterramento<br \/>\nAprovado pelo INMETRO<br \/>\nCompat\u00edvel com disjuntor D.R.<br \/>\nPara piscinas de ate 5.000 litros<\/p>\n<p>Itens inclusos:<br \/>\n01 Aquecedor P\/ Piscina MINI Cardal;<br \/>\n01 Manual de Instru\u00e7\u00f5es;<br \/>\n01 Termo de Garantia;<br \/>\n01 Rela\u00e7\u00e3o de Rede Autorizada.<\/p>\n<p>ATEN\u00c7\u00c3O<br \/>\nEnviado com Nota Fiscal<\/p>\n<p>SOMOS ASSIST\u00caNCIA T\u00c9CNICA AUTORIZADA CARDAL<\/p>","protected":false},"excerpt":{"rendered":"<p>Aquecedor Cardal Mini p\/ Piscina Infl\u00e1vel 110V 2000W O novo Aquecedor para Piscina Mini foi desenvolvido para atender a necessidade de mercado com uma solu\u00e7\u00e3o simples e econ\u00f4mica para PISCINAS INFL\u00c1VEIS ou DESMONT\u00c1VEIS, onde n\u00e3o \u00e9 poss\u00edvel a utiliza\u00e7\u00e3o de qualquer solu\u00e7\u00e3o de aquecimento de \u00e1gua (bomba de calor, aquecedor solar ou a g\u00e1s) quer [&hellip;]<\/p>","protected":false},"featured_media":777,"comment_status":"open","ping_status":"closed","template":"","meta":[],"product_brand":[],"product_cat":[21],"product_tag":[],"class_list":{"0":"post-699","1":"product","2":"type-product","3":"status-publish","4":"has-post-thumbnail","6":"product_cat-aquecedor-eletrico","8":"first","9":"instock","10":"shipping-taxable","11":"purchasable","12":"product-type-simple"},"_links":{"self":[{"href":"https:\/\/www.acquavici.com.br\/en\/wp-json\/wp\/v2\/product\/699","targetHints":{"allow":["GET"]}}],"collection":[{"href":"https:\/\/www.acquavici.com.br\/en\/wp-json\/wp\/v2\/product"}],"about":[{"href":"https:\/\/www.acquavici.com.br\/en\/wp-json\/wp\/v2\/types\/product"}],"replies":[{"embeddable":true,"href":"https:\/\/www.acquavici.com.br\/en\/wp-json\/wp\/v2\/comments?post=699"}],"wp:featuredmedia":[{"embeddable":true,"href":"https:\/\/www.acquavici.com.br\/en\/wp-json\/wp\/v2\/media\/777"}],"wp:attachment":[{"href":"https:\/\/www.acquavici.com.br\/en\/wp-json\/wp\/v2\/media?parent=699"}],"wp:term":[{"taxonomy":"product_brand","embeddable":true,"href":"https:\/\/www.acquavici.com.br\/en\/wp-json\/wp\/v2\/product_brand?post=699"},{"taxonomy":"product_cat","embeddable":true,"href":"https:\/\/www.acquavici.com.br\/en\/wp-json\/wp\/v2\/product_cat?post=699"},{"taxonomy":"product_tag","embeddable":true,"href":"https:\/\/www.acquavici.com.br\/en\/wp-json\/wp\/v2\/product_tag?post=699"}],"curies":[{"name":"wp","href":"https:\/\/api.w.org\/{rel}","templated":true}]}}