{"id":70,"date":"2024-04-17T10:45:40","date_gmt":"2024-04-17T13:45:40","guid":{"rendered":"https:\/\/www.acquavici.com.br\/?post_type=product&#038;p=70"},"modified":"2024-04-17T10:46:11","modified_gmt":"2024-04-17T13:46:11","slug":"kit-instalacao-aquecedor-a-gas-duto-80mm-x-3mt-comprimento","status":"publish","type":"product","link":"https:\/\/www.acquavici.com.br\/en\/kit-instalacao-aquecedor-a-gas-duto-80mm-x-3mt-comprimento\/","title":{"rendered":"Kit Instala\u00e7\u00e3o Aquecedor A G\u00e1s Duto 80Mm X 3Mt Comprimento"},"content":{"rendered":"<p>Kit Instala\u00e7\u00e3o Aquecedor A G\u00e1s Duto 80mm X 3mt Comprimento Kit Instala\u00e7\u00e3o Duto 80mm 3mt Para Aquecedor \u00e0 G\u00e1s Completo<\/p>\n<p>Itens inclusos:<br \/>\nKit Cont\u00e9m: 2- flex\u00edveis de \u00e1gua em cobre 40cm 1\/2 m\/f homologado canoplas de acabamento, Borracha de veda\u00e7\u00e3o. ( Para \u00e1gua quente e fria )<br \/>\n1- flex\u00edvel de g\u00e1s 40cm 1\/2 m\/f homologado canopla de acabamento, Borracha de veda\u00e7\u00e3o<br \/>\n1- Duto flex\u00edvel de 80mm, com 3 metros de comprimento esticado<br \/>\n1- Acabamento para o duto de exaust\u00e3o<br \/>\n1- Abra\u00e7adeira<br \/>\n1- Registro angular 90\u00b0 1\/2 m\/f de g\u00e1s Todas as conex\u00f5es s\u00e3o de 1\/2 polegada.<\/p>\n<p>ATEN\u00c7\u00c3O<br \/>\nEnviado com Nota Fiscal.<\/p>\n<p>SOMOS ASSIST\u00caNCIA T\u00c9CNICA AUTORIZADA CARDAL.<\/p>","protected":false},"excerpt":{"rendered":"<p>Kit Instala\u00e7\u00e3o Aquecedor A G\u00e1s Duto 80mm X 3mt Comprimento Kit Instala\u00e7\u00e3o Duto 80mm 3mt Para Aquecedor \u00e0 G\u00e1s Completo<\/p>","protected":false},"featured_media":129,"comment_status":"open","ping_status":"closed","template":"","meta":[],"product_brand":[],"product_cat":[17],"product_tag":[],"class_list":{"0":"post-70","1":"product","2":"type-product","3":"status-publish","4":"has-post-thumbnail","6":"product_cat-pecas-em-geral","8":"first","9":"instock","10":"shipping-taxable","11":"purchasable","12":"product-type-simple"},"_links":{"self":[{"href":"https:\/\/www.acquavici.com.br\/en\/wp-json\/wp\/v2\/product\/70","targetHints":{"allow":["GET"]}}],"collection":[{"href":"https:\/\/www.acquavici.com.br\/en\/wp-json\/wp\/v2\/product"}],"about":[{"href":"https:\/\/www.acquavici.com.br\/en\/wp-json\/wp\/v2\/types\/product"}],"replies":[{"embeddable":true,"href":"https:\/\/www.acquavici.com.br\/en\/wp-json\/wp\/v2\/comments?post=70"}],"wp:featuredmedia":[{"embeddable":true,"href":"https:\/\/www.acquavici.com.br\/en\/wp-json\/wp\/v2\/media\/129"}],"wp:attachment":[{"href":"https:\/\/www.acquavici.com.br\/en\/wp-json\/wp\/v2\/media?parent=70"}],"wp:term":[{"taxonomy":"product_brand","embeddable":true,"href":"https:\/\/www.acquavici.com.br\/en\/wp-json\/wp\/v2\/product_brand?post=70"},{"taxonomy":"product_cat","embeddable":true,"href":"https:\/\/www.acquavici.com.br\/en\/wp-json\/wp\/v2\/product_cat?post=70"},{"taxonomy":"product_tag","embeddable":true,"href":"https:\/\/www.acquavici.com.br\/en\/wp-json\/wp\/v2\/product_tag?post=70"}],"curies":[{"name":"wp","href":"https:\/\/api.w.org\/{rel}","templated":true}]}}