{"id":703,"date":"2024-04-17T10:52:09","date_gmt":"2024-04-17T13:52:09","guid":{"rendered":"https:\/\/www.acquavici.com.br\/?post_type=product&#038;p=703"},"modified":"2024-04-17T10:53:01","modified_gmt":"2024-04-17T13:53:01","slug":"aquecedor-hidro-inox-cardal-220v-5200w-aq-092-2","status":"publish","type":"product","link":"https:\/\/www.acquavici.com.br\/en\/aquecedor-hidro-inox-cardal-220v-5200w-aq-092-2\/","title":{"rendered":"Aquecedor Hidro INOX Cardal 220v 5200w AQ-092\/2"},"content":{"rendered":"<p>Aquecedor Hidro Massagem Inox Cardal 220v 5200w AQ092<\/p>\n<p>Ref.: AQ092\/2<br \/>\nFabricante: Cardal<\/p>\n<p>A LINHA DE AQUECEDORES HIDRO E SUPER HIDRO \u00e9 o meio mais pr\u00e1tico e confort\u00e1vel de se utilizar \u00e1gua quente em banheiras de hidromassagem para o relaxamento, massagem e terapia do corpo e da mente. Devido a tecnologia CARDAL incorporada, esta linha de aquecedores apresenta caracter\u00edsticas exclusivas que permitem banhos de imers\u00e3o mais confort\u00e1veis e seguros.<\/p>\n<p>Especifica\u00e7\u00f5es T\u00e9cnicas:<br \/>\nPot\u00eancia:5200w<br \/>\nTens\u00e3o: 220v<br \/>\nSomente 01 entrada (N\u00e3o possui entrada para pr\u00e9-aquecimento)<br \/>\nModelo moderno usar resist\u00eancia RE066<br \/>\nCorpo em Inox<\/p>\n<p>Benef\u00edcios:<br \/>\nSistema by-pass de instala\u00e7\u00e3o. N\u00e3o obstrui a passagem de \u00e1gua da Bomba, proporcionando maior desempenho do sistema de hidromassagem.<\/p>\n<p>Maior praticidade e facilidade de instala\u00e7\u00e3o. De tamanho compacto, \u00e9 facilmente instalado em apenas duas conex\u00f5es hidr\u00e1ulicas, mesmo tendo pouco espa\u00e7o na tubula\u00e7\u00e3o da banheiro.<\/p>\n<p>Sistemas de prote\u00e7\u00e3o incorporados (Chave de fluxo e Limitador de temperatura). A Chave de Fluxo protege o sistema, impedindo o seu acionamento sem ter \u00e1gua na banheira. O Limitador de Temperatura impede que a \u00e1gua da banheira atinja valores elevados.<\/p>\n<p>Painel de Comando com Dupla Isola\u00e7\u00e3o El\u00e9trica para borda da banheira. O Painel de Comando fica ao alcance das m\u00e3os, possibilitando o acionamento da bomba e do aquecedor sem perigo de choque el\u00e9trico.<\/p>\n<p>Itens inclusos:<br \/>\n1 Aquecedor Hidro INOX Cardal 220v 5200w AQ-092\/2<br \/>\n1 Manual de Instru\u00e7\u00f5es;<\/p>\n<p>ATEN\u00c7\u00c3O<br \/>\nEnviado com Nota Fiscal<\/p>\n<p>SOMOS ASSIST\u00caNCIA T\u00c9CNICA AUTORIZADA CARDAL.<\/p>","protected":false},"excerpt":{"rendered":"<p>Aquecedor Hidro Massagem Inox Cardal 220v 5200w AQ092 Ref.: AQ092\/2 Fabricante: Cardal A LINHA DE AQUECEDORES HIDRO E SUPER HIDRO \u00e9 o meio mais pr\u00e1tico e confort\u00e1vel de se utilizar \u00e1gua quente em banheiras de hidromassagem para o relaxamento, massagem e terapia do corpo e da mente. Devido a tecnologia CARDAL incorporada, esta linha de [&hellip;]<\/p>","protected":false},"featured_media":800,"comment_status":"open","ping_status":"closed","template":"","meta":[],"product_brand":[],"product_cat":[21],"product_tag":[],"class_list":{"0":"post-703","1":"product","2":"type-product","3":"status-publish","4":"has-post-thumbnail","6":"product_cat-aquecedor-eletrico","8":"first","9":"instock","10":"shipping-taxable","11":"purchasable","12":"product-type-simple"},"_links":{"self":[{"href":"https:\/\/www.acquavici.com.br\/en\/wp-json\/wp\/v2\/product\/703","targetHints":{"allow":["GET"]}}],"collection":[{"href":"https:\/\/www.acquavici.com.br\/en\/wp-json\/wp\/v2\/product"}],"about":[{"href":"https:\/\/www.acquavici.com.br\/en\/wp-json\/wp\/v2\/types\/product"}],"replies":[{"embeddable":true,"href":"https:\/\/www.acquavici.com.br\/en\/wp-json\/wp\/v2\/comments?post=703"}],"wp:featuredmedia":[{"embeddable":true,"href":"https:\/\/www.acquavici.com.br\/en\/wp-json\/wp\/v2\/media\/800"}],"wp:attachment":[{"href":"https:\/\/www.acquavici.com.br\/en\/wp-json\/wp\/v2\/media?parent=703"}],"wp:term":[{"taxonomy":"product_brand","embeddable":true,"href":"https:\/\/www.acquavici.com.br\/en\/wp-json\/wp\/v2\/product_brand?post=703"},{"taxonomy":"product_cat","embeddable":true,"href":"https:\/\/www.acquavici.com.br\/en\/wp-json\/wp\/v2\/product_cat?post=703"},{"taxonomy":"product_tag","embeddable":true,"href":"https:\/\/www.acquavici.com.br\/en\/wp-json\/wp\/v2\/product_tag?post=703"}],"curies":[{"name":"wp","href":"https:\/\/api.w.org\/{rel}","templated":true}]}}