{"id":704,"date":"2024-04-17T10:52:09","date_gmt":"2024-04-17T13:52:09","guid":{"rendered":"https:\/\/www.acquavici.com.br\/?post_type=product&#038;p=704"},"modified":"2025-08-21T10:12:48","modified_gmt":"2025-08-21T13:12:48","slug":"aquecedor-super-hidro-inox-cardal-220v-8200w-aq-093-2","status":"publish","type":"product","link":"https:\/\/www.acquavici.com.br\/en\/aquecedor-super-hidro-inox-cardal-220v-8200w-aq-093-2\/","title":{"rendered":"Aquecedor Super Hidro INOX Cardal 220v 8200w AQ-093\/2"},"content":{"rendered":"<p>Aquecedor Super Hidro INOX Cardal 220v 8200w AQ-093\/2<\/p>\n<p>Exclusivo Kit Instala F\u00e1cil &#8211; N\u00e3o perca tempo na instala\u00e7\u00e3o do seu produto. Com o kit que acompanha o produto, tudo fica mais f\u00e1cil.<br \/>\nSistema by-pass de instala\u00e7\u00e3o. N\u00e3o obstrui a passagem de \u00e1gua da Bomba, proporcionando maior desempenho do sistema de hidromassagem.<br \/>\nMaior praticidade e facilidade de instala\u00e7\u00e3o. De tamanho compacto, \u00e9 facilmente instalado em apenas duas conex\u00f5es hidr\u00e1ulicas, mesmo tendo pouco espa\u00e7o na tubula\u00e7\u00e3o da banheiro.<br \/>\nSistemas de prote\u00e7\u00e3o incorporados (Chave de fluxo e Limitador de temperatura). A Chave de Fluxo protege o sistema, impedindo o seu acionamento sem ter \u00e1gua na banheira. O Limitador de Temperatura impede que a \u00e1gua da banheira atinja valores elevados.<br \/>\nPainel de Comando com Dupla Isola\u00e7\u00e3o El\u00e9trica para borda da banheira. O Painel de Comando fica ao alcance das m\u00e3os, possibilitando o acionamento da bomba e do aquecedor sem perigo de choque el\u00e9trico.<\/p>\n<p>Informa\u00e7\u00f5es t\u00e9cnicas:<br \/>\nMarca: Cardal<br \/>\nCor: Inox<br \/>\nModelo: Aquecedor Hidro<br \/>\nTipo de aquecedor: Hidromassagem<br \/>\nTemperaturas: 1<br \/>\nEnergia de Alimenta\u00e7\u00e3o: 220 Volts<br \/>\nPot\u00eancia: 8200 Watts<br \/>\nFia\u00e7\u00e3o M\u00ednima: 10mm\u00b2<br \/>\nPress\u00e3o de funcionamento:<br \/>\nMinima: 10 kPa (1 m.c.a.)<br \/>\nM\u00e1xima: 400 kPa (40 m.c.a.)<br \/>\nDisjuntor: 50 A<\/p>\n<p>Itens inclusos:<br \/>\n1 Aquecedor Super Hidro INOX Cardal 220v 8200w AQ-093\/2<br \/>\n1 Manual de Instru\u00e7\u00f5es;<\/p>\n<p>ATEN\u00c7\u00c3O<br \/>\nEnviado com Nota Fiscal<\/p>\n<p>SOMOS ASSIST\u00caNCIA T\u00c9CNICA AUTORIZADA CARDAL.<\/p>","protected":false},"excerpt":{"rendered":"<p>Aquecedor Super Hidro INOX Cardal 220v 8200w AQ-093\/2 Exclusivo Kit Instala F\u00e1cil &#8211; N\u00e3o perca tempo na instala\u00e7\u00e3o do seu produto. Com o kit que acompanha o produto, tudo fica mais f\u00e1cil. Sistema by-pass de instala\u00e7\u00e3o. N\u00e3o obstrui a passagem de \u00e1gua da Bomba, proporcionando maior desempenho do sistema de hidromassagem. Maior praticidade e facilidade [&hellip;]<\/p>","protected":false},"featured_media":801,"comment_status":"open","ping_status":"closed","template":"","meta":[],"product_brand":[],"product_cat":[21],"product_tag":[],"class_list":{"0":"post-704","1":"product","2":"type-product","3":"status-publish","4":"has-post-thumbnail","6":"product_cat-aquecedor-eletrico","8":"first","9":"instock","10":"shipping-taxable","11":"purchasable","12":"product-type-simple"},"_links":{"self":[{"href":"https:\/\/www.acquavici.com.br\/en\/wp-json\/wp\/v2\/product\/704","targetHints":{"allow":["GET"]}}],"collection":[{"href":"https:\/\/www.acquavici.com.br\/en\/wp-json\/wp\/v2\/product"}],"about":[{"href":"https:\/\/www.acquavici.com.br\/en\/wp-json\/wp\/v2\/types\/product"}],"replies":[{"embeddable":true,"href":"https:\/\/www.acquavici.com.br\/en\/wp-json\/wp\/v2\/comments?post=704"}],"wp:featuredmedia":[{"embeddable":true,"href":"https:\/\/www.acquavici.com.br\/en\/wp-json\/wp\/v2\/media\/801"}],"wp:attachment":[{"href":"https:\/\/www.acquavici.com.br\/en\/wp-json\/wp\/v2\/media?parent=704"}],"wp:term":[{"taxonomy":"product_brand","embeddable":true,"href":"https:\/\/www.acquavici.com.br\/en\/wp-json\/wp\/v2\/product_brand?post=704"},{"taxonomy":"product_cat","embeddable":true,"href":"https:\/\/www.acquavici.com.br\/en\/wp-json\/wp\/v2\/product_cat?post=704"},{"taxonomy":"product_tag","embeddable":true,"href":"https:\/\/www.acquavici.com.br\/en\/wp-json\/wp\/v2\/product_tag?post=704"}],"curies":[{"name":"wp","href":"https:\/\/api.w.org\/{rel}","templated":true}]}}