{"id":706,"date":"2024-04-17T10:52:09","date_gmt":"2024-04-17T13:52:09","guid":{"rendered":"https:\/\/www.acquavici.com.br\/?post_type=product&#038;p=706"},"modified":"2026-02-11T09:56:56","modified_gmt":"2026-02-11T12:56:56","slug":"aquecedor-hidro-2-inox-cardal-110v-5100w-aq-056-1","status":"publish","type":"product","link":"https:\/\/www.acquavici.com.br\/en\/aquecedor-hidro-2-inox-cardal-110v-5100w-aq-056-1\/","title":{"rendered":"Aquecedor Hidro 2 INOX Cardal 110v 5100w AQ-056\/1"},"content":{"rendered":"<p>Aquecedor Hidro 2 INOX Cardal 110v 5100w AQ-056\/1<\/p>\n<p>Linha de aquecedores hidro 2 e super hidro 2 \u00e9 o meio mais pr\u00e1tico e confort\u00e1vel de se utilizar \u00e1gua quente em banheiras de hidromassagem para o relaxamento, massagem e terapia do corpo e da mente. Devido a tecnologia Cardal incorporada, esta linha de aquecedores apresenta caracter\u00edsticas exclusivas que permitem banhos de imers\u00e3o mais confort\u00e1veis e seguros.<\/p>\n<p>A Cardal, desenvolve e fabrica o que h\u00e1 de mais moderno e de alta tecnologia em Aquecedores, Duchas El\u00e9tricas, Duchas Frias, Acess\u00f3rios para banheiro e Pressurizadores. Est\u00e1 presente no marcado desde 1973, fabricando os melhores produtos para aquecimento de \u00e1gua. Sempre preocupada com a qualidade de seus produtos, a Cardal inova e renova , sempre seguindo todas as normas t\u00e9cnicas.<\/p>\n<p>Caracter\u00edsticas e Benef\u00edcios:<br \/>\nSistema by-pass de instala\u00e7\u00e3o: N\u00e3o obstrui a passagem de \u00e1gua da Bomba, proporcionando maior desempenho do sistema de hidromassagem.<\/p>\n<p>Sistema de pr\u00e9 \u2013 aquecimento da \u00e1gua: Permite abastecer a banheira com \u00e1gua j\u00e1 aquecida, diminuindo o tempo de espera para iniciar o banho de hidromassagem.<\/p>\n<p>Maior praticidade e facilidade de instala\u00e7\u00e3o: De tamanho compacto, \u00e9 facilmente instalado em apenas duas conex\u00f5es hidr\u00e1ulicas, mesmo tendo pouco espa\u00e7o na tubula\u00e7\u00e3o da banheiro.<\/p>\n<p>Sistemas de prote\u00e7\u00e3o incorporados (Chave de fluxo e Limitador de temperatura): A Chave de Fluxo protege o sistema, impedindo o seu acionamento sem ter \u00e1gua na banheira. O Limitador de Temperatura impede que a \u00e1gua da banheira atinja valores elevados.<\/p>\n<p>Painel de Comando com Dupla Isola\u00e7\u00e3o El\u00e9trica para borda da banheira: O Painel de Comando fica ao alcance das m\u00e3os, possibilitando o acionamento da bomba e do aquecedor sem perigo de choque el\u00e9trico.<\/p>\n<p>Informa\u00e7\u00f5es T\u00e9cnicas:<br \/>\nMarca: Cardal<br \/>\nCor: Inox<br \/>\nModelo: Aquecedor SUPER Hidro 2<br \/>\nTipo de aquecedor: Hidromassagem<br \/>\nEnergia de Alimenta\u00e7\u00e3o: 1100 Volts<br \/>\nPot\u00eancia: 5100 Watts<br \/>\nFia\u00e7\u00e3o M\u00ednima: 4mm\u00b2<br \/>\nPress\u00e3o de funcionamento:<br \/>\nM\u00ednima: 10 kPa (1 m.c.a.)<br \/>\nM\u00e1xima: 400 kPa (40 m.c.a.)<br \/>\nDisjuntor: 30 A<br \/>\nGarantia: 1 ano de garantia<\/p>\n<p>Itens inclusos:<br \/>\n1 Aquecedor Hidro 2 INOX Cardal 110v 5100w AQ-056\/1;<br \/>\n1 Manual de Instru\u00e7\u00f5es;<\/p>\n<p>ATEN\u00c7\u00c3O<br \/>\nEnviado com Nota Fiscal<\/p>\n<p>SOMOS ASSIST\u00caNCIA T\u00c9CNICA CARDAL.<\/p>","protected":false},"excerpt":{"rendered":"<p>Aquecedor Hidro 2 INOX Cardal 110v 5100w AQ-056\/1 Linha de aquecedores hidro 2 e super hidro 2 \u00e9 o meio mais pr\u00e1tico e confort\u00e1vel de se utilizar \u00e1gua quente em banheiras de hidromassagem para o relaxamento, massagem e terapia do corpo e da mente. Devido a tecnologia Cardal incorporada, esta linha de aquecedores apresenta caracter\u00edsticas [&hellip;]<\/p>","protected":false},"featured_media":801,"comment_status":"open","ping_status":"closed","template":"","meta":[],"product_brand":[],"product_cat":[21],"product_tag":[],"class_list":{"0":"post-706","1":"product","2":"type-product","3":"status-publish","4":"has-post-thumbnail","6":"product_cat-aquecedor-eletrico","8":"first","9":"instock","10":"shipping-taxable","11":"purchasable","12":"product-type-simple"},"_links":{"self":[{"href":"https:\/\/www.acquavici.com.br\/en\/wp-json\/wp\/v2\/product\/706","targetHints":{"allow":["GET"]}}],"collection":[{"href":"https:\/\/www.acquavici.com.br\/en\/wp-json\/wp\/v2\/product"}],"about":[{"href":"https:\/\/www.acquavici.com.br\/en\/wp-json\/wp\/v2\/types\/product"}],"replies":[{"embeddable":true,"href":"https:\/\/www.acquavici.com.br\/en\/wp-json\/wp\/v2\/comments?post=706"}],"wp:featuredmedia":[{"embeddable":true,"href":"https:\/\/www.acquavici.com.br\/en\/wp-json\/wp\/v2\/media\/801"}],"wp:attachment":[{"href":"https:\/\/www.acquavici.com.br\/en\/wp-json\/wp\/v2\/media?parent=706"}],"wp:term":[{"taxonomy":"product_brand","embeddable":true,"href":"https:\/\/www.acquavici.com.br\/en\/wp-json\/wp\/v2\/product_brand?post=706"},{"taxonomy":"product_cat","embeddable":true,"href":"https:\/\/www.acquavici.com.br\/en\/wp-json\/wp\/v2\/product_cat?post=706"},{"taxonomy":"product_tag","embeddable":true,"href":"https:\/\/www.acquavici.com.br\/en\/wp-json\/wp\/v2\/product_tag?post=706"}],"curies":[{"name":"wp","href":"https:\/\/api.w.org\/{rel}","templated":true}]}}