{"id":71,"date":"2024-04-17T10:45:40","date_gmt":"2024-04-17T13:45:40","guid":{"rendered":"https:\/\/www.acquavici.com.br\/?post_type=product&#038;p=71"},"modified":"2024-04-17T10:46:14","modified_gmt":"2024-04-17T13:46:14","slug":"mangueira-flexivel-engate-trancado-aco-inox-40cm-quente-fria","status":"publish","type":"product","link":"https:\/\/www.acquavici.com.br\/en\/mangueira-flexivel-engate-trancado-aco-inox-40cm-quente-fria\/","title":{"rendered":"Mangueira Flexivel Engate Tran\u00e7ado A\u00e7o Inox 40cm Quente Fria"},"content":{"rendered":"<p>ENGATE MANGUEIRA FLEX\u00cdVEL TRAN\u00c7ADO A\u00c7O INOX 40 CM<\/p>\n<p>O Engate Mangueira Flex\u00edvel Tran\u00e7ado A\u00e7o Inox 40 Cm, ele pode ser utilizado em qualquer ambiente e se v\u00ea essencial para a resid\u00eancia ou com\u00e9rcio, o engate flex\u00edvel \u00e9 um equipamento que n\u00e3o pode faltar na cozinha, banheiro ou lavanderia.<\/p>\n<p>Seu uso \u00e9 Obrigat\u00f3rio para a liga\u00e7\u00e3o entre a rede hidr\u00e1ulica e a torneira, ou at\u00e9 mesmo na caixa acoplada, produzido em A\u00e7o inoxid\u00e1vel, possui grande resist\u00eancia para Alta Press\u00e3o, e por ser flex\u00edvel, adapta-se a qualquer tipo de instala\u00e7\u00e3o com muita facilidade.<\/p>\n<p>ESPECIFICA\u00c7\u00d5ES T\u00c9CNICA<\/p>\n<p>Instala\u00e7\u00e3o: De Parede<br \/>\nTipo: Engate Mangueira Flex\u00edvel<br \/>\nMaterial: Malha De A\u00e7o Inoxid\u00e1vel<br \/>\nBitola Entrada \u00c1gua: 1\/2&#8243; Polegada<br \/>\nComprimento Do Flex\u00edvel: 40 Cent\u00edmetros<br \/>\nUtiliza\u00e7\u00e3o: Conex\u00f5es de Torneiras ou Caixas Acopladas<\/p>\n<p>Suporta alta press\u00e3o de agua , sendo ela fria ou quente.<\/p>\n<p>Itens inclusos:<br \/>\n1 Mangueira Flexivel Engate Tran\u00e7ado A\u00e7o Inox 40cm Quente Fria;<\/p>\n<p>ATEN\u00c7\u00c3O<br \/>\nEnviado com Nota Fiscal.<\/p>\n<p>SOMOS ASSIST\u00caNCIA T\u00c9CNICA AUTORIZADA CARDAL.<\/p>","protected":false},"excerpt":{"rendered":"<p>Flex\u00edvel de \u00c1gua aquecedor 40cm c\/ Canopla 1\/2 mxf Indicado para entradas de \u00e1gua em pias, bid\u00eas, lavat\u00f3rios e aquecedores.<\/p>","protected":false},"featured_media":130,"comment_status":"open","ping_status":"closed","template":"","meta":[],"product_brand":[],"product_cat":[17],"product_tag":[],"class_list":{"0":"post-71","1":"product","2":"type-product","3":"status-publish","4":"has-post-thumbnail","6":"product_cat-pecas-em-geral","8":"first","9":"instock","10":"shipping-taxable","11":"purchasable","12":"product-type-simple"},"_links":{"self":[{"href":"https:\/\/www.acquavici.com.br\/en\/wp-json\/wp\/v2\/product\/71","targetHints":{"allow":["GET"]}}],"collection":[{"href":"https:\/\/www.acquavici.com.br\/en\/wp-json\/wp\/v2\/product"}],"about":[{"href":"https:\/\/www.acquavici.com.br\/en\/wp-json\/wp\/v2\/types\/product"}],"replies":[{"embeddable":true,"href":"https:\/\/www.acquavici.com.br\/en\/wp-json\/wp\/v2\/comments?post=71"}],"wp:featuredmedia":[{"embeddable":true,"href":"https:\/\/www.acquavici.com.br\/en\/wp-json\/wp\/v2\/media\/130"}],"wp:attachment":[{"href":"https:\/\/www.acquavici.com.br\/en\/wp-json\/wp\/v2\/media?parent=71"}],"wp:term":[{"taxonomy":"product_brand","embeddable":true,"href":"https:\/\/www.acquavici.com.br\/en\/wp-json\/wp\/v2\/product_brand?post=71"},{"taxonomy":"product_cat","embeddable":true,"href":"https:\/\/www.acquavici.com.br\/en\/wp-json\/wp\/v2\/product_cat?post=71"},{"taxonomy":"product_tag","embeddable":true,"href":"https:\/\/www.acquavici.com.br\/en\/wp-json\/wp\/v2\/product_tag?post=71"}],"curies":[{"name":"wp","href":"https:\/\/api.w.org\/{rel}","templated":true}]}}