{"id":72,"date":"2024-04-17T10:45:40","date_gmt":"2024-04-17T13:45:40","guid":{"rendered":"https:\/\/www.acquavici.com.br\/?post_type=product&#038;p=72"},"modified":"2024-04-17T10:46:15","modified_gmt":"2024-04-17T13:46:15","slug":"aquecedor-central-cardal-moderno-eletronico-9100w-220v-baixa-pressao-ki035","status":"publish","type":"product","link":"https:\/\/www.acquavici.com.br\/en\/aquecedor-central-cardal-moderno-eletronico-9100w-220v-baixa-pressao-ki035\/","title":{"rendered":"Aquecedor Central Cardal Moderno Eletr\u00f4nico 9100w 220v Baixa Press\u00e3o &#8211; KI035"},"content":{"rendered":"<p>Vendemos o produto e fazemos a instala\u00e7\u00e3o.<br \/>\n11 9.8845-5686<\/p>\n<p>Miolo aquecedor central cardal moderno eletr\u00f4nico 9100w 220v baixa e alta press\u00e3o<br \/>\nRef.: ki035<br \/>\nBaixa e alta press\u00e3o<br \/>\n&#8211; tens\u00e3o: 220v<br \/>\n&#8211; potencia: 9100w<br \/>\nMiolo para aquecedor central cardal moderno eletr\u00f4nico aq053 e aq051<br \/>\nSomente o miolo sem acabamento e corpo em lat\u00e3o para modelo moderno eletr\u00f4nico<br \/>\nModerno com regulagem eletr\u00f4nica de 0 a 10,<br \/>\nResist\u00eancia blindada e termostato de seguran\u00e7a.<br \/>\nObs. Importante: n\u00e3o acompanha o acabamento externo que devera ser comprado a parte<\/p>","protected":false},"excerpt":{"rendered":"<p>Miolo aquecedor central cardal moderno eletr\u00f4nico 9100w 220v baixa e alta press\u00e3o.<\/p>","protected":false},"featured_media":134,"comment_status":"open","ping_status":"closed","template":"","meta":[],"product_brand":[],"product_cat":[21],"product_tag":[],"class_list":{"0":"post-72","1":"product","2":"type-product","3":"status-publish","4":"has-post-thumbnail","6":"product_cat-aquecedor-eletrico","8":"first","9":"instock","10":"shipping-taxable","11":"purchasable","12":"product-type-simple"},"_links":{"self":[{"href":"https:\/\/www.acquavici.com.br\/en\/wp-json\/wp\/v2\/product\/72","targetHints":{"allow":["GET"]}}],"collection":[{"href":"https:\/\/www.acquavici.com.br\/en\/wp-json\/wp\/v2\/product"}],"about":[{"href":"https:\/\/www.acquavici.com.br\/en\/wp-json\/wp\/v2\/types\/product"}],"replies":[{"embeddable":true,"href":"https:\/\/www.acquavici.com.br\/en\/wp-json\/wp\/v2\/comments?post=72"}],"wp:featuredmedia":[{"embeddable":true,"href":"https:\/\/www.acquavici.com.br\/en\/wp-json\/wp\/v2\/media\/134"}],"wp:attachment":[{"href":"https:\/\/www.acquavici.com.br\/en\/wp-json\/wp\/v2\/media?parent=72"}],"wp:term":[{"taxonomy":"product_brand","embeddable":true,"href":"https:\/\/www.acquavici.com.br\/en\/wp-json\/wp\/v2\/product_brand?post=72"},{"taxonomy":"product_cat","embeddable":true,"href":"https:\/\/www.acquavici.com.br\/en\/wp-json\/wp\/v2\/product_cat?post=72"},{"taxonomy":"product_tag","embeddable":true,"href":"https:\/\/www.acquavici.com.br\/en\/wp-json\/wp\/v2\/product_tag?post=72"}],"curies":[{"name":"wp","href":"https:\/\/api.w.org\/{rel}","templated":true}]}}