{"id":738,"date":"2024-04-17T10:52:30","date_gmt":"2024-04-17T13:52:30","guid":{"rendered":"https:\/\/www.acquavici.com.br\/?post_type=product&#038;p=738"},"modified":"2025-08-12T11:01:49","modified_gmt":"2025-08-12T14:01:49","slug":"aquecedor-hidro-digital-inox-cardal-110v-5100w-aq-086-1","status":"publish","type":"product","link":"https:\/\/www.acquavici.com.br\/en\/aquecedor-hidro-digital-inox-cardal-110v-5100w-aq-086-1\/","title":{"rendered":"Aquecedor Hidro Digital INOX Cardal 110v 5100w AQ-086\/1"},"content":{"rendered":"<p>Aquecedor Hidro Digital INOX Cardal 110v 5100w AQ-086\/1<\/p>\n<p>A LINHA DE AQUECEDORES HIDRO DIGITAL E SUPER HIDRO DIGITAL \u00e9 o meio mais pr\u00e1tico e confort\u00e1vel de se utilizar \u00e1gua quente em banheiras de hidromassagem para o relaxamento, massagem e terapia do corpo e da mente. Devido a tecnologia CARDAL incorporada, esta linha de aquecedores apresenta caracter\u00edsticas exclusivas que permitem banhos de imers\u00e3o mais confort\u00e1veis e seguros.<\/p>\n<p>Especifica\u00e7\u00f5es t\u00e9cnicas:<br \/>\nTens\u00e3o: 110v<br \/>\nPot\u00eancia: 5100w<br \/>\nControle: Digital de Temperatura<br \/>\nCorpo em: Inox<\/p>\n<p>Informa\u00e7\u00f5es Instala\u00e7\u00e3o:<br \/>\nFia\u00e7\u00e3o m\u00ednima: 4 mm\u00b2<br \/>\nDisjuntor: 30 a<br \/>\nGrau de prote\u00e7\u00e3o: ip24<br \/>\nCom sistema de aterramento<br \/>\nCompat\u00edvel com Disjuntor Dr<br \/>\nDi\u00e2metro do painel para instala\u00e7\u00e3o na borda: 32mm e furo na banheira de 34 mm<br \/>\nCabo do painel com 95 cm de comprimento<\/p>\n<p>Benef\u00edcios:<br \/>\nSistema by-pass de instala\u00e7\u00e3o.\u00a0 N\u00e3o obstrui a passagem de \u00e1gua da Bomba, proporcionando maior desempenho do sistema de hidromassagem.<\/p>\n<p>Sistema de pr\u00e9 \u2013 aquecimento da \u00e1gua. \u00a0 Permite abastecer a banheira com \u00e1gua j\u00e1 aquecida, diminuindo o tempo de espera para iniciar o banho de hidromassagem.<\/p>\n<p>Painel de comando digital para a borda da banheira. \u00a0 Permite acionar o pr\u00e9-aquecimento, a bomba de hidromassagem, ajustar a temperatura da \u00e1gua conforme a necessidade e ainda monitorar a temperatura durante todo o banho.<\/p>\n<p>Temperatura estabilizada. \u00a0 De 25 \u00b0C \u00e0 40 \u00b0C voc\u00ea ajusta a temperatura e ela se mant\u00eam estabilizada durante todo o banho, mesmo em dias mais frios.<\/p>\n<p>Transformador de seguran\u00e7a. \u00a0 Isola o painel de comando da rede el\u00e9trica, possibilitando a sua utiliza\u00e7\u00e3o na borda da banheira, mesmo com as m\u00e3os molhadas, sem risco de choque el\u00e9trico.<\/p>\n<p>Maior praticidade e facilidade de instala\u00e7\u00e3o. \u00a0 De tamanho compacto, \u00e9 facilmente instalado em apenas duas conex\u00f5es hidr\u00e1ulicas, mesmo tendo pouco espa\u00e7o na tubula\u00e7\u00e3o da banheira.<\/p>\n<p>Sistemas de prote\u00e7\u00e3o incorporados (Chave de fluxo e Limitador de temperatura). \u00a0 A Chave de Fluxo protege o sistema, impedindo o seu acionamento sem ter \u00e1gua na banheira. O Limitador de Temperatura impede que a \u00e1gua da banheira atinja valores elevados.<\/p>\n<p>Este produto tem seu desempenho aprovado pelo INMETRO e est\u00e1 em conformidade com o Programa Brasileiro de Etiquetagem &#8211; PBE<\/p>\n<p>Itens inclusos:<br \/>\n1 Aquecedor Hidro Digital INOX Cardal 110v 5100w AQ-086\/1<br \/>\n1 Manual de Instru\u00e7\u00f5es;<\/p>\n<p>ATEN\u00c7\u00c3O<br \/>\nEnviado com Nota Fiscal<\/p>\n<p>SOMOS ASSIST\u00caNCIA T\u00c9CNICA AUTORIZADA CARDAL.<\/p>","protected":false},"excerpt":{"rendered":"<p>Aquecedor Hidro Digital INOX Cardal 110v 5100w AQ-086\/1 A LINHA DE AQUECEDORES HIDRO DIGITAL E SUPER HIDRO DIGITAL \u00e9 o meio mais pr\u00e1tico e confort\u00e1vel de se utilizar \u00e1gua quente em banheiras de hidromassagem para o relaxamento, massagem e terapia do corpo e da mente. Devido a tecnologia CARDAL incorporada, esta linha de aquecedores apresenta [&hellip;]<\/p>","protected":false},"featured_media":811,"comment_status":"open","ping_status":"closed","template":"","meta":[],"product_brand":[],"product_cat":[21],"product_tag":[],"class_list":{"0":"post-738","1":"product","2":"type-product","3":"status-publish","4":"has-post-thumbnail","6":"product_cat-aquecedor-eletrico","8":"first","9":"instock","10":"shipping-taxable","11":"purchasable","12":"product-type-simple"},"_links":{"self":[{"href":"https:\/\/www.acquavici.com.br\/en\/wp-json\/wp\/v2\/product\/738","targetHints":{"allow":["GET"]}}],"collection":[{"href":"https:\/\/www.acquavici.com.br\/en\/wp-json\/wp\/v2\/product"}],"about":[{"href":"https:\/\/www.acquavici.com.br\/en\/wp-json\/wp\/v2\/types\/product"}],"replies":[{"embeddable":true,"href":"https:\/\/www.acquavici.com.br\/en\/wp-json\/wp\/v2\/comments?post=738"}],"wp:featuredmedia":[{"embeddable":true,"href":"https:\/\/www.acquavici.com.br\/en\/wp-json\/wp\/v2\/media\/811"}],"wp:attachment":[{"href":"https:\/\/www.acquavici.com.br\/en\/wp-json\/wp\/v2\/media?parent=738"}],"wp:term":[{"taxonomy":"product_brand","embeddable":true,"href":"https:\/\/www.acquavici.com.br\/en\/wp-json\/wp\/v2\/product_brand?post=738"},{"taxonomy":"product_cat","embeddable":true,"href":"https:\/\/www.acquavici.com.br\/en\/wp-json\/wp\/v2\/product_cat?post=738"},{"taxonomy":"product_tag","embeddable":true,"href":"https:\/\/www.acquavici.com.br\/en\/wp-json\/wp\/v2\/product_tag?post=738"}],"curies":[{"name":"wp","href":"https:\/\/api.w.org\/{rel}","templated":true}]}}