{"id":740,"date":"2024-04-17T10:52:30","date_gmt":"2024-04-17T13:52:30","guid":{"rendered":"https:\/\/www.acquavici.com.br\/?post_type=product&#038;p=740"},"modified":"2025-08-04T11:16:47","modified_gmt":"2025-08-04T14:16:47","slug":"aquecedor-super-hidro-digital-inox-cardal-220v-8200w-aq-087-2","status":"publish","type":"product","link":"https:\/\/www.acquavici.com.br\/en\/aquecedor-super-hidro-digital-inox-cardal-220v-8200w-aq-087-2\/","title":{"rendered":"Aquecedor Super Hidro Digital INOX Cardal 220v 8200w AQ-087\/2"},"content":{"rendered":"<p>Aquecedor Super Hidro Digital INOX Cardal 220v 8200w AQ-087\/2.<\/p>\n<p>A linha de aquecedores hidro digital e super hidro digital \u00e9 o meio mais pr\u00e1tico e confort\u00e1vel de se utilizar \u00e1gua quente em banheiras de hidromassagem para o relaxamento, massagem e terapia do corpo e da mente. Devido a tecnologia Cardal incorporada, esta linha de aquecedores apresenta caracter\u00edsticas exclusivas que permitem banhos de imers\u00e3o mais confort\u00e1veis e seguros.<\/p>\n<p>Informa\u00e7\u00f5es t\u00e9cnicas:<br \/>\nMarca: Cardal<br \/>\nCor: Cromado<br \/>\nModelo: Super Hidro Digital Inox<br \/>\nEnergia de Alimenta\u00e7\u00e3o: 220 Volts<br \/>\nPot\u00eancia: 8200 Watts<br \/>\nFia\u00e7\u00e3o M\u00ednima: 10mm2<br \/>\nPress\u00e3o de funcionamento:<br \/>\nM\u00ednima: 10 k Pa (1 m.c.a.)<br \/>\nM\u00e1xima: 400 k Pa (40 m.c.a.)<br \/>\nDisjuntor: 50 A<\/p>\n<p>Recursos:<br \/>\n&#8211; Possui resist\u00eancia blindada<br \/>\n&#8211; Sistema by-pass de instala\u00e7\u00e3o. N\u00e3o obstrui a passagem de \u00e1gua da Bomba, proporcionando maior desempenho do sistema de hidromassagem<br \/>\n&#8211; Painel de comando digital para a borda da banheira. Permite acionar o pr\u00e9-aquecimento, a bomba de hidromassagem, ajustar a temperatura da \u00e1gua conforme a necessidade e ainda monitorar a temperatura durante todo o banho<br \/>\n&#8211; Sistema de pr\u00e9 aquecimento da \u00e1gua. Permite abastecer a banheira com \u00e1gua j\u00e1 aquecida, diminuindo o tempo de espera para iniciar o banho de hidromassagem- De 25\u00b0C \u00e0 40\u00b0C voc\u00ea ajusta a temperatura e ela se mant\u00eam estabilizada durante todo o banho, mesmo em dias mais frios<br \/>\n&#8211; Transformador de seguran\u00e7a. Isola o painel de comando da rede el\u00e9trica, possibilitando a sua utiliza\u00e7\u00e3o na borda da banheira, mesmo com as m\u00e3os molhadas, sem risco de choque el\u00e9trico<br \/>\n&#8211; Maior praticidade e facilidade de instala\u00e7\u00e3o. De tamanho compacto, \u00e9 facilmente instalado em apenas duas conex\u00f5es hidr\u00e1ulicas, mesmo tendo pouco espa\u00e7o na tubula\u00e7\u00e3o da banheira<br \/>\n&#8211; Sistemas de prote\u00e7\u00e3o incorporados (Chave de fluxo e Limitador de temperatura). A Chave de Fluxo protege o sistema, impedindo o seu acionamento sem ter \u00e1gua na banheira. O Limitador de Temperatura impede que a \u00e1gua da banheira atinja valores elevados<br \/>\n&#8211; Aprovado pelo Inmetro<br \/>\n&#8211; Compat\u00edvel com D.R.<br \/>\n&#8211; Baixo consumo de energia<\/p>\n<p>Itens inclusos:<br \/>\n1 Aquecedor Super Hidro Digital INOX Cardal 220v 8200w AQ-087\/2<br \/>\n1 Manual de Instru\u00e7\u00f5es;<\/p>\n<p>ATEN\u00c7\u00c3O<br \/>\nEnviado com Nota Fiscal<\/p>\n<p>SOMOS ASSIST\u00caNCIA T\u00c9CNICA AUTORIZADA CARDAL.<\/p>","protected":false},"excerpt":{"rendered":"<p>Aquecedor Super Hidro Digital INOX Cardal 220v 8200w AQ-087\/2. A linha de aquecedores hidro digital e super hidro digital \u00e9 o meio mais pr\u00e1tico e confort\u00e1vel de se utilizar \u00e1gua quente em banheiras de hidromassagem para o relaxamento, massagem e terapia do corpo e da mente. Devido a tecnologia Cardal incorporada, esta linha de aquecedores [&hellip;]<\/p>","protected":false},"featured_media":811,"comment_status":"open","ping_status":"closed","template":"","meta":[],"product_brand":[],"product_cat":[21],"product_tag":[],"class_list":{"0":"post-740","1":"product","2":"type-product","3":"status-publish","4":"has-post-thumbnail","6":"product_cat-aquecedor-eletrico","8":"first","9":"instock","10":"shipping-taxable","11":"purchasable","12":"product-type-simple"},"_links":{"self":[{"href":"https:\/\/www.acquavici.com.br\/en\/wp-json\/wp\/v2\/product\/740","targetHints":{"allow":["GET"]}}],"collection":[{"href":"https:\/\/www.acquavici.com.br\/en\/wp-json\/wp\/v2\/product"}],"about":[{"href":"https:\/\/www.acquavici.com.br\/en\/wp-json\/wp\/v2\/types\/product"}],"replies":[{"embeddable":true,"href":"https:\/\/www.acquavici.com.br\/en\/wp-json\/wp\/v2\/comments?post=740"}],"wp:featuredmedia":[{"embeddable":true,"href":"https:\/\/www.acquavici.com.br\/en\/wp-json\/wp\/v2\/media\/811"}],"wp:attachment":[{"href":"https:\/\/www.acquavici.com.br\/en\/wp-json\/wp\/v2\/media?parent=740"}],"wp:term":[{"taxonomy":"product_brand","embeddable":true,"href":"https:\/\/www.acquavici.com.br\/en\/wp-json\/wp\/v2\/product_brand?post=740"},{"taxonomy":"product_cat","embeddable":true,"href":"https:\/\/www.acquavici.com.br\/en\/wp-json\/wp\/v2\/product_cat?post=740"},{"taxonomy":"product_tag","embeddable":true,"href":"https:\/\/www.acquavici.com.br\/en\/wp-json\/wp\/v2\/product_tag?post=740"}],"curies":[{"name":"wp","href":"https:\/\/api.w.org\/{rel}","templated":true}]}}