{"id":741,"date":"2024-04-17T10:52:30","date_gmt":"2024-04-17T13:52:30","guid":{"rendered":"https:\/\/www.acquavici.com.br\/?post_type=product&#038;p=741"},"modified":"2025-07-21T14:51:18","modified_gmt":"2025-07-21T17:51:18","slug":"painel-aquecedor-digital-super-hidro-cardal-ps-062","status":"publish","type":"product","link":"https:\/\/www.acquavici.com.br\/en\/painel-aquecedor-digital-super-hidro-cardal-ps-062\/","title":{"rendered":"Painel Aquecedor Digital Super Hidro Cardal PS-062"},"content":{"rendered":"<p>Painel Aquecedor Digital Super Hidro Cardal PS-062<\/p>\n<p>Painel de Controle Original Cardal.<br \/>\nServe em toda linha de Aquecedores Digitais Cardal e como extensor da linha Central Digital.<br \/>\nAcompanha Cabo e Conector.<\/p>\n<p>Informa\u00e7\u00f5es T\u00e9cnicas<br \/>\nDi\u00e2metro do Painel para instal\u00e7\u00e3o na borda : 32mm<br \/>\nCabo do Painel com 95 cm de comprimento.<\/p>\n<p>Itens inclusos:<br \/>\n1 Painel com Cabo e Terminal;<br \/>\n1 Manual de Instru\u00e7\u00f5es;<\/p>\n<p>ATEN\u00c7\u00c3O<br \/>\nEnviado com Nota Fiscal<\/p>\n<p>SOMOS ASSIST\u00caNCIA T\u00c9CNICA AUTORIZADA CARDAL.<\/p>","protected":false},"excerpt":{"rendered":"<p>Painel Aquecedor Digital Super Hidro Cardal PS-062 Painel de Controle Original Cardal. Serve em toda linha de Aquecedores Digitais Cardal e como extensor da linha Central Digital. Acompanha Cabo e Conector. Informa\u00e7\u00f5es T\u00e9cnicas Di\u00e2metro do Painel para instal\u00e7\u00e3o na borda : 32mm Cabo do Painel com 95 cm de comprimento. Itens inclusos: 1 Painel com [&hellip;]<\/p>","protected":false},"featured_media":812,"comment_status":"open","ping_status":"closed","template":"","meta":[],"product_brand":[],"product_cat":[21],"product_tag":[],"class_list":{"0":"post-741","1":"product","2":"type-product","3":"status-publish","4":"has-post-thumbnail","6":"product_cat-aquecedor-eletrico","8":"first","9":"instock","10":"shipping-taxable","11":"purchasable","12":"product-type-simple"},"_links":{"self":[{"href":"https:\/\/www.acquavici.com.br\/en\/wp-json\/wp\/v2\/product\/741","targetHints":{"allow":["GET"]}}],"collection":[{"href":"https:\/\/www.acquavici.com.br\/en\/wp-json\/wp\/v2\/product"}],"about":[{"href":"https:\/\/www.acquavici.com.br\/en\/wp-json\/wp\/v2\/types\/product"}],"replies":[{"embeddable":true,"href":"https:\/\/www.acquavici.com.br\/en\/wp-json\/wp\/v2\/comments?post=741"}],"wp:featuredmedia":[{"embeddable":true,"href":"https:\/\/www.acquavici.com.br\/en\/wp-json\/wp\/v2\/media\/812"}],"wp:attachment":[{"href":"https:\/\/www.acquavici.com.br\/en\/wp-json\/wp\/v2\/media?parent=741"}],"wp:term":[{"taxonomy":"product_brand","embeddable":true,"href":"https:\/\/www.acquavici.com.br\/en\/wp-json\/wp\/v2\/product_brand?post=741"},{"taxonomy":"product_cat","embeddable":true,"href":"https:\/\/www.acquavici.com.br\/en\/wp-json\/wp\/v2\/product_cat?post=741"},{"taxonomy":"product_tag","embeddable":true,"href":"https:\/\/www.acquavici.com.br\/en\/wp-json\/wp\/v2\/product_tag?post=741"}],"curies":[{"name":"wp","href":"https:\/\/api.w.org\/{rel}","templated":true}]}}