{"id":742,"date":"2024-04-17T10:52:30","date_gmt":"2024-04-17T13:52:30","guid":{"rendered":"https:\/\/www.acquavici.com.br\/?post_type=product&#038;p=742"},"modified":"2025-07-02T11:35:50","modified_gmt":"2025-07-02T14:35:50","slug":"aquecedor-individual-inox-cardal-220v-5200w-aq-004-2","status":"publish","type":"product","link":"https:\/\/www.acquavici.com.br\/en\/aquecedor-individual-inox-cardal-220v-5200w-aq-004-2\/","title":{"rendered":"Aquecedor Individual Inox Cardal 220v 5200W AQ-004\/2"},"content":{"rendered":"<p>Aquecedor Individual Inox Cardal 220v 5200W AQ004\/2<\/p>\n<p>Os Aquecedores Individuais foram desenvolvidos para uma grande variedade de aplica\u00e7\u00f5es. Devido a sua versatilidade e pequenas dimens\u00f5es, pode ser instalado diretamente no ponto de uso (pia, lavat\u00f3rio, bid\u00ea, etc.) ou onde se necessitar \u00e1gua quente. Sendo totalmente autom\u00e1tico, liga somente quando se abre o registro de \u00e1gua a ele conectado, aquecendo a \u00e1gua instantaneamente. \u00c9 de f\u00e1cil instala\u00e7\u00e3o, podendo ser usado com um s\u00f3 registro de \u00e1gua ou com um conjunto misturador.<\/p>\n<p>Informa\u00e7\u00f5es t\u00e9cnicas:<br \/>\nMarca: Cardal<br \/>\nCor: Cromado<br \/>\nMaterial: Inox<br \/>\nModelo: Aquecedor Individual Energia de Alimenta\u00e7\u00e3o: 220 Volts<br \/>\nPot\u00eancia: 5200 Watts<br \/>\nFia\u00e7\u00e3o M\u00ednima: 4mm\u00b2<br \/>\nPress\u00e3o de funcionamento:<br \/>\nM\u00ednima: 15 k Pa (1,5 m.c.a.)<br \/>\nM\u00e1xima: 400 k Pa (40 m.c.a.)<br \/>\nDisjuntor: 32 A<\/p>\n<p>Recursos:<br \/>\nPossui resist\u00eancia encapsulada e por isso tem maior durabilidade<br \/>\nInstala\u00e7\u00e3o no ponto de uso: evita desperd\u00edcio de \u00e1gua<br \/>\nSuporta at\u00e9 40 metros de coluna d&#8217;\u00e1gua<br \/>\nPode usar na pia de cozinha, no lavat\u00f3rio ou onde se necessitar de \u00e1gua quente<br \/>\nIndicado para baixa e alta press\u00e3o de \u00e1gua<br \/>\nCompat\u00edvel com aquecimento solar<br \/>\nFornece \u00e1gua quente instantaneamente a qualquer hora do dia ou da noite, consumindo energia el\u00e9trica somente quando se abre o registro de \u00e1gua conectado ao Aquecedor<br \/>\nAprovado pelo INMETRO<br \/>\nCompat\u00edvel com dispositivo D.R.<br \/>\nBaixo consumo de energia<\/p>\n<p>Itens inclusos:<br \/>\n1 Aquecedor Individual Inox Cardal 220v 5200W AQ-004\/2;<br \/>\n1 Manual de Instru\u00e7\u00f5es;<\/p>\n<p>ATEN\u00c7\u00c3O<br \/>\nEnviado com Nota Fiscal.<\/p>\n<p>SOMOS ASSIST\u00caNCIA T\u00c9CNICA AUTORIZADA CARDAL<\/p>","protected":false},"excerpt":{"rendered":"<p>Aquecedor Individual Inox Cardal 220v 5200W AQ004\/2 Os Aquecedores Individuais foram desenvolvidos para uma grande variedade de aplica\u00e7\u00f5es. Devido a sua versatilidade e pequenas dimens\u00f5es, pode ser instalado diretamente no ponto de uso (pia, lavat\u00f3rio, bid\u00ea, etc.) ou onde se necessitar \u00e1gua quente. Sendo totalmente autom\u00e1tico, liga somente quando se abre o registro de \u00e1gua [&hellip;]<\/p>","protected":false},"featured_media":816,"comment_status":"open","ping_status":"closed","template":"","meta":[],"product_brand":[],"product_cat":[21],"product_tag":[],"class_list":{"0":"post-742","1":"product","2":"type-product","3":"status-publish","4":"has-post-thumbnail","6":"product_cat-aquecedor-eletrico","8":"first","9":"instock","10":"shipping-taxable","11":"purchasable","12":"product-type-simple"},"_links":{"self":[{"href":"https:\/\/www.acquavici.com.br\/en\/wp-json\/wp\/v2\/product\/742","targetHints":{"allow":["GET"]}}],"collection":[{"href":"https:\/\/www.acquavici.com.br\/en\/wp-json\/wp\/v2\/product"}],"about":[{"href":"https:\/\/www.acquavici.com.br\/en\/wp-json\/wp\/v2\/types\/product"}],"replies":[{"embeddable":true,"href":"https:\/\/www.acquavici.com.br\/en\/wp-json\/wp\/v2\/comments?post=742"}],"wp:featuredmedia":[{"embeddable":true,"href":"https:\/\/www.acquavici.com.br\/en\/wp-json\/wp\/v2\/media\/816"}],"wp:attachment":[{"href":"https:\/\/www.acquavici.com.br\/en\/wp-json\/wp\/v2\/media?parent=742"}],"wp:term":[{"taxonomy":"product_brand","embeddable":true,"href":"https:\/\/www.acquavici.com.br\/en\/wp-json\/wp\/v2\/product_brand?post=742"},{"taxonomy":"product_cat","embeddable":true,"href":"https:\/\/www.acquavici.com.br\/en\/wp-json\/wp\/v2\/product_cat?post=742"},{"taxonomy":"product_tag","embeddable":true,"href":"https:\/\/www.acquavici.com.br\/en\/wp-json\/wp\/v2\/product_tag?post=742"}],"curies":[{"name":"wp","href":"https:\/\/api.w.org\/{rel}","templated":true}]}}