{"id":748,"date":"2024-04-17T10:52:31","date_gmt":"2024-04-17T13:52:31","guid":{"rendered":"https:\/\/www.acquavici.com.br\/?post_type=product&#038;p=748"},"modified":"2025-08-12T13:52:03","modified_gmt":"2025-08-12T16:52:03","slug":"ducha-higienica-4t-cardal-110v-4000w-aq-109-1","status":"publish","type":"product","link":"https:\/\/www.acquavici.com.br\/en\/ducha-higienica-4t-cardal-110v-4000w-aq-109-1\/","title":{"rendered":"Ducha Higi\u00eanica 4t Cardal 110v 4000w AQ-109\/1"},"content":{"rendered":"<p>A Ducha Higi\u00eanica 4T foi desenvolvida para uma grande variedade de aplica\u00e7\u00f5es, no banheiro para higiene pessoal (na substitui\u00e7\u00e3o do bid\u00ea) ou no uso em Sal\u00f5es de Beleza e Pet Shops.<br \/>\nDevido a sua versatilidade e pequenas dimens\u00f5es, pode ser instalada diretamente no ponto de uso ou onde se necessitar \u00e1gua quente, evitando o desperd\u00edcio de \u00e1gua.<\/p>\n<p>Ducha Higi\u00eanica Cardal , indicada para Pet Shops e Cabelereiros. Confira j\u00e1! N\u00e3o perca tempo. Tirem suas d\u00favidas, estamos \u00e1 disposi\u00e7\u00e3o.<\/p>\n<p>F\u00e1cil instala\u00e7\u00e3o. Sem complica\u00e7\u00f5es, a Ducha Higi\u00eanica 4T \u00e9 diretamente instalada no ponto de uso, dispensando as extensas tubula\u00e7\u00f5es de \u00e1gua quente, comum nos sistemas de aquecimento central.<\/p>\n<p>Economia de energia el\u00e9trica. Fornece \u00e1gua quente instantaneamente a qualquer hora do dia ou da noite, consumindo energia el\u00e9trica somente quando se abre o registro de \u00e1gua. Com o registro de \u00e1gua fechado, n\u00e3o h\u00e1 consumo de energia.<\/p>\n<p>Economia de \u00e1gua. Ao contr\u00e1rio dos sistemas de aquecimento central (solar, a g\u00e1s ou boiler), que s\u00e3o instalados longe do ponto de uso, com a Ducha Higi\u00eanica 4T n\u00e3o h\u00e1 desperd\u00edcio de \u00e1gua. Em cada utiliza\u00e7\u00e3o, a \u00e1gua fria \u00e9 aquecida instantaneamente no ponto de uso e ainda permite o uso econ\u00f4mico atrav\u00e9s do controle do registro, fornecendo \u00e1gua quente com apenas 3 litros por minuto.<\/p>\n<p>Resist\u00eancia Climatizada para garantir maior durabilidade.<\/p>\n<p>Fabricada em pl\u00e1sticos de engenharia com fibra de vidro, elementos de fixa\u00e7\u00e3o refor\u00e7ados e com fino acabamento branco.<\/p>\n<p>Controle Multitemperaturas. Proporciona maior conforto para obter a temperatura desejada em qualquer \u00e9poca do ano, al\u00e9m da economia de energia el\u00e9trica e \u00e1gua.<\/p>\n<p>Itens inclusos:<br \/>\n1 Ducha Higi\u00eanica 4t Cardal 110v 4000w AQ-109\/1;<br \/>\n1 Manual de Instru\u00e7\u00f5es;<\/p>\n<p>ATEN\u00c7\u00c3O<br \/>\nEnviado com Nota Fiscal<\/p>\n<p>SOMOS ASSIST\u00caNCIA T\u00c9CNICA AUTORIZADA CARDAL.<\/p>","protected":false},"excerpt":{"rendered":"<p>A Ducha Higi\u00eanica 4T foi desenvolvida para uma grande variedade de aplica\u00e7\u00f5es, no banheiro para higiene pessoal (na substitui\u00e7\u00e3o do bid\u00ea) ou no uso em Sal\u00f5es de Beleza e Pet Shops. Devido a sua versatilidade e pequenas dimens\u00f5es, pode ser instalada diretamente no ponto de uso ou onde se necessitar \u00e1gua quente, evitando o desperd\u00edcio [&hellip;]<\/p>","protected":false},"featured_media":844,"comment_status":"open","ping_status":"closed","template":"","meta":[],"product_brand":[],"product_cat":[21],"product_tag":[],"class_list":{"0":"post-748","1":"product","2":"type-product","3":"status-publish","4":"has-post-thumbnail","6":"product_cat-aquecedor-eletrico","8":"first","9":"instock","10":"shipping-taxable","11":"purchasable","12":"product-type-simple"},"_links":{"self":[{"href":"https:\/\/www.acquavici.com.br\/en\/wp-json\/wp\/v2\/product\/748","targetHints":{"allow":["GET"]}}],"collection":[{"href":"https:\/\/www.acquavici.com.br\/en\/wp-json\/wp\/v2\/product"}],"about":[{"href":"https:\/\/www.acquavici.com.br\/en\/wp-json\/wp\/v2\/types\/product"}],"replies":[{"embeddable":true,"href":"https:\/\/www.acquavici.com.br\/en\/wp-json\/wp\/v2\/comments?post=748"}],"wp:featuredmedia":[{"embeddable":true,"href":"https:\/\/www.acquavici.com.br\/en\/wp-json\/wp\/v2\/media\/844"}],"wp:attachment":[{"href":"https:\/\/www.acquavici.com.br\/en\/wp-json\/wp\/v2\/media?parent=748"}],"wp:term":[{"taxonomy":"product_brand","embeddable":true,"href":"https:\/\/www.acquavici.com.br\/en\/wp-json\/wp\/v2\/product_brand?post=748"},{"taxonomy":"product_cat","embeddable":true,"href":"https:\/\/www.acquavici.com.br\/en\/wp-json\/wp\/v2\/product_cat?post=748"},{"taxonomy":"product_tag","embeddable":true,"href":"https:\/\/www.acquavici.com.br\/en\/wp-json\/wp\/v2\/product_tag?post=748"}],"curies":[{"name":"wp","href":"https:\/\/api.w.org\/{rel}","templated":true}]}}