{"id":75,"date":"2024-04-17T10:45:41","date_gmt":"2024-04-17T13:45:41","guid":{"rendered":"https:\/\/www.acquavici.com.br\/?post_type=product&#038;p=75"},"modified":"2024-06-27T10:52:26","modified_gmt":"2024-06-27T13:52:26","slug":"resistencia-para-duchas-florenza-e-potenza-cardal-7600w-220v-re072","status":"publish","type":"product","link":"https:\/\/www.acquavici.com.br\/en\/resistencia-para-duchas-florenza-e-potenza-cardal-7600w-220v-re072\/","title":{"rendered":"Resist\u00eancia para Duchas Florenza e Potenza Cardal 7800w 220v &#8211; Re072"},"content":{"rendered":"<p>Resist\u00eancia para Duchas Florenza e Potenza Cardal 7800w 220v &#8211; Re072<br \/>\nRef.: Re072 Fabricante: Cardal<br \/>\nEspecifica\u00e7\u00f5es T\u00e9cnicas:<br \/>\nPot\u00eancia: 7800w Tens\u00e3o: 220v Fia\u00e7\u00e3o M\u00ednima: 6 Mm\u00b2 Disjuntor: 40 a<br \/>\nServe Nos Modelos:<br \/>\nDucha Cl\u00e1ssica Ducha 5 Temperaturas Ducha Potenza Ducha Florenza<\/p>","protected":false},"excerpt":{"rendered":"<p>Resist\u00eancia para Duchas Florenza e Potenza Cardal 7600w 220v &#8211; Re072<br \/>\nRef.: Re072 Fabricante: Cardal<\/p>","protected":false},"featured_media":145,"comment_status":"open","ping_status":"closed","template":"","meta":[],"product_brand":[],"product_cat":[17],"product_tag":[],"class_list":{"0":"post-75","1":"product","2":"type-product","3":"status-publish","4":"has-post-thumbnail","6":"product_cat-pecas-em-geral","8":"first","9":"instock","10":"shipping-taxable","11":"purchasable","12":"product-type-simple"},"_links":{"self":[{"href":"https:\/\/www.acquavici.com.br\/en\/wp-json\/wp\/v2\/product\/75","targetHints":{"allow":["GET"]}}],"collection":[{"href":"https:\/\/www.acquavici.com.br\/en\/wp-json\/wp\/v2\/product"}],"about":[{"href":"https:\/\/www.acquavici.com.br\/en\/wp-json\/wp\/v2\/types\/product"}],"replies":[{"embeddable":true,"href":"https:\/\/www.acquavici.com.br\/en\/wp-json\/wp\/v2\/comments?post=75"}],"wp:featuredmedia":[{"embeddable":true,"href":"https:\/\/www.acquavici.com.br\/en\/wp-json\/wp\/v2\/media\/145"}],"wp:attachment":[{"href":"https:\/\/www.acquavici.com.br\/en\/wp-json\/wp\/v2\/media?parent=75"}],"wp:term":[{"taxonomy":"product_brand","embeddable":true,"href":"https:\/\/www.acquavici.com.br\/en\/wp-json\/wp\/v2\/product_brand?post=75"},{"taxonomy":"product_cat","embeddable":true,"href":"https:\/\/www.acquavici.com.br\/en\/wp-json\/wp\/v2\/product_cat?post=75"},{"taxonomy":"product_tag","embeddable":true,"href":"https:\/\/www.acquavici.com.br\/en\/wp-json\/wp\/v2\/product_tag?post=75"}],"curies":[{"name":"wp","href":"https:\/\/api.w.org\/{rel}","templated":true}]}}