{"id":750,"date":"2024-04-17T10:52:31","date_gmt":"2024-04-17T13:52:31","guid":{"rendered":"https:\/\/www.acquavici.com.br\/?post_type=product&#038;p=750"},"modified":"2025-07-31T16:21:04","modified_gmt":"2025-07-31T19:21:04","slug":"resistencia-cardal-p-duchas-e-aq-individual-4t-5t-6500w-220v-re-032-2","status":"publish","type":"product","link":"https:\/\/www.acquavici.com.br\/en\/resistencia-cardal-p-duchas-e-aq-individual-4t-5t-6500w-220v-re-032-2\/","title":{"rendered":"Resistencia Cardal P\/duchas E Aq Individual 4t\/5t 6500w 220v RE-032\/2"},"content":{"rendered":"<p>Especifica\u00e7\u00f5es:<br \/>\nResist\u00eancia encapsulada para Ducha 4T e 5T e Aquecedores 5T Cardal 6500W 220V, modelo antigo com involucro em baquelite.<\/p>\n<p>Fabricante: Cardal<br \/>\nModelo: RE032-2<\/p>\n<p>Itens inclusos:<br \/>\n1 Resistencia Cardal P\/duchas E Aquecedor Individual 4t\/5t 6500w 220v RE-032\/2<br \/>\n1 Guarni\u00e7\u00e3o da Tampa;<br \/>\n1 JG de vedadores, parafusos e isoladores da Resist\u00eancia;<\/p>\n<p>ATEN\u00c7\u00c3O<br \/>\nEnviado com Nota Fiscal<\/p>\n<p>SOMOS ASSIST\u00caNCIA T\u00c9CNICA AUTORIZADA CARDAL.<\/p>","protected":false},"excerpt":{"rendered":"<p>Especifica\u00e7\u00f5es: Resist\u00eancia encapsulada para Ducha 4T e 5T e Aquecedores 5T Cardal 6500W 220V, modelo antigo com involucro em baquelite. Fabricante: Cardal Modelo: RE032-2 Itens inclusos: 1 Resistencia Cardal P\/duchas E Aquecedor Individual 4t\/5t 6500w 220v RE-032\/2 1 Guarni\u00e7\u00e3o da Tampa; 1 JG de vedadores, parafusos e isoladores da Resist\u00eancia; ATEN\u00c7\u00c3O Enviado com Nota Fiscal [&hellip;]<\/p>","protected":false},"featured_media":849,"comment_status":"open","ping_status":"closed","template":"","meta":[],"product_brand":[],"product_cat":[21],"product_tag":[],"class_list":{"0":"post-750","1":"product","2":"type-product","3":"status-publish","4":"has-post-thumbnail","6":"product_cat-aquecedor-eletrico","8":"first","9":"instock","10":"shipping-taxable","11":"purchasable","12":"product-type-simple"},"_links":{"self":[{"href":"https:\/\/www.acquavici.com.br\/en\/wp-json\/wp\/v2\/product\/750","targetHints":{"allow":["GET"]}}],"collection":[{"href":"https:\/\/www.acquavici.com.br\/en\/wp-json\/wp\/v2\/product"}],"about":[{"href":"https:\/\/www.acquavici.com.br\/en\/wp-json\/wp\/v2\/types\/product"}],"replies":[{"embeddable":true,"href":"https:\/\/www.acquavici.com.br\/en\/wp-json\/wp\/v2\/comments?post=750"}],"wp:featuredmedia":[{"embeddable":true,"href":"https:\/\/www.acquavici.com.br\/en\/wp-json\/wp\/v2\/media\/849"}],"wp:attachment":[{"href":"https:\/\/www.acquavici.com.br\/en\/wp-json\/wp\/v2\/media?parent=750"}],"wp:term":[{"taxonomy":"product_brand","embeddable":true,"href":"https:\/\/www.acquavici.com.br\/en\/wp-json\/wp\/v2\/product_brand?post=750"},{"taxonomy":"product_cat","embeddable":true,"href":"https:\/\/www.acquavici.com.br\/en\/wp-json\/wp\/v2\/product_cat?post=750"},{"taxonomy":"product_tag","embeddable":true,"href":"https:\/\/www.acquavici.com.br\/en\/wp-json\/wp\/v2\/product_tag?post=750"}],"curies":[{"name":"wp","href":"https:\/\/api.w.org\/{rel}","templated":true}]}}