{"id":751,"date":"2024-04-17T10:52:31","date_gmt":"2024-04-17T13:52:31","guid":{"rendered":"https:\/\/www.acquavici.com.br\/?post_type=product&#038;p=751"},"modified":"2025-08-15T11:30:02","modified_gmt":"2025-08-15T14:30:02","slug":"resistencia-para-aquecedor-individual-cardal-110v-4-000w-re-126-1","status":"publish","type":"product","link":"https:\/\/www.acquavici.com.br\/en\/resistencia-para-aquecedor-individual-cardal-110v-4-000w-re-126-1\/","title":{"rendered":"Resistencia para Aquecedor Individual Cardal 110V 4.000W RE-126\/1"},"content":{"rendered":"<p>Resist\u00eancia para Aquecedor Individual Cardal 4.000W 127V<\/p>\n<p>Descri\u00e7\u00e3o e informa\u00e7\u00f5es t\u00e9cnicas:<br \/>\nMarca: Cardal<br \/>\nModelo: Resist\u00eancia para Aquecedor Individual (RE-126\/1)<br \/>\nPot\u00eancia: 4.000W<br \/>\nTens\u00e3o: 127V<br \/>\nFia\u00e7\u00e3o M\u00ednima: 4mm\u00b2<br \/>\nDisjuntor: 30 A<\/p>\n<p>Essa resist\u00eancia \u00e9 compat\u00edvel com:<br \/>\nAquecedor Individual Plus<br \/>\nAquecedor Individual 4T<br \/>\nAquecedor Individual Flex 8T<\/p>\n<p>Itens inclusos:<\/p>\n<p>1 Resist\u00eancia Para Aquecedor Individual Cardal 4.000W 127V RE-126\/1;<br \/>\n1 Manual de Instru\u00e7\u00f5es.<\/p>\n<p>ATEN\u00c7\u00c3O<br \/>\nEnviado com Nota Fiscal<\/p>\n<p>SOMOS ASSIST\u00caNCIA T\u00c9CNICA AUTORIZADA CARDAL.<\/p>","protected":false},"excerpt":{"rendered":"<p>Resist\u00eancia para Aquecedor Individual Cardal 4.000W 127V Descri\u00e7\u00e3o e informa\u00e7\u00f5es t\u00e9cnicas: Marca: Cardal Modelo: Resist\u00eancia para Aquecedor Individual (RE-126\/1) Pot\u00eancia: 4.000W Tens\u00e3o: 127V Fia\u00e7\u00e3o M\u00ednima: 4mm\u00b2 Disjuntor: 30 A Essa resist\u00eancia \u00e9 compat\u00edvel com: Aquecedor Individual Plus Aquecedor Individual 4T Aquecedor Individual Flex 8T Itens inclusos: 1 Resist\u00eancia Para Aquecedor Individual Cardal 4.000W 127V RE-126\/1; [&hellip;]<\/p>","protected":false},"featured_media":850,"comment_status":"open","ping_status":"closed","template":"","meta":[],"product_brand":[],"product_cat":[17],"product_tag":[],"class_list":{"0":"post-751","1":"product","2":"type-product","3":"status-publish","4":"has-post-thumbnail","6":"product_cat-pecas-em-geral","8":"first","9":"instock","10":"shipping-taxable","11":"purchasable","12":"product-type-simple"},"_links":{"self":[{"href":"https:\/\/www.acquavici.com.br\/en\/wp-json\/wp\/v2\/product\/751","targetHints":{"allow":["GET"]}}],"collection":[{"href":"https:\/\/www.acquavici.com.br\/en\/wp-json\/wp\/v2\/product"}],"about":[{"href":"https:\/\/www.acquavici.com.br\/en\/wp-json\/wp\/v2\/types\/product"}],"replies":[{"embeddable":true,"href":"https:\/\/www.acquavici.com.br\/en\/wp-json\/wp\/v2\/comments?post=751"}],"wp:featuredmedia":[{"embeddable":true,"href":"https:\/\/www.acquavici.com.br\/en\/wp-json\/wp\/v2\/media\/850"}],"wp:attachment":[{"href":"https:\/\/www.acquavici.com.br\/en\/wp-json\/wp\/v2\/media?parent=751"}],"wp:term":[{"taxonomy":"product_brand","embeddable":true,"href":"https:\/\/www.acquavici.com.br\/en\/wp-json\/wp\/v2\/product_brand?post=751"},{"taxonomy":"product_cat","embeddable":true,"href":"https:\/\/www.acquavici.com.br\/en\/wp-json\/wp\/v2\/product_cat?post=751"},{"taxonomy":"product_tag","embeddable":true,"href":"https:\/\/www.acquavici.com.br\/en\/wp-json\/wp\/v2\/product_tag?post=751"}],"curies":[{"name":"wp","href":"https:\/\/api.w.org\/{rel}","templated":true}]}}