{"id":788,"date":"2024-04-17T10:52:57","date_gmt":"2024-04-17T13:52:57","guid":{"rendered":"https:\/\/www.acquavici.com.br\/?post_type=product&#038;p=788"},"modified":"2025-08-13T10:31:12","modified_gmt":"2025-08-13T13:31:12","slug":"resistencia-para-aquecedor-cardal-9-000w-220v-re-132-2","status":"publish","type":"product","link":"https:\/\/www.acquavici.com.br\/en\/resistencia-para-aquecedor-cardal-9-000w-220v-re-132-2\/","title":{"rendered":"Resistencia para Aquecedor Cardal 9.000W 220V RE-132\/2"},"content":{"rendered":"<p>Resistencia para Aquecedor Cardal 9.000W 220V RE-132\/2<\/p>\n<p>Marca: Cardal<br \/>\nEnergia de Alimenta\u00e7\u00e3o: 220 Volts<br \/>\nPot\u00eancia nominal: 9000 Watts<br \/>\nFia\u00e7\u00e3o M\u00ednima: 10mm\u00b2<br \/>\nDisjuntor: 50 A<\/p>\n<p>Essa resist\u00eancia serve para:<br \/>\nAquecedor Central 4T<br \/>\nAquecedor Central Flex 8T<br \/>\nAquecedor Central Digital<\/p>\n<p>Itens inclusos:<br \/>\n1 Resistencia para Aquecedor Cardal 9.000W 220V RE-132\/2;<br \/>\n1 Manual de Instru\u00e7\u00f5es;<\/p>\n<p>ATEN\u00c7\u00c3O<br \/>\nEnviado com Nota Fiscal<\/p>\n<p>SOMOS ASSIST\u00caNCIA T\u00c9CNICA AUTORIZADA CARDAL.<\/p>","protected":false},"excerpt":{"rendered":"<p>Resistencia para Aquecedor Cardal 9.000W 220V RE-132\/2 Marca: Cardal Energia de Alimenta\u00e7\u00e3o: 220 Volts Pot\u00eancia nominal: 9000 Watts Fia\u00e7\u00e3o M\u00ednima: 10mm\u00b2 Disjuntor: 50 A Essa resist\u00eancia serve para: Aquecedor Central 4T Aquecedor Central Flex 8T Aquecedor Central Digital Itens inclusos: 1 Resistencia para Aquecedor Cardal 9.000W 220V RE-132\/2; 1 Manual de Instru\u00e7\u00f5es; ATEN\u00c7\u00c3O Enviado com [&hellip;]<\/p>","protected":false},"featured_media":852,"comment_status":"open","ping_status":"closed","template":"","meta":[],"product_brand":[],"product_cat":[21],"product_tag":[],"class_list":{"0":"post-788","1":"product","2":"type-product","3":"status-publish","4":"has-post-thumbnail","6":"product_cat-aquecedor-eletrico","8":"first","9":"instock","10":"shipping-taxable","11":"purchasable","12":"product-type-simple"},"_links":{"self":[{"href":"https:\/\/www.acquavici.com.br\/en\/wp-json\/wp\/v2\/product\/788","targetHints":{"allow":["GET"]}}],"collection":[{"href":"https:\/\/www.acquavici.com.br\/en\/wp-json\/wp\/v2\/product"}],"about":[{"href":"https:\/\/www.acquavici.com.br\/en\/wp-json\/wp\/v2\/types\/product"}],"replies":[{"embeddable":true,"href":"https:\/\/www.acquavici.com.br\/en\/wp-json\/wp\/v2\/comments?post=788"}],"wp:featuredmedia":[{"embeddable":true,"href":"https:\/\/www.acquavici.com.br\/en\/wp-json\/wp\/v2\/media\/852"}],"wp:attachment":[{"href":"https:\/\/www.acquavici.com.br\/en\/wp-json\/wp\/v2\/media?parent=788"}],"wp:term":[{"taxonomy":"product_brand","embeddable":true,"href":"https:\/\/www.acquavici.com.br\/en\/wp-json\/wp\/v2\/product_brand?post=788"},{"taxonomy":"product_cat","embeddable":true,"href":"https:\/\/www.acquavici.com.br\/en\/wp-json\/wp\/v2\/product_cat?post=788"},{"taxonomy":"product_tag","embeddable":true,"href":"https:\/\/www.acquavici.com.br\/en\/wp-json\/wp\/v2\/product_tag?post=788"}],"curies":[{"name":"wp","href":"https:\/\/api.w.org\/{rel}","templated":true}]}}