{"id":792,"date":"2024-04-17T10:52:57","date_gmt":"2024-04-17T13:52:57","guid":{"rendered":"https:\/\/www.acquavici.com.br\/?post_type=product&#038;p=792"},"modified":"2025-07-21T11:37:01","modified_gmt":"2025-07-21T14:37:01","slug":"aquecedor-central-flex-digital-cardal-8-200w-220v-aq-257-2","status":"publish","type":"product","link":"https:\/\/www.acquavici.com.br\/en\/aquecedor-central-flex-digital-cardal-8-200w-220v-aq-257-2\/","title":{"rendered":"Aquecedor Central Flex Digital Cardal 8.200w 220v AQ-257\/2"},"content":{"rendered":"<p>Aquecedor Central Flex Digital Cardal 8.200w 220v Aq-257\/2<\/p>\n<p>A nova linha de Aquecedores Centrais foi desenvolvida para uma grande variedade de aplica\u00e7\u00f5es. Devido a sua versatilidade e pequenas dimens\u00f5es, pode ser instalado pr\u00f3ximo aos pontos de uso no banheiro (pia, lavat\u00f3rio, bid\u00ea, ducha, etc.) ou onde se necessitar \u00e1gua quente, evitando o desperd\u00edcio de \u00e1gua que ocorre com os outros sistemas de aquecimento central (a g\u00e1s, solar ou boiler). Al\u00e9m da significativa economia na instala\u00e7\u00e3o, se comparado a outros sistemas de aquecimento, o novo Aquecedor Central proporciona, tamb\u00e9m, o uso racional de \u00e1gua e energia el\u00e9trica, com economia superior a 50%.<br \/>\nAquecedor h\u00edbrido, funciona tamb\u00e9m em conjunto com outros aquecedores, por exemplo, o solar. Economiza mais \u00e1gua, pois, aquece a \u00e1gua fria da tubula\u00e7\u00e3o evitando desperd\u00edcios at\u00e9 chegada da \u00e1gua quente, proveniente do sistema solar, ap\u00f3s a chegada da \u00e1gua do solar ele desliga automaticamente a resist\u00eancia. Caso n\u00e3o tenha outros sistemas de aquecimento ele vai trabalhar normalmente s\u00f3 com eletricidade.<\/p>\n<p>Diferenciais:<br \/>\nO \u00danico que suporta 100 metros de coluna de \u00e1gua<br \/>\nInstala\u00e7\u00e3o pr\u00f3xima ao ponto de uso, evita o desperd\u00edcio de \u00e1gua<br \/>\nUma \u00fanica tubula\u00e7\u00e3o, economia na instala\u00e7\u00e3o<br \/>\nEconomia de energia el\u00e9trica<br \/>\nEconomia de \u00e1gua<br \/>\nControle eletr\u00f4nico de temperatura<br \/>\nVersatilidade e tranquilidade<br \/>\nMaior durabilidade<br \/>\nMaior seguran\u00e7a devido \u00e0 compatibilidade com Dispositivo DR<br \/>\nCompat\u00edvel no uso com sistemas de aquecimento solar<\/p>\n<p>Descri\u00e7\u00e3o:<br \/>\nMarca: Cardal<br \/>\nModelo: Aquecedor Central Flex Digital<br \/>\nC\u00f3digo: AQ-257\/2<\/p>\n<p>Caracter\u00edsticas:<br \/>\nPot\u00eancia: 8.200 W<br \/>\nTens\u00e3o: 220 V<br \/>\nCor: Branco<br \/>\nTipo de aquecedor: Digital com temperatura estabilizada<br \/>\nIntervalo de temperaturas: Entre 25\u00baC e 48\u00baC<br \/>\nTipo de resist\u00eancia: Climatizada<\/p>\n<p>Informa\u00e7\u00f5es t\u00e9cnicas:<br \/>\nFia\u00e7\u00e3o M\u00ednima: 10 mm\u00b2<br \/>\nDisjuntor: 50 A<br \/>\nPress\u00e3o m\u00ednima: 20 kPa (2 m.c.a.)<br \/>\nPress\u00e3o m\u00e1xima: 1000 kPa (100 m.c.a.)<\/p>\n<p>Itens inclusos:<br \/>\n01 Aquecedor;<br \/>\n02 Parafusos com buchas pl\u00e1sticas;<br \/>\n01 Dispositivo regulador de vaz\u00e3o;<br \/>\n01 Manual de Instru\u00e7\u00f5es;<br \/>\n01 Gabarito para fura\u00e7\u00e3o;<\/p>\n<p>ATEN\u00c7\u00c3O<br \/>\nEnviado com nota fiscal<\/p>\n<p>SOMOS ASSIST\u00caNCIA T\u00c9CNICA AUTORIZADA CARDAL.<\/p>","protected":false},"excerpt":{"rendered":"<p>Aquecedor Central Flex Digital Cardal 8.200w 220v Aq-257\/2 A nova linha de Aquecedores Centrais foi desenvolvida para uma grande variedade de aplica\u00e7\u00f5es. Devido a sua versatilidade e pequenas dimens\u00f5es, pode ser instalado pr\u00f3ximo aos pontos de uso no banheiro (pia, lavat\u00f3rio, bid\u00ea, ducha, etc.) ou onde se necessitar \u00e1gua quente, evitando o desperd\u00edcio de \u00e1gua [&hellip;]<\/p>","protected":false},"featured_media":858,"comment_status":"open","ping_status":"closed","template":"","meta":[],"product_brand":[],"product_cat":[21],"product_tag":[],"class_list":{"0":"post-792","1":"product","2":"type-product","3":"status-publish","4":"has-post-thumbnail","6":"product_cat-aquecedor-eletrico","8":"first","9":"instock","10":"shipping-taxable","11":"purchasable","12":"product-type-simple"},"_links":{"self":[{"href":"https:\/\/www.acquavici.com.br\/en\/wp-json\/wp\/v2\/product\/792","targetHints":{"allow":["GET"]}}],"collection":[{"href":"https:\/\/www.acquavici.com.br\/en\/wp-json\/wp\/v2\/product"}],"about":[{"href":"https:\/\/www.acquavici.com.br\/en\/wp-json\/wp\/v2\/types\/product"}],"replies":[{"embeddable":true,"href":"https:\/\/www.acquavici.com.br\/en\/wp-json\/wp\/v2\/comments?post=792"}],"wp:featuredmedia":[{"embeddable":true,"href":"https:\/\/www.acquavici.com.br\/en\/wp-json\/wp\/v2\/media\/858"}],"wp:attachment":[{"href":"https:\/\/www.acquavici.com.br\/en\/wp-json\/wp\/v2\/media?parent=792"}],"wp:term":[{"taxonomy":"product_brand","embeddable":true,"href":"https:\/\/www.acquavici.com.br\/en\/wp-json\/wp\/v2\/product_brand?post=792"},{"taxonomy":"product_cat","embeddable":true,"href":"https:\/\/www.acquavici.com.br\/en\/wp-json\/wp\/v2\/product_cat?post=792"},{"taxonomy":"product_tag","embeddable":true,"href":"https:\/\/www.acquavici.com.br\/en\/wp-json\/wp\/v2\/product_tag?post=792"}],"curies":[{"name":"wp","href":"https:\/\/api.w.org\/{rel}","templated":true}]}}