{"id":794,"date":"2024-04-17T10:52:57","date_gmt":"2024-04-17T13:52:57","guid":{"rendered":"https:\/\/www.acquavici.com.br\/?post_type=product&#038;p=794"},"modified":"2025-08-21T12:22:23","modified_gmt":"2025-08-21T15:22:23","slug":"aquecedor-individual-plus-cardal-5-000w-110v-aq248-1","status":"publish","type":"product","link":"https:\/\/www.acquavici.com.br\/en\/aquecedor-individual-plus-cardal-5-000w-110v-aq248-1\/","title":{"rendered":"Aquecedor Individual Plus Cardal 5.000w 110v AQ248\/1"},"content":{"rendered":"<p>Aquecedor Individual Plus Cardal 5.000w 110v AQ248\/1<\/p>\n<p>A nova linha de Aquecedores Individuais foi desenvolvida para uma grande variedade de aplica\u00e7\u00f5es. Devido a sua versatilidade e pequenas dimens\u00f5es, qualquer um dos modelos pode ser instalado diretamente no ponto de uso (pia, lavat\u00f3rio, bid\u00ea, etc.) ou onde se necessitar \u00e1gua quente, evitando o desperd\u00edcio de \u00e1gua.<\/p>\n<p>Sendo totalmente autom\u00e1tico, o novo Aquecedor Individual consome energia el\u00e9trica somente quando se abre o registro de \u00e1gua a ele conectado, aquecendo a \u00e1gua instantaneamente.<\/p>\n<p>Diferenciais:<br \/>\nO \u00danico que suporta 100 metros de coluna de \u00e1gua;<br \/>\nInstala\u00e7\u00e3o pr\u00f3xima ao ponto de uso, evita o desperd\u00edcio de \u00e1gua;<br \/>\nUma \u00fanica tubula\u00e7\u00e3o, economia na instala\u00e7\u00e3o;<br \/>\nEconomia de energia el\u00e9trica;<br \/>\nEconomia de \u00e1gua;<br \/>\nVersatilidade e tranquilidade;<br \/>\nMaior durabilidade;<br \/>\nMaior seguran\u00e7a devido \u00e0 compatibilidade com Dispositivo DR;<br \/>\nCompat\u00edvel no uso com sistemas de aquecimento solar.<\/p>\n<p>Descri\u00e7\u00e3o:<br \/>\nMarca: Cardal<br \/>\nModelo: Aquecedor Individual Plus (AQ248\/1)<br \/>\nPot\u00eancia: 5.000W<br \/>\nTens\u00e3o: 127V<br \/>\nCor: Branco<br \/>\nN\u00famero de temperaturas: N\u00e3o possui regulagem de temperatura<\/p>\n<p>Informa\u00e7\u00f5es t\u00e9cnicas:<br \/>\nFia\u00e7\u00e3o M\u00ednima: 4mm\u00b2<br \/>\nDisjuntor: 25 A<br \/>\nPress\u00e3o m\u00ednima de funcionamento: 20 kPa (2 m.c.a)<br \/>\nPress\u00e3o m\u00e1xima de funcionamento: 1000 kPa (100 m.c.a)<\/p>\n<p>Itens inclusos:<br \/>\n01 Aquecedor;<br \/>\n02 Parafusos com buchas pl\u00e1sticas;<br \/>\n01 Dispositivo regulador de vaz\u00e3o;<br \/>\n01 Manual de Instru\u00e7\u00f5es;<br \/>\n01 Gabarito para fura\u00e7\u00e3o;<\/p>\n<p>ATEN\u00c7\u00c3O<br \/>\nEnviado com Nota Fiscal.<\/p>\n<p>SOMOS ASSIST\u00caNCIA T\u00c9CNICA AUTORIZADA CARDAL.<\/p>","protected":false},"excerpt":{"rendered":"<p>Aquecedor Individual Plus Cardal 5.000w 110v AQ248\/1 A nova linha de Aquecedores Individuais foi desenvolvida para uma grande variedade de aplica\u00e7\u00f5es. Devido a sua versatilidade e pequenas dimens\u00f5es, qualquer um dos modelos pode ser instalado diretamente no ponto de uso (pia, lavat\u00f3rio, bid\u00ea, etc.) ou onde se necessitar \u00e1gua quente, evitando o desperd\u00edcio de \u00e1gua. [&hellip;]<\/p>","protected":false},"featured_media":866,"comment_status":"open","ping_status":"closed","template":"","meta":[],"product_brand":[],"product_cat":[21],"product_tag":[],"class_list":{"0":"post-794","1":"product","2":"type-product","3":"status-publish","4":"has-post-thumbnail","6":"product_cat-aquecedor-eletrico","8":"first","9":"instock","10":"shipping-taxable","11":"purchasable","12":"product-type-simple"},"_links":{"self":[{"href":"https:\/\/www.acquavici.com.br\/en\/wp-json\/wp\/v2\/product\/794","targetHints":{"allow":["GET"]}}],"collection":[{"href":"https:\/\/www.acquavici.com.br\/en\/wp-json\/wp\/v2\/product"}],"about":[{"href":"https:\/\/www.acquavici.com.br\/en\/wp-json\/wp\/v2\/types\/product"}],"replies":[{"embeddable":true,"href":"https:\/\/www.acquavici.com.br\/en\/wp-json\/wp\/v2\/comments?post=794"}],"wp:featuredmedia":[{"embeddable":true,"href":"https:\/\/www.acquavici.com.br\/en\/wp-json\/wp\/v2\/media\/866"}],"wp:attachment":[{"href":"https:\/\/www.acquavici.com.br\/en\/wp-json\/wp\/v2\/media?parent=794"}],"wp:term":[{"taxonomy":"product_brand","embeddable":true,"href":"https:\/\/www.acquavici.com.br\/en\/wp-json\/wp\/v2\/product_brand?post=794"},{"taxonomy":"product_cat","embeddable":true,"href":"https:\/\/www.acquavici.com.br\/en\/wp-json\/wp\/v2\/product_cat?post=794"},{"taxonomy":"product_tag","embeddable":true,"href":"https:\/\/www.acquavici.com.br\/en\/wp-json\/wp\/v2\/product_tag?post=794"}],"curies":[{"name":"wp","href":"https:\/\/api.w.org\/{rel}","templated":true}]}}