{"id":81,"date":"2024-04-17T10:45:41","date_gmt":"2024-04-17T13:45:41","guid":{"rendered":"https:\/\/www.acquavici.com.br\/?post_type=product&#038;p=81"},"modified":"2024-04-17T10:47:05","modified_gmt":"2024-04-17T13:47:05","slug":"bomba-d-agua-05hp-periferica-ferrari-acquapump-1-2cv-bivolt","status":"publish","type":"product","link":"https:\/\/www.acquavici.com.br\/en\/bomba-d-agua-05hp-periferica-ferrari-acquapump-1-2cv-bivolt\/","title":{"rendered":"Bomba D agua 0,5HP perif\u00e9rica ferrari acquapump 1\/2cv bivolt"},"content":{"rendered":"<p>Vendemos e instalamos;<br \/>\nConsulte nos 11 95824-8850<\/p>\n<p>Bomba D agua 0,5HP periferica ferrari acquapump<\/p>\n<p>Bomba D&#8217;\u00c1gua Perif\u00e9rica Acquapump 1\/2 cv<\/p>\n<p>Caracter\u00edsticas da Ferramenta<\/p>\n<p>Ideal para po\u00e7os, reservat\u00f3rios, rios e cisternas, no abastecimento de resid\u00eancias, Ind\u00fastrias e no campo.<\/p>\n<p>Benef\u00edcios:<\/p>\n<p>Motor (Em Alum\u00ednio) &#8211; Ip-44<br \/>\nMaior prote\u00e7\u00e3o ao equipamento e ao usu\u00e1rio.<br \/>\nBaixo n\u00edvel de ru\u00eddo<br \/>\nMaior comodidade.<br \/>\nCarca\u00e7a da bomba<br \/>\nEm ferro fundido, maior resist\u00eancia!<br \/>\nRotor em bronze<br \/>\nMaior resist\u00eancia mec\u00e2nica e elevada resist\u00eancia contra corros\u00e3o.<\/p>\n<p>Imagem Meramente Ilustrativa<\/p>\n<p>Dados T\u00e9cnicos bomba<br \/>\nVaz\u00e3o(Q): 1800 litros \/ hora<br \/>\nAltura manom\u00e9trica (m\u00e1x. ) Hm: 22 mca<br \/>\nPot\u00eancia: 375 Watts (1\/2 cv)<br \/>\nAltura de suc\u00e7\u00e3o (m\u00e1x. ) &#8211; Hs: 8 mca<br \/>\nEntrada\/Sa\u00edda (pol. ): 1<br \/>\nDimens\u00f5es da Embalagem: 280x 140x 175 mm<br \/>\nPeso: 4.0\/4.2 kg<br \/>\nAltura manom\u00e9trica (m\u00e1x) Hm: 22 mca<\/p>","protected":false},"excerpt":{"rendered":"<p>Ideal para po\u00e7os, reservat\u00f3rios, rios e cisternas, no abastecimento de resid\u00eancias, Ind\u00fastrias e no campo.<\/p>","protected":false},"featured_media":174,"comment_status":"open","ping_status":"closed","template":"","meta":[],"product_brand":[],"product_cat":[23],"product_tag":[],"class_list":{"0":"post-81","1":"product","2":"type-product","3":"status-publish","4":"has-post-thumbnail","6":"product_cat-bombas","8":"first","9":"instock","10":"shipping-taxable","11":"purchasable","12":"product-type-simple"},"_links":{"self":[{"href":"https:\/\/www.acquavici.com.br\/en\/wp-json\/wp\/v2\/product\/81","targetHints":{"allow":["GET"]}}],"collection":[{"href":"https:\/\/www.acquavici.com.br\/en\/wp-json\/wp\/v2\/product"}],"about":[{"href":"https:\/\/www.acquavici.com.br\/en\/wp-json\/wp\/v2\/types\/product"}],"replies":[{"embeddable":true,"href":"https:\/\/www.acquavici.com.br\/en\/wp-json\/wp\/v2\/comments?post=81"}],"wp:featuredmedia":[{"embeddable":true,"href":"https:\/\/www.acquavici.com.br\/en\/wp-json\/wp\/v2\/media\/174"}],"wp:attachment":[{"href":"https:\/\/www.acquavici.com.br\/en\/wp-json\/wp\/v2\/media?parent=81"}],"wp:term":[{"taxonomy":"product_brand","embeddable":true,"href":"https:\/\/www.acquavici.com.br\/en\/wp-json\/wp\/v2\/product_brand?post=81"},{"taxonomy":"product_cat","embeddable":true,"href":"https:\/\/www.acquavici.com.br\/en\/wp-json\/wp\/v2\/product_cat?post=81"},{"taxonomy":"product_tag","embeddable":true,"href":"https:\/\/www.acquavici.com.br\/en\/wp-json\/wp\/v2\/product_tag?post=81"}],"curies":[{"name":"wp","href":"https:\/\/api.w.org\/{rel}","templated":true}]}}