{"id":83,"date":"2024-04-17T10:45:42","date_gmt":"2024-04-17T13:45:42","guid":{"rendered":"https:\/\/www.acquavici.com.br\/?post_type=product&#038;p=83"},"modified":"2024-04-17T10:47:10","modified_gmt":"2024-04-17T13:47:10","slug":"bomba-centrifuga-cp-4-1-4-cv-dancor-bivolt","status":"publish","type":"product","link":"https:\/\/www.acquavici.com.br\/en\/bomba-centrifuga-cp-4-1-4-cv-dancor-bivolt\/","title":{"rendered":"Bomba Centr\u00edfuga Cp-4 &#8211; 1\/4 Cv &#8211; Dancor Bivolt"},"content":{"rendered":"<p>Bomba De \u00c1gua Centr\u00edfuga 1\/4cv Dancor Cp-4c Bivolt<\/p>\n<p>Descri\u00e7\u00e3o do produto: Bomba centr\u00edfuga de aplica\u00e7\u00e3o m\u00faltipla em Termopl\u00e1stico de Engenharia para puxar \u00e1gua de cisterna ou reservat\u00f3rio at\u00e9 6 metros de profundidade.<br \/>\nIndicado para instala\u00e7\u00e3o com tubos sold\u00e1veis (col\u00e1veis) na entrada e na sa\u00edda.<\/p>\n<p>As Bombas Centr\u00edfugas Dancor Linha Pratika Cp-4C s\u00e3o produzidas em Termopl\u00e1stico de Engenharia de alto desempenho. N\u00e3o enferrujam e s\u00e3o resistentes \u00e0 maresia. Todos os termopl\u00e1sticos refor\u00e7ados com fibra de vidro n\u00e3o contaminam o l\u00edquido bombeado e resistem a determinados produtos qu\u00edmicos. Silenciosa, suporta temperaturas at\u00e9 80\u00b0C. Rotor do tipo fechado &#8211; injetado em termopl\u00e1stico de engenharia, Noryl, refor\u00e7ado com fibra de vidro, cujas caracter\u00edsticas asseguram excelente desempenho. Constru\u00e7\u00e3o interna com maior passagem e bico hidrodin\u00e2mico para proporcionar maior fluxo do L\u00edquido e melhor distribui\u00e7\u00e3o, com menor atrito (perda de carga). Veda\u00e7\u00e3o do Eixo &#8211; por selo mec\u00e2nico, constru\u00eddo com borracha nitr\u00edlica, mola de a\u00e7o inoxid\u00e1vel, faces de veda\u00e7\u00e3o em grafite e cer\u00e2mica. O motor el\u00e9trico, com baixo \u00edndice de ru\u00eddo, \u00e9 equipado com protetor t\u00e9rmico e capacitores permanentes, oferecendo maior resist\u00eancia e melhor efici\u00eancia. Motor el\u00e9trico 2 polos &#8211; 3.500 rpm &#8211; 60 Hz com pot\u00eancia de 1\/4CV monof\u00e1sico Bivolt -127V\/220V com Grau de Prote\u00e7\u00e3o Ip-21 e Isolamento Classe b. Amt Max.: 18 mca (Amt = Altura Nanom\u00e9trica de Suc\u00e7\u00e3o + Altura Nanom\u00e9trica de Eleva\u00e7\u00e3o). Vaz\u00e3o m\u00e1xima: 7.600 litros\/hora. Tubula\u00e7\u00e3o suc\u00e7\u00e3o: interno 25mm e externo 32mm. Tubula\u00e7\u00e3o eleva\u00e7\u00e3o (recalque): interno 25mm e externo 32mm. Limite de suc\u00e7\u00e3o ao n\u00edvel do mar: inicial de 6 metros de profundidade, atingindo ap\u00f3s o in\u00edcio de funcionamento o m\u00e1ximo de 8 metros. especifica\u00e7\u00f5es T\u00c9CNICASP\/Tubos sold\u00e1veis Interno 25MM E Externo 32MM, Succiona 8M,1\/ 4CV, VAZ\u00c3O De 7,6M3\/H Em 6MCA, Altura m\u00e1xima 16MCA c\/ vaz\u00e3o 1,3 M3\/H, Em termopl\u00e1stico.<\/p>\n<p>Acompanha Manual de Utiliza\u00e7\u00e3o e Instala\u00e7\u00e3o.<\/p>\n<p>Garantia do Fabricante: 18 meses.<\/p>\n<p>Aviso &#8211; Imagem Meramente Ilustrativa.<\/p>","protected":false},"excerpt":{"rendered":"<p>Bomba centr\u00edfuga de aplica\u00e7\u00e3o m\u00faltipla em Termopl\u00e1stico de Engenharia para puxar \u00e1gua de cisterna ou reservat\u00f3rio at\u00e9 6 metros de profundidade.<\/p>","protected":false},"featured_media":181,"comment_status":"open","ping_status":"closed","template":"","meta":[],"product_brand":[],"product_cat":[23],"product_tag":[],"class_list":{"0":"post-83","1":"product","2":"type-product","3":"status-publish","4":"has-post-thumbnail","6":"product_cat-bombas","8":"first","9":"instock","10":"shipping-taxable","11":"purchasable","12":"product-type-simple"},"_links":{"self":[{"href":"https:\/\/www.acquavici.com.br\/en\/wp-json\/wp\/v2\/product\/83","targetHints":{"allow":["GET"]}}],"collection":[{"href":"https:\/\/www.acquavici.com.br\/en\/wp-json\/wp\/v2\/product"}],"about":[{"href":"https:\/\/www.acquavici.com.br\/en\/wp-json\/wp\/v2\/types\/product"}],"replies":[{"embeddable":true,"href":"https:\/\/www.acquavici.com.br\/en\/wp-json\/wp\/v2\/comments?post=83"}],"wp:featuredmedia":[{"embeddable":true,"href":"https:\/\/www.acquavici.com.br\/en\/wp-json\/wp\/v2\/media\/181"}],"wp:attachment":[{"href":"https:\/\/www.acquavici.com.br\/en\/wp-json\/wp\/v2\/media?parent=83"}],"wp:term":[{"taxonomy":"product_brand","embeddable":true,"href":"https:\/\/www.acquavici.com.br\/en\/wp-json\/wp\/v2\/product_brand?post=83"},{"taxonomy":"product_cat","embeddable":true,"href":"https:\/\/www.acquavici.com.br\/en\/wp-json\/wp\/v2\/product_cat?post=83"},{"taxonomy":"product_tag","embeddable":true,"href":"https:\/\/www.acquavici.com.br\/en\/wp-json\/wp\/v2\/product_tag?post=83"}],"curies":[{"name":"wp","href":"https:\/\/api.w.org\/{rel}","templated":true}]}}